{"id":70272,"date":"2024-03-22T19:26:04","date_gmt":"2024-03-22T18:26:04","guid":{"rendered":"https:\/\/abinox-chr-clim.com\/index.php\/product\/pied-de-table-en-fonte-bolero\/"},"modified":"2026-04-02T08:47:26","modified_gmt":"2026-04-02T06:47:26","slug":"pied-de-table-en-fonte-bolero","status":"publish","type":"product","link":"https:\/\/abinox-chr-clim.com\/index.php\/product\/pied-de-table-en-fonte-bolero\/","title":{"rendered":"Pied de table en fonte Bolero"},"content":{"rendered":"<p>Pied en fonte \u00e0 assortir avec nos gammes de plateaux de table pour cr\u00e9er votre propre style. Livr\u00e9 en kit &#8211; assemblage facile.<br \/>Convient aux tables jusqu&rsquo;\u00e0 800 mm de diam\u00e8tre pour permettre des repas spacieux. Le poids net de 8,5 kg assure la s\u00e9curit\u00e9 et la stabilit\u00e9 de vos tables pendant leur utilisation. La conception durable permet une utilisation \u00e0 l&rsquo;int\u00e9rieur et \u00e0 l&rsquo;ext\u00e9rieur. R\u00e9f\u00e9rence soumise \u00e0 une Eco-participation mobilier de 0.44\u20ac par unit\u00e9 vendue. Les pieds r\u00e9glables permettent de maintenir vos tables en toute s\u00e9curit\u00e9. Tube: 76(\u00d8)x 1.5mm. Base du pied 395x 395mm.Finition \u00e9l\u00e9gante et attrayante pour embellir vos salles \u00e0 manger. R\u00e9f\u00e9rence soumise \u00e0 une Eco-participation mobilier de 1,11\u20ac par unit\u00e9 vendue. Convient aux tables jusqu&rsquo;\u00e0 800 mm de diam\u00e8tre pour permettre des repas spacieux.<\/p>\n<p>Caract\u00e9ristiques :<br \/> Dimensions : 720(h)x 395(w)x 395(d)mm.<br \/> Mati\u00e8re : Fonte.<br \/> Couleur : Noir.<\/p>\n","protected":false},"excerpt":{"rendered":"<p>Pied de table en fonte Bolero<\/p>\n","protected":false},"featured_media":101249,"comment_status":"closed","ping_status":"closed","template":"","meta":[],"product_brand":[],"product_cat":[1202,1201,1297,1206],"product_tag":[],"class_list":{"0":"post-70272","1":"product","2":"type-product","3":"status-publish","4":"has-post-thumbnail","6":"product_cat-exterieur","7":"product_cat-mobilier","8":"product_cat-non-palettisable","9":"product_cat-plateaux-et-pieds-de-table","10":"product_shipping_class-free-shipping","12":"first","13":"instock","14":"featured","15":"taxable","16":"shipping-taxable","17":"purchasable","18":"product-type-simple"},"_links":{"self":[{"href":"https:\/\/abinox-chr-clim.com\/index.php\/wp-json\/wp\/v2\/product\/70272","targetHints":{"allow":["GET"]}}],"collection":[{"href":"https:\/\/abinox-chr-clim.com\/index.php\/wp-json\/wp\/v2\/product"}],"about":[{"href":"https:\/\/abinox-chr-clim.com\/index.php\/wp-json\/wp\/v2\/types\/product"}],"replies":[{"embeddable":true,"href":"https:\/\/abinox-chr-clim.com\/index.php\/wp-json\/wp\/v2\/comments?post=70272"}],"wp:featuredmedia":[{"embeddable":true,"href":"https:\/\/abinox-chr-clim.com\/index.php\/wp-json\/wp\/v2\/media\/101249"}],"wp:attachment":[{"href":"https:\/\/abinox-chr-clim.com\/index.php\/wp-json\/wp\/v2\/media?parent=70272"}],"wp:term":[{"taxonomy":"product_brand","embeddable":true,"href":"https:\/\/abinox-chr-clim.com\/index.php\/wp-json\/wp\/v2\/product_brand?post=70272"},{"taxonomy":"product_cat","embeddable":true,"href":"https:\/\/abinox-chr-clim.com\/index.php\/wp-json\/wp\/v2\/product_cat?post=70272"},{"taxonomy":"product_tag","embeddable":true,"href":"https:\/\/abinox-chr-clim.com\/index.php\/wp-json\/wp\/v2\/product_tag?post=70272"}],"curies":[{"name":"wp","href":"https:\/\/api.w.org\/{rel}","templated":true}]}}