{"id":70269,"date":"2024-03-22T19:26:03","date_gmt":"2024-03-22T18:26:03","guid":{"rendered":"https:\/\/abinox-chr-clim.com\/index.php\/product\/plateau-de-table-rond-topalit-smartline-70cm-cyprus-metal\/"},"modified":"2025-06-30T10:56:16","modified_gmt":"2025-06-30T08:56:16","slug":"plateau-de-table-rond-topalit-smartline-70cm-cyprus-metal","status":"publish","type":"product","link":"https:\/\/abinox-chr-clim.com\/index.php\/product\/plateau-de-table-rond-topalit-smartline-70cm-cyprus-metal\/","title":{"rendered":"Plateau de table rond Topalit Smartline 70cm cyprus metal"},"content":{"rendered":"<p>Utilisation ext\u00e9rieure uniquement. Robuste et r\u00e9sistant aux rayures. R\u00e9sistant aux intemp\u00e9ries et aux UV. R\u00e9f\u00e9rence soumise \u00e0 une Eco-participation mobilier de 0.7\u20ac par unit\u00e9 vendue. R\u00e9sistant \u00e0 la chaleur (bri\u00e8vement jusqu&rsquo;\u00e0 180\u00b0C &#8211; 90 \u00b0C de fa\u00e7on permanente). Surface sans joint. Hygi\u00e9nique et facile \u00e0 nettoyer. Large choix. Couleurs claires \u00e9galement disponibles pour une plus grande r\u00e9sistance au soleil direct. Design mince, moderne. R\u00e9sistant aux br\u00fblures. Epaisseur au bord 19mm \/ milieu 16,5mm. Utilisation ext\u00e9rieure uniquement.<\/p>\n<p>Caract\u00e9ristiques :<br \/> Dimensions : 19(H) mm.<br \/> Mati\u00e8re : Bois.<br \/> Couleur : Argent.<\/p>\n","protected":false},"excerpt":{"rendered":"<p>Plateau de table rond Topalit Smartline 70cm cyprus metal<\/p>\n","protected":false},"featured_media":103193,"comment_status":"closed","ping_status":"closed","template":"","meta":[],"product_brand":[],"product_cat":[1202,1201,1297,1206],"product_tag":[],"class_list":{"0":"post-70269","1":"product","2":"type-product","3":"status-publish","4":"has-post-thumbnail","6":"product_cat-exterieur","7":"product_cat-mobilier","8":"product_cat-non-palettisable","9":"product_cat-plateaux-et-pieds-de-table","10":"product_shipping_class-free-shipping","12":"first","13":"outofstock","14":"featured","15":"taxable","16":"shipping-taxable","17":"purchasable","18":"product-type-simple"},"_links":{"self":[{"href":"https:\/\/abinox-chr-clim.com\/index.php\/wp-json\/wp\/v2\/product\/70269","targetHints":{"allow":["GET"]}}],"collection":[{"href":"https:\/\/abinox-chr-clim.com\/index.php\/wp-json\/wp\/v2\/product"}],"about":[{"href":"https:\/\/abinox-chr-clim.com\/index.php\/wp-json\/wp\/v2\/types\/product"}],"replies":[{"embeddable":true,"href":"https:\/\/abinox-chr-clim.com\/index.php\/wp-json\/wp\/v2\/comments?post=70269"}],"wp:featuredmedia":[{"embeddable":true,"href":"https:\/\/abinox-chr-clim.com\/index.php\/wp-json\/wp\/v2\/media\/103193"}],"wp:attachment":[{"href":"https:\/\/abinox-chr-clim.com\/index.php\/wp-json\/wp\/v2\/media?parent=70269"}],"wp:term":[{"taxonomy":"product_brand","embeddable":true,"href":"https:\/\/abinox-chr-clim.com\/index.php\/wp-json\/wp\/v2\/product_brand?post=70269"},{"taxonomy":"product_cat","embeddable":true,"href":"https:\/\/abinox-chr-clim.com\/index.php\/wp-json\/wp\/v2\/product_cat?post=70269"},{"taxonomy":"product_tag","embeddable":true,"href":"https:\/\/abinox-chr-clim.com\/index.php\/wp-json\/wp\/v2\/product_tag?post=70269"}],"curies":[{"name":"wp","href":"https:\/\/api.w.org\/{rel}","templated":true}]}}