{"id":70268,"date":"2024-03-22T19:26:03","date_gmt":"2024-03-22T18:26:03","guid":{"rendered":"https:\/\/abinox-chr-clim.com\/index.php\/product\/plateau-de-table-rectangulaire-topalit-smartline-120x80cm-wenge\/"},"modified":"2026-04-02T09:31:09","modified_gmt":"2026-04-02T07:31:09","slug":"plateau-de-table-rectangulaire-topalit-smartline-120x80cm-wenge","status":"publish","type":"product","link":"https:\/\/abinox-chr-clim.com\/index.php\/product\/plateau-de-table-rectangulaire-topalit-smartline-120x80cm-wenge\/","title":{"rendered":"Plateau de table rectangulaire Topalit Smartline 120x80cm weng\u00e9"},"content":{"rendered":"<p>Un style moderne et \u00e9l\u00e9gant avec un large choix de mod\u00e8les et de tailles. Les plateaux de table conservent leur aspect neuf sur la dur\u00e9e et sont r\u00e9sistants aux intemp\u00e9ries, aux UV, \u00e0 la chaleur et \u00e0 la corrosion. Visserie incluse. S&rsquo;adaptent parfaitement avec les pieds de table Bolero.NB : les plateaux fins TOPALIT, mod\u00e8les Smartline, sont livr\u00e9s bomb\u00e9s, la surface n&rsquo;est pas plane pour permettre l&rsquo;\u00e9coulement de l&rsquo;eau de pluie car ces plateaux sont con\u00e7us pour une utilisation  ext\u00e9rieure. L&rsquo;effet bomb\u00e9 partira \u00e0 l&rsquo;usage apr\u00e8s une exposition au soleil et aux changements de temp\u00e9ratures.<br \/>Utilisation ext\u00e9rieure uniquement. Robuste et r\u00e9sistant aux rayures. R\u00e9sistant aux intemp\u00e9ries et aux UV. R\u00e9sistant aux br\u00fblures. R\u00e9sistant \u00e0 la chaleur (bri\u00e8vement jusqu&rsquo;\u00e0 180\u00b0C &#8211; 90 \u00b0C de fa\u00e7on permanente). Surface sans joint. Hygi\u00e9nique et facile \u00e0 nettoyer. Large choix. Couleurs claires \u00e9galement disponibles pour une plus grande r\u00e9sistance au soleil direct. Design mince, moderne. Epaisseur au bord 19mm \/ milieu 16,5mm. Utilisation ext\u00e9rieure uniquement.<\/p>\n<p>Caract\u00e9ristiques :<br \/> Dimensions : 19(H) x 1200(L) x 800(P) mm.<br \/> Mati\u00e8re : Bois.<br \/> Couleur : Wenge.<\/p>\n","protected":false},"excerpt":{"rendered":"<p>Plateau de table rectangulaire Topalit Smartline 120x80cm weng\u00e9<\/p>\n","protected":false},"featured_media":103191,"comment_status":"closed","ping_status":"closed","template":"","meta":[],"product_brand":[],"product_cat":[1202,1201,1297,1206],"product_tag":[],"class_list":{"0":"post-70268","1":"product","2":"type-product","3":"status-publish","4":"has-post-thumbnail","6":"product_cat-exterieur","7":"product_cat-mobilier","8":"product_cat-non-palettisable","9":"product_cat-plateaux-et-pieds-de-table","10":"product_shipping_class-free-shipping","12":"first","13":"instock","14":"featured","15":"taxable","16":"shipping-taxable","17":"purchasable","18":"product-type-simple"},"_links":{"self":[{"href":"https:\/\/abinox-chr-clim.com\/index.php\/wp-json\/wp\/v2\/product\/70268","targetHints":{"allow":["GET"]}}],"collection":[{"href":"https:\/\/abinox-chr-clim.com\/index.php\/wp-json\/wp\/v2\/product"}],"about":[{"href":"https:\/\/abinox-chr-clim.com\/index.php\/wp-json\/wp\/v2\/types\/product"}],"replies":[{"embeddable":true,"href":"https:\/\/abinox-chr-clim.com\/index.php\/wp-json\/wp\/v2\/comments?post=70268"}],"wp:featuredmedia":[{"embeddable":true,"href":"https:\/\/abinox-chr-clim.com\/index.php\/wp-json\/wp\/v2\/media\/103191"}],"wp:attachment":[{"href":"https:\/\/abinox-chr-clim.com\/index.php\/wp-json\/wp\/v2\/media?parent=70268"}],"wp:term":[{"taxonomy":"product_brand","embeddable":true,"href":"https:\/\/abinox-chr-clim.com\/index.php\/wp-json\/wp\/v2\/product_brand?post=70268"},{"taxonomy":"product_cat","embeddable":true,"href":"https:\/\/abinox-chr-clim.com\/index.php\/wp-json\/wp\/v2\/product_cat?post=70268"},{"taxonomy":"product_tag","embeddable":true,"href":"https:\/\/abinox-chr-clim.com\/index.php\/wp-json\/wp\/v2\/product_tag?post=70268"}],"curies":[{"name":"wp","href":"https:\/\/api.w.org\/{rel}","templated":true}]}}