{"id":70263,"date":"2024-03-22T19:26:01","date_gmt":"2024-03-22T18:26:01","guid":{"rendered":"https:\/\/abinox-chr-clim.com\/index.php\/product\/pied-de-table-en-fonte-bolero-rond\/"},"modified":"2026-04-02T08:40:01","modified_gmt":"2026-04-02T06:40:01","slug":"pied-de-table-en-fonte-bolero-rond","status":"publish","type":"product","link":"https:\/\/abinox-chr-clim.com\/index.php\/product\/pied-de-table-en-fonte-bolero-rond\/","title":{"rendered":"Pied de table en fonte Bolero rond"},"content":{"rendered":"<p>Cr\u00e9ez le d\u00e9cor de votre choix gr\u00e2ce \u00e0 notre gamme de plateaux de table Werzalit Plus ronds ou carr\u00e9s, disponibles en plusieurs finitions et mariez-les \u00e0 l&rsquo;un des pieds de notre collection. R\u00e9sistant aux effets des contraintes m\u00e9caniques, thermiques et chimiques, totalement imperm\u00e9ables et faciles \u00e0 nettoyer les plateaux Werzalit r\u00e9pondent \u00e0 toutes les normes d&rsquo;hygi\u00e8ne de l&rsquo;industrie de la restauration professionnelle. Tous les plateaux sont pr\u00e9-perc\u00e9s pour un assemblage facile avec les pieds.<br \/>Convient aux plateaux de table jusqu&rsquo;\u00e0 800 mm de diam\u00e8tre pour permettre des repas spacieux. Le poids net de 22 kg assure la s\u00e9curit\u00e9 et la stabilit\u00e9 de vos tables pendant l&rsquo;utilisation. Conception durable permettant une utilisation en int\u00e9rieur. R\u00e9f\u00e9rence soumise \u00e0 une Eco-participation mobilier de 0.87\u20ac par unit\u00e9 vendue. Finition \u00e9l\u00e9gante et attrayante pour embellir vos salles \u00e0 manger. Les pieds r\u00e9glables permettent de maintenir vos tables en toute s\u00e9curit\u00e9. Hauteur : 720mm. \/ Poids net 22kg. L&rsquo;auto-assemblage facile vous permet d&rsquo;avoir le pied pr\u00eat \u00e0 \u00eatre utilis\u00e9s en un rien de temps.R\u00e9f\u00e9rence soumise \u00e0 une Eco-participation mobilier de 1,37\u20ac par unit\u00e9 vendue. Convient aux plateaux de table jusqu&rsquo;\u00e0 800 mm de diam\u00e8tre pour permettre des repas spacieux.<\/p>\n<p>Caract\u00e9ristiques :<br \/> Dimensions : 720(h) x 550(L x 550(l))mm.<br \/> Mati\u00e8re : En fonte.<br \/> Couleur : Noir.<\/p>\n","protected":false},"excerpt":{"rendered":"<p>Pied de table en fonte Bolero rond<\/p>\n","protected":false},"featured_media":89395,"comment_status":"closed","ping_status":"closed","template":"","meta":[],"product_brand":[],"product_cat":[1202,1201,1297,1206],"product_tag":[],"class_list":{"0":"post-70263","1":"product","2":"type-product","3":"status-publish","4":"has-post-thumbnail","6":"product_cat-exterieur","7":"product_cat-mobilier","8":"product_cat-non-palettisable","9":"product_cat-plateaux-et-pieds-de-table","10":"product_shipping_class-free-shipping","12":"first","13":"instock","14":"featured","15":"taxable","16":"shipping-taxable","17":"purchasable","18":"product-type-simple"},"_links":{"self":[{"href":"https:\/\/abinox-chr-clim.com\/index.php\/wp-json\/wp\/v2\/product\/70263","targetHints":{"allow":["GET"]}}],"collection":[{"href":"https:\/\/abinox-chr-clim.com\/index.php\/wp-json\/wp\/v2\/product"}],"about":[{"href":"https:\/\/abinox-chr-clim.com\/index.php\/wp-json\/wp\/v2\/types\/product"}],"replies":[{"embeddable":true,"href":"https:\/\/abinox-chr-clim.com\/index.php\/wp-json\/wp\/v2\/comments?post=70263"}],"wp:featuredmedia":[{"embeddable":true,"href":"https:\/\/abinox-chr-clim.com\/index.php\/wp-json\/wp\/v2\/media\/89395"}],"wp:attachment":[{"href":"https:\/\/abinox-chr-clim.com\/index.php\/wp-json\/wp\/v2\/media?parent=70263"}],"wp:term":[{"taxonomy":"product_brand","embeddable":true,"href":"https:\/\/abinox-chr-clim.com\/index.php\/wp-json\/wp\/v2\/product_brand?post=70263"},{"taxonomy":"product_cat","embeddable":true,"href":"https:\/\/abinox-chr-clim.com\/index.php\/wp-json\/wp\/v2\/product_cat?post=70263"},{"taxonomy":"product_tag","embeddable":true,"href":"https:\/\/abinox-chr-clim.com\/index.php\/wp-json\/wp\/v2\/product_tag?post=70263"}],"curies":[{"name":"wp","href":"https:\/\/api.w.org\/{rel}","templated":true}]}}