{"id":70260,"date":"2024-03-22T19:26:00","date_gmt":"2024-03-22T18:26:00","guid":{"rendered":"https:\/\/abinox-chr-clim.com\/index.php\/product\/pied-de-table-decore-en-fonte-bolero\/"},"modified":"2026-04-02T08:33:40","modified_gmt":"2026-04-02T06:33:40","slug":"pied-de-table-decore-en-fonte-bolero","status":"publish","type":"product","link":"https:\/\/abinox-chr-clim.com\/index.php\/product\/pied-de-table-decore-en-fonte-bolero\/","title":{"rendered":"Pied de table d\u00e9cor\u00e9 en fonte Bolero"},"content":{"rendered":"<p>Cr\u00e9ez le d\u00e9cor de votre choix gr\u00e2ce \u00e0 notre gamme de plateaux de table Werzalit Plus ronds ou carr\u00e9s, disponibles en plusieurs finitions et mariez-les \u00e0 l&rsquo;un des pieds de notre collection. R\u00e9sistant aux effets des contraintes m\u00e9caniques, thermiques et chimiques, totalement imperm\u00e9ables et faciles \u00e0 nettoyer les plateaux Werzalit r\u00e9pondent \u00e0 toutes les normes d&rsquo;hygi\u00e8ne de l&rsquo;industrie de la restauration professionnelle. Tous les plateaux sont pr\u00e9-perc\u00e9s pour un assemblage facile avec les pieds.<br \/>Convient pour une utilisation avec des plateaux de table jusqu&rsquo;\u00e0 800 mm de rondeur pour donner une salle \u00e0 manger spacieuse.Poids net de 18,5 kg pour maintenir vos tables stables pendant l&rsquo;utilisation. Design durable permettant une utilisation \u00e0 l&rsquo;int\u00e9rieur et \u00e0 l&rsquo;ext\u00e9rieur. R\u00e9f\u00e9rence soumise \u00e0 une Eco-participation mobilier de 0.8\u20ac par unit\u00e9 vendue. Finis avec un design \u00e9l\u00e9gant et attrayant pour sublimer vos salles \u00e0 manger. Les pieds aident \u00e0 garder vos tables stables et \u00e0 \u00e9viter les marques de sol.Faciles \u00e0 monter soi-m\u00eame, les tabourets sont pr\u00eats \u00e0 l&#8217;emploi en un rien de temps. R\u00e9f\u00e9rence soumise \u00e0 une Eco-participation mobilier de 2,41\u20ac par unit\u00e9 vendue. Convient pour une utilisation avec des plateaux de table jusqu&rsquo;\u00e0 800 mm de rondeur pour donner une salle \u00e0 manger spacieuse. .<br \/> Caract\u00e9ristiques :<br \/> Dimensions : 720(H) x 420(L) x 420(l)mm.<br \/> Mati\u00e8re : Fonte.<br \/> Couleur : Noir.<\/p>\n","protected":false},"excerpt":{"rendered":"<p>Pied de table d\u00e9cor\u00e9 en fonte Bolero<\/p>\n","protected":false},"featured_media":102651,"comment_status":"closed","ping_status":"closed","template":"","meta":[],"product_brand":[],"product_cat":[1202,1201,1297,1206],"product_tag":[],"class_list":{"0":"post-70260","1":"product","2":"type-product","3":"status-publish","4":"has-post-thumbnail","6":"product_cat-exterieur","7":"product_cat-mobilier","8":"product_cat-non-palettisable","9":"product_cat-plateaux-et-pieds-de-table","10":"product_shipping_class-free-shipping","12":"first","13":"instock","14":"featured","15":"taxable","16":"shipping-taxable","17":"purchasable","18":"product-type-simple"},"_links":{"self":[{"href":"https:\/\/abinox-chr-clim.com\/index.php\/wp-json\/wp\/v2\/product\/70260","targetHints":{"allow":["GET"]}}],"collection":[{"href":"https:\/\/abinox-chr-clim.com\/index.php\/wp-json\/wp\/v2\/product"}],"about":[{"href":"https:\/\/abinox-chr-clim.com\/index.php\/wp-json\/wp\/v2\/types\/product"}],"replies":[{"embeddable":true,"href":"https:\/\/abinox-chr-clim.com\/index.php\/wp-json\/wp\/v2\/comments?post=70260"}],"wp:featuredmedia":[{"embeddable":true,"href":"https:\/\/abinox-chr-clim.com\/index.php\/wp-json\/wp\/v2\/media\/102651"}],"wp:attachment":[{"href":"https:\/\/abinox-chr-clim.com\/index.php\/wp-json\/wp\/v2\/media?parent=70260"}],"wp:term":[{"taxonomy":"product_brand","embeddable":true,"href":"https:\/\/abinox-chr-clim.com\/index.php\/wp-json\/wp\/v2\/product_brand?post=70260"},{"taxonomy":"product_cat","embeddable":true,"href":"https:\/\/abinox-chr-clim.com\/index.php\/wp-json\/wp\/v2\/product_cat?post=70260"},{"taxonomy":"product_tag","embeddable":true,"href":"https:\/\/abinox-chr-clim.com\/index.php\/wp-json\/wp\/v2\/product_tag?post=70260"}],"curies":[{"name":"wp","href":"https:\/\/api.w.org\/{rel}","templated":true}]}}