{"id":70259,"date":"2024-03-22T19:25:59","date_gmt":"2024-03-22T18:25:59","guid":{"rendered":"https:\/\/abinox-chr-clim.com\/index.php\/product\/pied-de-table-bolero-en-fonte\/"},"modified":"2026-04-02T08:33:38","modified_gmt":"2026-04-02T06:33:38","slug":"pied-de-table-bolero-en-fonte","status":"publish","type":"product","link":"https:\/\/abinox-chr-clim.com\/index.php\/product\/pied-de-table-bolero-en-fonte\/","title":{"rendered":"Pied de table Bolero en fonte"},"content":{"rendered":"<p>Apportez \u00e0 votre \u00e9tablissement une solution simple et sophistiqu\u00e9e gr\u00e2ce \u00e0 ce pied de table de la marque Bolero. Ce pied de table tr\u00e8s robuste est id\u00e9al pour les caf\u00e9s, bars et restaurants. Gr\u00e2ce \u00e0 sa conception en fonte, ce pied peut \u00eatre utilis\u00e9 pour un usage intensif sans risque de d\u00e9t\u00e9rioration ou de corrosion, vous offrant ainsi un \u00e9quipement durable pour vos espaces de restauration.La fonte excelle non seulement par ses qualit\u00e9s de solidit\u00e9, mais aussi par son poids \u00e9lev\u00e9. Cette structure lourde contribuera \u00e0 la s\u00e9curit\u00e9 de votre table en l&#8217;emp\u00eachant de basculer ou de bouger pendant son utilisation r\u00e9duisant ainsi le risque de chutes des plats ou des boissons tout en assurant la s\u00e9curit\u00e9 de vos clients.Compatible avec nos gammes de plateaux de table pr\u00e9-perc\u00e9s Bolero, Duroflat, Durolight, Compact Exterior, Lamidur et Werzalit, ce pied de table appartera un look niuveau et \u00e9l\u00e9gant.<br \/>Compatible avec nos gammes de plateaux de table pr\u00e9-perc\u00e9s Duroflat, Durolight, Compact Exterior et Werzalit.Table de 735mm de hauteur. Utilisation en int\u00e9rieur\/ext\u00e9rieur. R\u00e9f\u00e9rence soumise \u00e0 une Eco-participation mobilier de 0.53\u20ac par unit\u00e9 vendue. Pieds r\u00e9glables. Pied : 610(\u00d8)mm. Pour plateaux ronds jusqu&rsquo;\u00e0 800mm.Hauteur 735mm \/ poids net 13.5kg.  Fournie en kit pour un assemblage facile. R\u00e9f\u00e9rence soumise \u00e0 une Eco-participation mobilier de 1,53\u20ac par unit\u00e9 vendue. Compatible avec nos gammes de plateaux de table pr\u00e9-perc\u00e9s Duroflat, Durolight, Compact Exterior et Werzalit. .<br \/> Caract\u00e9ristiques :<br \/> Dimensions : 720(H) x 610(\u00d8)mm.<br \/> Mati\u00e8re : En fonte.<br \/> Couleur : Noir.<\/p>\n","protected":false},"excerpt":{"rendered":"<p>Pied de table Bolero en fonte<\/p>\n","protected":false},"featured_media":103317,"comment_status":"closed","ping_status":"closed","template":"","meta":[],"product_brand":[],"product_cat":[1202,1201,1297,1206],"product_tag":[],"class_list":{"0":"post-70259","1":"product","2":"type-product","3":"status-publish","4":"has-post-thumbnail","6":"product_cat-exterieur","7":"product_cat-mobilier","8":"product_cat-non-palettisable","9":"product_cat-plateaux-et-pieds-de-table","10":"product_shipping_class-free-shipping","12":"first","13":"instock","14":"featured","15":"taxable","16":"shipping-taxable","17":"purchasable","18":"product-type-simple"},"_links":{"self":[{"href":"https:\/\/abinox-chr-clim.com\/index.php\/wp-json\/wp\/v2\/product\/70259","targetHints":{"allow":["GET"]}}],"collection":[{"href":"https:\/\/abinox-chr-clim.com\/index.php\/wp-json\/wp\/v2\/product"}],"about":[{"href":"https:\/\/abinox-chr-clim.com\/index.php\/wp-json\/wp\/v2\/types\/product"}],"replies":[{"embeddable":true,"href":"https:\/\/abinox-chr-clim.com\/index.php\/wp-json\/wp\/v2\/comments?post=70259"}],"wp:featuredmedia":[{"embeddable":true,"href":"https:\/\/abinox-chr-clim.com\/index.php\/wp-json\/wp\/v2\/media\/103317"}],"wp:attachment":[{"href":"https:\/\/abinox-chr-clim.com\/index.php\/wp-json\/wp\/v2\/media?parent=70259"}],"wp:term":[{"taxonomy":"product_brand","embeddable":true,"href":"https:\/\/abinox-chr-clim.com\/index.php\/wp-json\/wp\/v2\/product_brand?post=70259"},{"taxonomy":"product_cat","embeddable":true,"href":"https:\/\/abinox-chr-clim.com\/index.php\/wp-json\/wp\/v2\/product_cat?post=70259"},{"taxonomy":"product_tag","embeddable":true,"href":"https:\/\/abinox-chr-clim.com\/index.php\/wp-json\/wp\/v2\/product_tag?post=70259"}],"curies":[{"name":"wp","href":"https:\/\/api.w.org\/{rel}","templated":true}]}}