{"id":70253,"date":"2024-03-22T19:25:57","date_gmt":"2024-03-22T18:25:57","guid":{"rendered":"https:\/\/abinox-chr-clim.com\/index.php\/product\/parasol-carre-bolero-25m-bleu-marine\/"},"modified":"2026-04-14T09:31:08","modified_gmt":"2026-04-14T07:31:08","slug":"parasol-carre-bolero-25m-bleu-marine","status":"publish","type":"product","link":"https:\/\/abinox-chr-clim.com\/index.php\/product\/parasol-carre-bolero-25m-bleu-marine\/","title":{"rendered":"Parasol carr\u00e9 Bolero 2,5m bleu marine"},"content":{"rendered":"<p>Offrez ombre et protection \u00e0 vos clients gr\u00e2ce \u00e0 ces parasols \u00e9l\u00e9gants et pratiques pour patios, terrasses et toute autre utilisation ext\u00e9rieure. Facile \u00e0 ouvrir et fermer. Pied de parasol lest\u00e9 \u00e9galement disponible pour une mise en place stable (vendu s\u00e9par\u00e9ment).<br \/>La toile en polyester \u00e9pais de 245 g\/m\u00b2 offre une grande protection contre le soleil. Le traitement hydrofuge de la toile prot\u00e8ge les clients de la pluie. Le syst\u00e8me de poulie ergonomique permet une mise en place rapide et facile. R\u00e9f\u00e9rence soumise \u00e0 une Eco-participation mobilier de 1.4\u20ac par unit\u00e9 vendue. Le m\u00e2t robuste \u00e0 deux p\u00f4les permet de maintenir la toile en position verticale. Le coloris offre un style \u00e9l\u00e9gant. Embout bois 16x 26mm. Diam\u00e8tre du m\u00e2t de 38 mm. Pieds vendus s\u00e9par\u00e9ment. Les huit baleines de la toile permettent un bon maintien. La toile en polyester \u00e9pais de 245 g\/m\u00b2 offre une grande protection contre le soleil.<\/p>\n<p>Caract\u00e9ristiques :<br \/> Dimensions : 2730(H)x 2500(L)mm.<br \/> Mati\u00e8re : Bois et polyester.<br \/> Couleur : Bleu marine.<\/p>\n","protected":false},"excerpt":{"rendered":"<p>Parasol carr\u00e9 Bolero 2,5m bleu marine<\/p>\n","protected":false},"featured_media":101854,"comment_status":"closed","ping_status":"closed","template":"","meta":[],"product_brand":[],"product_cat":[1202,1201,1296,1205],"product_tag":[],"class_list":{"0":"post-70253","1":"product","2":"type-product","3":"status-publish","4":"has-post-thumbnail","6":"product_cat-exterieur","7":"product_cat-mobilier","8":"product_cat-palettisable","9":"product_cat-parasols","11":"first","12":"instock","13":"featured","14":"taxable","15":"shipping-taxable","16":"purchasable","17":"product-type-simple"},"_links":{"self":[{"href":"https:\/\/abinox-chr-clim.com\/index.php\/wp-json\/wp\/v2\/product\/70253","targetHints":{"allow":["GET"]}}],"collection":[{"href":"https:\/\/abinox-chr-clim.com\/index.php\/wp-json\/wp\/v2\/product"}],"about":[{"href":"https:\/\/abinox-chr-clim.com\/index.php\/wp-json\/wp\/v2\/types\/product"}],"replies":[{"embeddable":true,"href":"https:\/\/abinox-chr-clim.com\/index.php\/wp-json\/wp\/v2\/comments?post=70253"}],"wp:featuredmedia":[{"embeddable":true,"href":"https:\/\/abinox-chr-clim.com\/index.php\/wp-json\/wp\/v2\/media\/101854"}],"wp:attachment":[{"href":"https:\/\/abinox-chr-clim.com\/index.php\/wp-json\/wp\/v2\/media?parent=70253"}],"wp:term":[{"taxonomy":"product_brand","embeddable":true,"href":"https:\/\/abinox-chr-clim.com\/index.php\/wp-json\/wp\/v2\/product_brand?post=70253"},{"taxonomy":"product_cat","embeddable":true,"href":"https:\/\/abinox-chr-clim.com\/index.php\/wp-json\/wp\/v2\/product_cat?post=70253"},{"taxonomy":"product_tag","embeddable":true,"href":"https:\/\/abinox-chr-clim.com\/index.php\/wp-json\/wp\/v2\/product_tag?post=70253"}],"curies":[{"name":"wp","href":"https:\/\/api.w.org\/{rel}","templated":true}]}}