{"id":70245,"date":"2024-03-22T19:25:54","date_gmt":"2024-03-22T18:25:54","guid":{"rendered":"https:\/\/abinox-chr-clim.com\/index.php\/product\/pied-de-parasol-noir-20l\/"},"modified":"2026-04-14T10:33:36","modified_gmt":"2026-04-14T08:33:36","slug":"pied-de-parasol-noir-20l","status":"publish","type":"product","link":"https:\/\/abinox-chr-clim.com\/index.php\/product\/pied-de-parasol-noir-20l\/","title":{"rendered":"Pied de parasol noir 20L"},"content":{"rendered":"<p>Couleur noire pouvant supporter discr\u00e8tement la plupart des parasols.<br \/>Peut \u00eatre rempli de sable ou d&rsquo;eau jusqu&rsquo;\u00e0 20 litres. Fabriqu\u00e9 \u00e0 partir de plastique robuste pour un mobilier d&rsquo;ext\u00e9rieur durable. Convient pour une utilisation avec la gamme de parasols Bolero pour cr\u00e9er des espaces ext\u00e9rieurs accueillants. Facile \u00e0 remplir, permettant une utilisation en quelques minutes apr\u00e8s avoir d\u00e9ballage. Convient pour une utilisation avec des parasols ayant un diam\u00e8tre de m\u00e2t de 38\/48 mm. Compatible avec la gamme de parasols Bolero existante. L\u00e9ger, seulement 2,1 kg non rempli. Ce pied doit imp\u00e9rativement \u00eatre utilis\u00e9 avec une table pour la stabilit\u00e9 du m\u00e2t du parasol car sinon il cassera.Peut \u00eatre rempli de sable ou d&rsquo;eau jusqu&rsquo;\u00e0 20 litres.<\/p>\n<p>Caract\u00e9ristiques :<br \/> Dimensions : 306(H) x 505(L) x 500(P) mm.<br \/> Mati\u00e8re : Plastique.<br \/> Couleur : Noir.<\/p>\n","protected":false},"excerpt":{"rendered":"<p>Pied de parasol noir 20L<\/p>\n","protected":false},"featured_media":100869,"comment_status":"closed","ping_status":"closed","template":"","meta":[],"product_brand":[],"product_cat":[1202,1201,1297,1205],"product_tag":[],"class_list":{"0":"post-70245","1":"product","2":"type-product","3":"status-publish","4":"has-post-thumbnail","6":"product_cat-exterieur","7":"product_cat-mobilier","8":"product_cat-non-palettisable","9":"product_cat-parasols","10":"product_shipping_class-free-shipping","12":"first","13":"instock","14":"featured","15":"taxable","16":"shipping-taxable","17":"purchasable","18":"product-type-simple"},"_links":{"self":[{"href":"https:\/\/abinox-chr-clim.com\/index.php\/wp-json\/wp\/v2\/product\/70245","targetHints":{"allow":["GET"]}}],"collection":[{"href":"https:\/\/abinox-chr-clim.com\/index.php\/wp-json\/wp\/v2\/product"}],"about":[{"href":"https:\/\/abinox-chr-clim.com\/index.php\/wp-json\/wp\/v2\/types\/product"}],"replies":[{"embeddable":true,"href":"https:\/\/abinox-chr-clim.com\/index.php\/wp-json\/wp\/v2\/comments?post=70245"}],"wp:featuredmedia":[{"embeddable":true,"href":"https:\/\/abinox-chr-clim.com\/index.php\/wp-json\/wp\/v2\/media\/100869"}],"wp:attachment":[{"href":"https:\/\/abinox-chr-clim.com\/index.php\/wp-json\/wp\/v2\/media?parent=70245"}],"wp:term":[{"taxonomy":"product_brand","embeddable":true,"href":"https:\/\/abinox-chr-clim.com\/index.php\/wp-json\/wp\/v2\/product_brand?post=70245"},{"taxonomy":"product_cat","embeddable":true,"href":"https:\/\/abinox-chr-clim.com\/index.php\/wp-json\/wp\/v2\/product_cat?post=70245"},{"taxonomy":"product_tag","embeddable":true,"href":"https:\/\/abinox-chr-clim.com\/index.php\/wp-json\/wp\/v2\/product_tag?post=70245"}],"curies":[{"name":"wp","href":"https:\/\/api.w.org\/{rel}","templated":true}]}}