{"id":70244,"date":"2024-03-22T19:25:54","date_gmt":"2024-03-22T18:25:54","guid":{"rendered":"https:\/\/abinox-chr-clim.com\/index.php\/product\/parasol-rond-gris-bolero-3m\/"},"modified":"2026-04-14T10:33:35","modified_gmt":"2026-04-14T08:33:35","slug":"parasol-rond-gris-bolero-3m","status":"publish","type":"product","link":"https:\/\/abinox-chr-clim.com\/index.php\/product\/parasol-rond-gris-bolero-3m\/","title":{"rendered":"Parasol rond gris Bolero 3m"},"content":{"rendered":"<p>Les parasols \u00e9l\u00e9gants et tr\u00e8s pratiques de patios, terrasses de caf\u00e9 et autres utilisations de plein air offrent \u00e0 vos clients ombre et protection. Faciles \u00e0 ouvrir et \u00e0 fermer. Pied lest\u00e9 disponible (vendu s\u00e9par\u00e9ment) pour une parfaite stabilit\u00e9.<br \/>Tissu en polyester \u00e9pais offrant une excellente protection contre le soleil. Le traitement d\u00e9perlant du parasol prot\u00e8ge les clients contre la pluie. Le coloris gris offre un style \u00e9l\u00e9gant et haut de gamme. Le syst\u00e8me de poulie ergonomique permet une installation rapide et facile. 8 baleines maintiennent la canop\u00e9e. Le m\u00e2t robuste \u00e0 deux p\u00f4les aide \u00e0 maintenir le parasol droit. L&#8217;embout en bois prot\u00e8ge le haut du m\u00e2t des intemp\u00e9ries. Diam\u00e8tre du m\u00e2t de 38 mm. Pieds vendus s\u00e9par\u00e9ment (FS231 et FS158).Tissu en polyester \u00e9pais offrant une excellente protection contre le soleil.<\/p>\n<p>Caract\u00e9ristiques :<br \/> Dimensions : 2680(H) x 3000(L) x 3000(P) mm.<br \/> Mati\u00e8re : .<br \/> Couleur : Gris.<\/p>\n","protected":false},"excerpt":{"rendered":"<p>Parasol rond gris Bolero 3m<\/p>\n","protected":false},"featured_media":100853,"comment_status":"closed","ping_status":"closed","template":"","meta":[],"product_brand":[],"product_cat":[1202,1201,1297,1205],"product_tag":[],"class_list":{"0":"post-70244","1":"product","2":"type-product","3":"status-publish","4":"has-post-thumbnail","6":"product_cat-exterieur","7":"product_cat-mobilier","8":"product_cat-non-palettisable","9":"product_cat-parasols","10":"product_shipping_class-free-shipping","12":"first","13":"instock","14":"featured","15":"taxable","16":"shipping-taxable","17":"purchasable","18":"product-type-simple"},"_links":{"self":[{"href":"https:\/\/abinox-chr-clim.com\/index.php\/wp-json\/wp\/v2\/product\/70244","targetHints":{"allow":["GET"]}}],"collection":[{"href":"https:\/\/abinox-chr-clim.com\/index.php\/wp-json\/wp\/v2\/product"}],"about":[{"href":"https:\/\/abinox-chr-clim.com\/index.php\/wp-json\/wp\/v2\/types\/product"}],"replies":[{"embeddable":true,"href":"https:\/\/abinox-chr-clim.com\/index.php\/wp-json\/wp\/v2\/comments?post=70244"}],"wp:featuredmedia":[{"embeddable":true,"href":"https:\/\/abinox-chr-clim.com\/index.php\/wp-json\/wp\/v2\/media\/100853"}],"wp:attachment":[{"href":"https:\/\/abinox-chr-clim.com\/index.php\/wp-json\/wp\/v2\/media?parent=70244"}],"wp:term":[{"taxonomy":"product_brand","embeddable":true,"href":"https:\/\/abinox-chr-clim.com\/index.php\/wp-json\/wp\/v2\/product_brand?post=70244"},{"taxonomy":"product_cat","embeddable":true,"href":"https:\/\/abinox-chr-clim.com\/index.php\/wp-json\/wp\/v2\/product_cat?post=70244"},{"taxonomy":"product_tag","embeddable":true,"href":"https:\/\/abinox-chr-clim.com\/index.php\/wp-json\/wp\/v2\/product_tag?post=70244"}],"curies":[{"name":"wp","href":"https:\/\/api.w.org\/{rel}","templated":true}]}}