{"id":70241,"date":"2024-03-22T19:25:52","date_gmt":"2024-03-22T18:25:52","guid":{"rendered":"https:\/\/abinox-chr-clim.com\/index.php\/product\/parasol-carre-noir-milan-eden-25m\/"},"modified":"2025-06-30T11:17:05","modified_gmt":"2025-06-30T09:17:05","slug":"parasol-carre-noir-milan-eden-25m","status":"publish","type":"product","link":"https:\/\/abinox-chr-clim.com\/index.php\/product\/parasol-carre-noir-milan-eden-25m\/","title":{"rendered":"Parasol carr\u00e9 noir Milan Eden 2,5m"},"content":{"rendered":"<p>Parasols carr\u00e9s en polyester 250 g\/m\u00b2 pour une excellente protection contre le soleil et la pluie.<br \/>Diam\u00e8tre du m\u00e2t : 38 (\u00d8) mm. \u00c9paisseur de la canop\u00e9e : 250 g \/ m\u00b2. Le tissu \u00e9pais en polyester offre une excellente protection contre le soleil et la pluie. Le m\u00e2t est en aluminium solide et anodis\u00e9. Dispose d&rsquo;une conception push-up pour une ouverture et une fermeture faciles. Le coloris noir donne \u00e0 ce parasol un style \u00e9l\u00e9gant.R\u00e9f\u00e9rence soumise \u00e0 une Eco-participation mobilier de 0,24\u20ac par unit\u00e9 vendue. Diam\u00e8tre du m\u00e2t : 38 (\u00d8) mm.<\/p>\n<p>Caract\u00e9ristiques :<br \/> Dimensions : 2400(H) x 2500(L) x 2500(P) mm.<br \/> Mati\u00e8re : Polyester.<br \/> Couleur : Noir.<\/p>\n","protected":false},"excerpt":{"rendered":"<p>Parasol carr\u00e9 noir Milan Eden 2,5m<\/p>\n","protected":false},"featured_media":100791,"comment_status":"closed","ping_status":"closed","template":"","meta":[],"product_brand":[],"product_cat":[1202,1201,1296,1205],"product_tag":[],"class_list":{"0":"post-70241","1":"product","2":"type-product","3":"status-publish","4":"has-post-thumbnail","6":"product_cat-exterieur","7":"product_cat-mobilier","8":"product_cat-palettisable","9":"product_cat-parasols","11":"first","12":"outofstock","13":"featured","14":"taxable","15":"shipping-taxable","16":"purchasable","17":"product-type-simple"},"_links":{"self":[{"href":"https:\/\/abinox-chr-clim.com\/index.php\/wp-json\/wp\/v2\/product\/70241","targetHints":{"allow":["GET"]}}],"collection":[{"href":"https:\/\/abinox-chr-clim.com\/index.php\/wp-json\/wp\/v2\/product"}],"about":[{"href":"https:\/\/abinox-chr-clim.com\/index.php\/wp-json\/wp\/v2\/types\/product"}],"replies":[{"embeddable":true,"href":"https:\/\/abinox-chr-clim.com\/index.php\/wp-json\/wp\/v2\/comments?post=70241"}],"wp:featuredmedia":[{"embeddable":true,"href":"https:\/\/abinox-chr-clim.com\/index.php\/wp-json\/wp\/v2\/media\/100791"}],"wp:attachment":[{"href":"https:\/\/abinox-chr-clim.com\/index.php\/wp-json\/wp\/v2\/media?parent=70241"}],"wp:term":[{"taxonomy":"product_brand","embeddable":true,"href":"https:\/\/abinox-chr-clim.com\/index.php\/wp-json\/wp\/v2\/product_brand?post=70241"},{"taxonomy":"product_cat","embeddable":true,"href":"https:\/\/abinox-chr-clim.com\/index.php\/wp-json\/wp\/v2\/product_cat?post=70241"},{"taxonomy":"product_tag","embeddable":true,"href":"https:\/\/abinox-chr-clim.com\/index.php\/wp-json\/wp\/v2\/product_tag?post=70241"}],"curies":[{"name":"wp","href":"https:\/\/api.w.org\/{rel}","templated":true}]}}