{"id":70238,"date":"2024-03-22T19:25:51","date_gmt":"2024-03-22T18:25:51","guid":{"rendered":"https:\/\/abinox-chr-clim.com\/index.php\/product\/parasol-rond-bolero-vert-3m\/"},"modified":"2026-04-14T08:34:08","modified_gmt":"2026-04-14T06:34:08","slug":"parasol-rond-bolero-vert-3m","status":"publish","type":"product","link":"https:\/\/abinox-chr-clim.com\/index.php\/product\/parasol-rond-bolero-vert-3m\/","title":{"rendered":"Parasol rond Bolero vert 3m"},"content":{"rendered":"<p>Les parasols \u00e9l\u00e9gants et tr\u00e8s pratiques de patios, terrasses de caf\u00e9 et autres utilisations de plein air offrent \u00e0 vos clients ombre et protection. Faciles \u00e0 ouvrir et \u00e0 fermer. Pieds lest\u00e9s disponibles pour une parfaite stabilit\u00e9 (vendus s\u00e9par\u00e9ment) .<br \/>La toile en polyester \u00e9pais de 245 g\/m2 offre une grande protection contre le soleil. Le traitement hydrofuge de Canopy prot\u00e8ge les clients de la pluie. Le syst\u00e8me de poulie ergonomique permet une mise en place rapide et facile. R\u00e9f\u00e9rence soumise \u00e0 une Eco-participation mobilier de 1.2\u20ac par unit\u00e9 vendue. Le m\u00e2t robuste \u00e0 deux p\u00f4les permet de maintenir la toile en position verticale. Le coloris vert donne un aspect \u00e9l\u00e9gant et styl\u00e9. L&rsquo;\u00e9pi de fa\u00eetage en bois prot\u00e8ge le sommet du m\u00e2t des conditions m\u00e9t\u00e9orologiques. Diam\u00e8tre du m\u00e2t de 38 mm. Bases vendues s\u00e9par\u00e9ment. Les huit baleines de la toile permettent un bon maintien. La toile en polyester \u00e9pais de 245 g\/m2 offre une grande protection contre le soleil.<\/p>\n<p>Caract\u00e9ristiques :<br \/> Dimensions : 2520(H)x 3000(\u00d8)mm.<br \/> Mati\u00e8re : Bois et tissu.<br \/> Couleur : Vert.<\/p>\n","protected":false},"excerpt":{"rendered":"<p>Parasol rond Bolero vert 3m<\/p>\n","protected":false},"featured_media":80205,"comment_status":"closed","ping_status":"closed","template":"","meta":[],"product_brand":[],"product_cat":[1202,1201,1296,1205],"product_tag":[],"class_list":{"0":"post-70238","1":"product","2":"type-product","3":"status-publish","4":"has-post-thumbnail","6":"product_cat-exterieur","7":"product_cat-mobilier","8":"product_cat-palettisable","9":"product_cat-parasols","11":"first","12":"instock","13":"featured","14":"taxable","15":"shipping-taxable","16":"purchasable","17":"product-type-simple"},"_links":{"self":[{"href":"https:\/\/abinox-chr-clim.com\/index.php\/wp-json\/wp\/v2\/product\/70238","targetHints":{"allow":["GET"]}}],"collection":[{"href":"https:\/\/abinox-chr-clim.com\/index.php\/wp-json\/wp\/v2\/product"}],"about":[{"href":"https:\/\/abinox-chr-clim.com\/index.php\/wp-json\/wp\/v2\/types\/product"}],"replies":[{"embeddable":true,"href":"https:\/\/abinox-chr-clim.com\/index.php\/wp-json\/wp\/v2\/comments?post=70238"}],"wp:featuredmedia":[{"embeddable":true,"href":"https:\/\/abinox-chr-clim.com\/index.php\/wp-json\/wp\/v2\/media\/80205"}],"wp:attachment":[{"href":"https:\/\/abinox-chr-clim.com\/index.php\/wp-json\/wp\/v2\/media?parent=70238"}],"wp:term":[{"taxonomy":"product_brand","embeddable":true,"href":"https:\/\/abinox-chr-clim.com\/index.php\/wp-json\/wp\/v2\/product_brand?post=70238"},{"taxonomy":"product_cat","embeddable":true,"href":"https:\/\/abinox-chr-clim.com\/index.php\/wp-json\/wp\/v2\/product_cat?post=70238"},{"taxonomy":"product_tag","embeddable":true,"href":"https:\/\/abinox-chr-clim.com\/index.php\/wp-json\/wp\/v2\/product_tag?post=70238"}],"curies":[{"name":"wp","href":"https:\/\/api.w.org\/{rel}","templated":true}]}}