{"id":70236,"date":"2024-03-22T19:25:50","date_gmt":"2024-03-22T18:25:50","guid":{"rendered":"https:\/\/abinox-chr-clim.com\/index.php\/product\/parasol-rond-bolero-ecru-25m\/"},"modified":"2026-04-02T08:29:42","modified_gmt":"2026-04-02T06:29:42","slug":"parasol-rond-bolero-ecru-25m","status":"publish","type":"product","link":"https:\/\/abinox-chr-clim.com\/index.php\/product\/parasol-rond-bolero-ecru-25m\/","title":{"rendered":"Parasol rond Bolero \u00e9cru 2,5m"},"content":{"rendered":"<p>Les parasols \u00e9l\u00e9gants et tr\u00e8s pratiques de patios, terrasses de caf\u00e9 et autres utilisations de plein air offrent \u00e0 vos clients ombre et protection. Faciles \u00e0 ouvrir et \u00e0 fermer. Pied lest\u00e9 disponible (vendu s\u00e9par\u00e9ment) pour une parfaite stabilit\u00e9.<br \/>La toile en polyester \u00e9pais de 245 g\/m\u00b2 offre une grande protection contre le soleil. Le traitement hydrofuge de la toile prot\u00e8ge les clients de la pluie. Le syst\u00e8me de poulie ergonomique permet une mise en place rapide et facile. R\u00e9f\u00e9rence soumise \u00e0 une Eco-participation mobilier de 1.09\u20ac par unit\u00e9 vendue. Le m\u00e2t robuste \u00e0 deux p\u00f4les permet de maintenir la toile en position verticale. Le coloris offre un style \u00e9l\u00e9gant. Embout bois 16x 26mm. Diam\u00e8tre du m\u00e2t de 38 mm. Pieds vendus s\u00e9par\u00e9ment. Les huit baleines de la toile permettent un bon maintien. La toile en polyester \u00e9pais de 245 g\/m\u00b2 offre une grande protection contre le soleil.<\/p>\n<p>Caract\u00e9ristiques :<br \/> Dimensions : 2370(H)x 2500(\u00d8)mm.<br \/> Mati\u00e8re : Bois et tissu.<br \/> Couleur : Cr\u00e8me.<\/p>\n","protected":false},"excerpt":{"rendered":"<p>Parasol rond Bolero \u00e9cru 2,5m<\/p>\n","protected":false},"featured_media":80188,"comment_status":"closed","ping_status":"closed","template":"","meta":[],"product_brand":[],"product_cat":[1202,1201,1297,1205],"product_tag":[],"class_list":{"0":"post-70236","1":"product","2":"type-product","3":"status-publish","4":"has-post-thumbnail","6":"product_cat-exterieur","7":"product_cat-mobilier","8":"product_cat-non-palettisable","9":"product_cat-parasols","10":"product_shipping_class-free-shipping","12":"first","13":"instock","14":"featured","15":"taxable","16":"shipping-taxable","17":"purchasable","18":"product-type-simple"},"_links":{"self":[{"href":"https:\/\/abinox-chr-clim.com\/index.php\/wp-json\/wp\/v2\/product\/70236","targetHints":{"allow":["GET"]}}],"collection":[{"href":"https:\/\/abinox-chr-clim.com\/index.php\/wp-json\/wp\/v2\/product"}],"about":[{"href":"https:\/\/abinox-chr-clim.com\/index.php\/wp-json\/wp\/v2\/types\/product"}],"replies":[{"embeddable":true,"href":"https:\/\/abinox-chr-clim.com\/index.php\/wp-json\/wp\/v2\/comments?post=70236"}],"wp:featuredmedia":[{"embeddable":true,"href":"https:\/\/abinox-chr-clim.com\/index.php\/wp-json\/wp\/v2\/media\/80188"}],"wp:attachment":[{"href":"https:\/\/abinox-chr-clim.com\/index.php\/wp-json\/wp\/v2\/media?parent=70236"}],"wp:term":[{"taxonomy":"product_brand","embeddable":true,"href":"https:\/\/abinox-chr-clim.com\/index.php\/wp-json\/wp\/v2\/product_brand?post=70236"},{"taxonomy":"product_cat","embeddable":true,"href":"https:\/\/abinox-chr-clim.com\/index.php\/wp-json\/wp\/v2\/product_cat?post=70236"},{"taxonomy":"product_tag","embeddable":true,"href":"https:\/\/abinox-chr-clim.com\/index.php\/wp-json\/wp\/v2\/product_tag?post=70236"}],"curies":[{"name":"wp","href":"https:\/\/api.w.org\/{rel}","templated":true}]}}