{"id":70223,"date":"2024-03-22T19:25:46","date_gmt":"2024-03-22T18:25:46","guid":{"rendered":"https:\/\/abinox-chr-clim.com\/index.php\/product\/lampe-de-table-chauffante-eurom-pd1500\/"},"modified":"2025-07-24T19:53:50","modified_gmt":"2025-07-24T17:53:50","slug":"lampe-de-table-chauffante-eurom-pd1500","status":"publish","type":"product","link":"https:\/\/abinox-chr-clim.com\/index.php\/product\/lampe-de-table-chauffante-eurom-pd1500\/","title":{"rendered":"Lampe de table chauffante Eurom PD1500"},"content":{"rendered":"<p>Choisissez votre chauffage de terrasse id\u00e9al parmi les diff\u00e9rents mod\u00e8les, classiques, de parasol ou t\u00e9l\u00e9command\u00e9s.<br \/>Puissance de 1500 watts. Classe d&rsquo;isolation IP 44. Lampe halog\u00e8ne. R\u00e9f\u00e9rence soumise \u00e0 une Eco-participation mobilier de 0.03\u20ac par unit\u00e9 vendue. Interrupteur \u00e0 bascule. Panneau de contr\u00f4le.Gamme 10 &#8211; 15 m\u00b2. Puissance de 1500 watts.<\/p>\n<p>Caract\u00e9ristiques :<br \/> Dimensions : 520(H) x 590(L) x 584(P) mm.<br \/> Mati\u00e8re : M\u00e9tal.<br \/> Couleur : Anthracite.<\/p>\n","protected":false},"excerpt":{"rendered":"<p>Lampe de table chauffante Eurom PD1500<\/p>\n","protected":false},"featured_media":83759,"comment_status":"closed","ping_status":"closed","template":"","meta":[],"product_brand":[],"product_cat":[1204,1202,1201,1297],"product_tag":[],"class_list":{"0":"post-70223","1":"product","2":"type-product","3":"status-publish","4":"has-post-thumbnail","6":"product_cat-divers-exterieur","7":"product_cat-exterieur","8":"product_cat-mobilier","9":"product_cat-non-palettisable","10":"product_shipping_class-free-shipping","12":"first","13":"outofstock","14":"featured","15":"taxable","16":"shipping-taxable","17":"purchasable","18":"product-type-simple"},"_links":{"self":[{"href":"https:\/\/abinox-chr-clim.com\/index.php\/wp-json\/wp\/v2\/product\/70223","targetHints":{"allow":["GET"]}}],"collection":[{"href":"https:\/\/abinox-chr-clim.com\/index.php\/wp-json\/wp\/v2\/product"}],"about":[{"href":"https:\/\/abinox-chr-clim.com\/index.php\/wp-json\/wp\/v2\/types\/product"}],"replies":[{"embeddable":true,"href":"https:\/\/abinox-chr-clim.com\/index.php\/wp-json\/wp\/v2\/comments?post=70223"}],"wp:featuredmedia":[{"embeddable":true,"href":"https:\/\/abinox-chr-clim.com\/index.php\/wp-json\/wp\/v2\/media\/83759"}],"wp:attachment":[{"href":"https:\/\/abinox-chr-clim.com\/index.php\/wp-json\/wp\/v2\/media?parent=70223"}],"wp:term":[{"taxonomy":"product_brand","embeddable":true,"href":"https:\/\/abinox-chr-clim.com\/index.php\/wp-json\/wp\/v2\/product_brand?post=70223"},{"taxonomy":"product_cat","embeddable":true,"href":"https:\/\/abinox-chr-clim.com\/index.php\/wp-json\/wp\/v2\/product_cat?post=70223"},{"taxonomy":"product_tag","embeddable":true,"href":"https:\/\/abinox-chr-clim.com\/index.php\/wp-json\/wp\/v2\/product_tag?post=70223"}],"curies":[{"name":"wp","href":"https:\/\/api.w.org\/{rel}","templated":true}]}}