{"id":70222,"date":"2024-03-22T19:25:45","date_gmt":"2024-03-22T18:25:45","guid":{"rendered":"https:\/\/abinox-chr-clim.com\/index.php\/product\/ensemble-mobilier-brasserie-pliant\/"},"modified":"2026-04-14T10:40:31","modified_gmt":"2026-04-14T08:40:31","slug":"ensemble-mobilier-brasserie-pliant","status":"publish","type":"product","link":"https:\/\/abinox-chr-clim.com\/index.php\/product\/ensemble-mobilier-brasserie-pliant\/","title":{"rendered":"Ensemble mobilier brasserie pliant"},"content":{"rendered":"<p>Ensemble de mobilier d\u00bfext\u00e9rieur pratique et durable. Parfait pour les \u00e9v\u00e8nements en ext\u00e9rieur, mais aussi sur votre terrasse, lors de manifestations festives ou associatives. Se d\u00e9plie facilement pour une extension rapide de votre capacit\u00e9 d&rsquo;accueil en ext\u00e9rieur, et se replie tout aussi facilement pour le rangement.<br \/>Rev\u00eatement r\u00e9sistant aux UV. Se replie et se d\u00e9plie facilement. Plateau et assises en \u00e9pic\u00e9a. Cadre en acier rev\u00eatement poudr\u00e9 vert. Mobilier polyvalent pour agrandir votre capacit\u00e9 d&rsquo;accueil ext\u00e9rieure. Poids de la table 21kg. Poids du banc 11kg. Charge max de la table : 100kg. Charge max du banc : 200kg.Rev\u00eatement r\u00e9sistant aux UV.<\/p>\n","protected":false},"excerpt":{"rendered":"<p>Ensemble mobilier brasserie pliant<\/p>\n","protected":false},"featured_media":83722,"comment_status":"closed","ping_status":"closed","template":"","meta":[],"product_brand":[],"product_cat":[1204,1202,1201,1296],"product_tag":[],"class_list":{"0":"post-70222","1":"product","2":"type-product","3":"status-publish","4":"has-post-thumbnail","6":"product_cat-divers-exterieur","7":"product_cat-exterieur","8":"product_cat-mobilier","9":"product_cat-palettisable","11":"first","12":"instock","13":"featured","14":"taxable","15":"shipping-taxable","16":"purchasable","17":"product-type-simple"},"_links":{"self":[{"href":"https:\/\/abinox-chr-clim.com\/index.php\/wp-json\/wp\/v2\/product\/70222","targetHints":{"allow":["GET"]}}],"collection":[{"href":"https:\/\/abinox-chr-clim.com\/index.php\/wp-json\/wp\/v2\/product"}],"about":[{"href":"https:\/\/abinox-chr-clim.com\/index.php\/wp-json\/wp\/v2\/types\/product"}],"replies":[{"embeddable":true,"href":"https:\/\/abinox-chr-clim.com\/index.php\/wp-json\/wp\/v2\/comments?post=70222"}],"wp:featuredmedia":[{"embeddable":true,"href":"https:\/\/abinox-chr-clim.com\/index.php\/wp-json\/wp\/v2\/media\/83722"}],"wp:attachment":[{"href":"https:\/\/abinox-chr-clim.com\/index.php\/wp-json\/wp\/v2\/media?parent=70222"}],"wp:term":[{"taxonomy":"product_brand","embeddable":true,"href":"https:\/\/abinox-chr-clim.com\/index.php\/wp-json\/wp\/v2\/product_brand?post=70222"},{"taxonomy":"product_cat","embeddable":true,"href":"https:\/\/abinox-chr-clim.com\/index.php\/wp-json\/wp\/v2\/product_cat?post=70222"},{"taxonomy":"product_tag","embeddable":true,"href":"https:\/\/abinox-chr-clim.com\/index.php\/wp-json\/wp\/v2\/product_tag?post=70222"}],"curies":[{"name":"wp","href":"https:\/\/api.w.org\/{rel}","templated":true}]}}