{"id":70221,"date":"2024-03-22T19:25:45","date_gmt":"2024-03-22T18:25:45","guid":{"rendered":"https:\/\/abinox-chr-clim.com\/index.php\/product\/banc-de-jardin-en-bois-tendre\/"},"modified":"2026-04-14T10:33:52","modified_gmt":"2026-04-14T08:33:52","slug":"banc-de-jardin-en-bois-tendre","status":"publish","type":"product","link":"https:\/\/abinox-chr-clim.com\/index.php\/product\/banc-de-jardin-en-bois-tendre\/","title":{"rendered":"Banc de jardin en bois tendre"},"content":{"rendered":"<p>Banc en bois tendre attrayant et confortable, adapt\u00e9 \u00e0 un usage commercial et domestique.<br \/>Fabriqu\u00e9 \u00e0 partir de bois tendre. Peut accueillir confortablement jusqu&rsquo;\u00e0 3 personnes. Trait\u00e9 sous pression contre la pourriture. R\u00e9f\u00e9rence soumise \u00e0 une Eco-participation mobilier de 4.8\u20ac par unit\u00e9 vendue. Auto-assemblage facile. Hauteur d&rsquo;assise : 430 mm. Lattes : 65 x 20 mm. Hauteur des accoudoirs : 660 mm.Finition naturelle non trait\u00e9e. Fabriqu\u00e9 \u00e0 partir de bois tendre.<\/p>\n<p>Caract\u00e9ristiques :<br \/> Dimensions : 950(H) x 1500(L) x 670(P) mm.<br \/> Mati\u00e8re : Inox et bois.<br \/> Couleur : Bois.<\/p>\n","protected":false},"excerpt":{"rendered":"<p>Banc de jardin en bois tendre<\/p>\n","protected":false},"featured_media":83281,"comment_status":"closed","ping_status":"closed","template":"","meta":[],"product_brand":[],"product_cat":[1204,1202,1201,1296],"product_tag":[],"class_list":{"0":"post-70221","1":"product","2":"type-product","3":"status-publish","4":"has-post-thumbnail","6":"product_cat-divers-exterieur","7":"product_cat-exterieur","8":"product_cat-mobilier","9":"product_cat-palettisable","11":"first","12":"outofstock","13":"featured","14":"taxable","15":"shipping-taxable","16":"purchasable","17":"product-type-simple"},"_links":{"self":[{"href":"https:\/\/abinox-chr-clim.com\/index.php\/wp-json\/wp\/v2\/product\/70221","targetHints":{"allow":["GET"]}}],"collection":[{"href":"https:\/\/abinox-chr-clim.com\/index.php\/wp-json\/wp\/v2\/product"}],"about":[{"href":"https:\/\/abinox-chr-clim.com\/index.php\/wp-json\/wp\/v2\/types\/product"}],"replies":[{"embeddable":true,"href":"https:\/\/abinox-chr-clim.com\/index.php\/wp-json\/wp\/v2\/comments?post=70221"}],"wp:featuredmedia":[{"embeddable":true,"href":"https:\/\/abinox-chr-clim.com\/index.php\/wp-json\/wp\/v2\/media\/83281"}],"wp:attachment":[{"href":"https:\/\/abinox-chr-clim.com\/index.php\/wp-json\/wp\/v2\/media?parent=70221"}],"wp:term":[{"taxonomy":"product_brand","embeddable":true,"href":"https:\/\/abinox-chr-clim.com\/index.php\/wp-json\/wp\/v2\/product_brand?post=70221"},{"taxonomy":"product_cat","embeddable":true,"href":"https:\/\/abinox-chr-clim.com\/index.php\/wp-json\/wp\/v2\/product_cat?post=70221"},{"taxonomy":"product_tag","embeddable":true,"href":"https:\/\/abinox-chr-clim.com\/index.php\/wp-json\/wp\/v2\/product_tag?post=70221"}],"curies":[{"name":"wp","href":"https:\/\/api.w.org\/{rel}","templated":true}]}}