{"id":70220,"date":"2024-03-22T19:25:45","date_gmt":"2024-03-22T18:25:45","guid":{"rendered":"https:\/\/abinox-chr-clim.com\/index.php\/product\/fauteuils-en-rotin-pe-empilables-bolero-noirs-et-aluminium-lot-de-4\/"},"modified":"2026-04-02T09:06:49","modified_gmt":"2026-04-02T07:06:49","slug":"fauteuils-en-rotin-pe-empilables-bolero-noirs-et-aluminium-lot-de-4","status":"publish","type":"product","link":"https:\/\/abinox-chr-clim.com\/index.php\/product\/fauteuils-en-rotin-pe-empilables-bolero-noirs-et-aluminium-lot-de-4\/","title":{"rendered":"Fauteuils en rotin PE empilables Bolero noirs et aluminium (Lot de 4)"},"content":{"rendered":"<p>Fauteuils l\u00e9gers, simples, r\u00e9sistants et \u00e9l\u00e9gants pour une utilisation dans les bistros, caf\u00e9s, bars et clubs. Si\u00e8ge et dossier faciles \u00e0 nettoyer.<br \/>Empilable pour un rangement facile.Fauteuils empilables jusqu&rsquo;\u00e0 12. Le design noir ajoute une touche \u00e9l\u00e9gante. R\u00e9f\u00e9rence soumise \u00e0 une Eco-participation mobilier de 2.16\u20ac par unit\u00e9 vendue. Ch\u00e2ssis en aluminium l\u00e9ger, r\u00e9sistant et \u00e9tanche.Ch\u00e2ssis tubulaire diam\u00e8tre 25mm x 1,8mm d&rsquo;\u00e9paisseur.Hauteur de l&rsquo;assise 450mm. R\u00e9f\u00e9rence soumise \u00e0 une Eco-participation mobilier de 2,15\u20ac par unit\u00e9 vendue. Empilable pour un rangement facile. .<br \/> Caract\u00e9ristiques :<br \/>Lot : 4.<br \/> Dimensions : 735(h) x 530(l) x 850(L)mm.<br \/> Mati\u00e8re : Structure: Aluminium. Si\u00e8ge et dossier: poly\u00e9thyl\u00e8ne imitation rotin.<br \/> Couleur : Noir.<\/p>\n","protected":false},"excerpt":{"rendered":"<p>Fauteuils en rotin PE empilables Bolero noirs et aluminium (Lot de 4)<\/p>\n","protected":false},"featured_media":98551,"comment_status":"closed","ping_status":"closed","template":"","meta":[],"product_brand":[],"product_cat":[1203,1202,1201,1296],"product_tag":[],"class_list":{"0":"post-70220","1":"product","2":"type-product","3":"status-publish","4":"has-post-thumbnail","6":"product_cat-chaises","7":"product_cat-exterieur","8":"product_cat-mobilier","9":"product_cat-palettisable","11":"first","12":"instock","13":"featured","14":"taxable","15":"shipping-taxable","16":"purchasable","17":"product-type-simple"},"_links":{"self":[{"href":"https:\/\/abinox-chr-clim.com\/index.php\/wp-json\/wp\/v2\/product\/70220","targetHints":{"allow":["GET"]}}],"collection":[{"href":"https:\/\/abinox-chr-clim.com\/index.php\/wp-json\/wp\/v2\/product"}],"about":[{"href":"https:\/\/abinox-chr-clim.com\/index.php\/wp-json\/wp\/v2\/types\/product"}],"replies":[{"embeddable":true,"href":"https:\/\/abinox-chr-clim.com\/index.php\/wp-json\/wp\/v2\/comments?post=70220"}],"wp:featuredmedia":[{"embeddable":true,"href":"https:\/\/abinox-chr-clim.com\/index.php\/wp-json\/wp\/v2\/media\/98551"}],"wp:attachment":[{"href":"https:\/\/abinox-chr-clim.com\/index.php\/wp-json\/wp\/v2\/media?parent=70220"}],"wp:term":[{"taxonomy":"product_brand","embeddable":true,"href":"https:\/\/abinox-chr-clim.com\/index.php\/wp-json\/wp\/v2\/product_brand?post=70220"},{"taxonomy":"product_cat","embeddable":true,"href":"https:\/\/abinox-chr-clim.com\/index.php\/wp-json\/wp\/v2\/product_cat?post=70220"},{"taxonomy":"product_tag","embeddable":true,"href":"https:\/\/abinox-chr-clim.com\/index.php\/wp-json\/wp\/v2\/product_tag?post=70220"}],"curies":[{"name":"wp","href":"https:\/\/api.w.org\/{rel}","templated":true}]}}