{"id":70219,"date":"2024-03-22T19:25:44","date_gmt":"2024-03-22T18:25:44","guid":{"rendered":"https:\/\/abinox-chr-clim.com\/index.php\/product\/fauteuils-empilables-en-aluminium-avec-accoudoirs-bolero-x4\/"},"modified":"2026-04-02T09:06:47","modified_gmt":"2026-04-02T07:06:47","slug":"fauteuils-empilables-en-aluminium-avec-accoudoirs-bolero-x4","status":"publish","type":"product","link":"https:\/\/abinox-chr-clim.com\/index.php\/product\/fauteuils-empilables-en-aluminium-avec-accoudoirs-bolero-x4\/","title":{"rendered":"Fauteuils empilables en aluminium avec accoudoirs Bolero x4"},"content":{"rendered":"<p>Dossier et accoudoirs arrondis confortables. Fauteuil r\u00e9sistant pour une utilisation en int\u00e9rieur et ext\u00e9rieur, id\u00e9al pour les patios, trottoirs et terrasses.<br \/>Le style industriel donnera \u00e0 vos espaces un look actuel. Fabriqu\u00e9es en aluminium r\u00e9sistant aux intemp\u00e9ries, antirouille, antichoc et anticorrosion\u00a0: des meubles durables.Le mat\u00e9riau l\u00e9ger facilite le transport des chaises, permettant au personnel de les installer et de les ranger facilement.R\u00e9f\u00e9rence soumise \u00e0 une Eco-participation mobilier de 0.55\u20ac par unit\u00e9 vendue. Les fixations en acier inoxydable aident \u00e0 am\u00e9liorer la durabilit\u00e9 &#8211; vous assurant que vous disposez de meubles utilisables pendant des ann\u00e9es \u00e0 venir. Id\u00e9al pour l&rsquo;int\u00e9rieur et l&rsquo;ext\u00e9rieur. Empilable (12 maxi).  Le mod\u00e8le empilable (jusqu&rsquo;\u00e0 12 chaises) vous permet de gagner de l&rsquo;espace de rangement essentiel. Hauteur du si\u00e8ge\u00a0: 450 mm. R\u00e9f\u00e9rence soumise \u00e0 une Eco-participation mobilier de 1,56\u20ac par unit\u00e9 vendue. Le style industriel donnera \u00e0 vos espaces un look actuel.<\/p>\n<p>Caract\u00e9ristiques :<br \/>Lot : 4.<br \/> Dimensions : 780(H) x 600(L) x 495(P)mm.<br \/> Mati\u00e8re : Aluminium.<br \/> Couleur : Argent.<\/p>\n","protected":false},"excerpt":{"rendered":"<p>Fauteuils empilables en aluminium avec accoudoirs Bolero x4<\/p>\n","protected":false},"featured_media":98535,"comment_status":"closed","ping_status":"closed","template":"","meta":[],"product_brand":[],"product_cat":[1203,1202,1201,1296],"product_tag":[],"class_list":{"0":"post-70219","1":"product","2":"type-product","3":"status-publish","4":"has-post-thumbnail","6":"product_cat-chaises","7":"product_cat-exterieur","8":"product_cat-mobilier","9":"product_cat-palettisable","11":"first","12":"instock","13":"featured","14":"taxable","15":"shipping-taxable","16":"purchasable","17":"product-type-simple"},"_links":{"self":[{"href":"https:\/\/abinox-chr-clim.com\/index.php\/wp-json\/wp\/v2\/product\/70219","targetHints":{"allow":["GET"]}}],"collection":[{"href":"https:\/\/abinox-chr-clim.com\/index.php\/wp-json\/wp\/v2\/product"}],"about":[{"href":"https:\/\/abinox-chr-clim.com\/index.php\/wp-json\/wp\/v2\/types\/product"}],"replies":[{"embeddable":true,"href":"https:\/\/abinox-chr-clim.com\/index.php\/wp-json\/wp\/v2\/comments?post=70219"}],"wp:featuredmedia":[{"embeddable":true,"href":"https:\/\/abinox-chr-clim.com\/index.php\/wp-json\/wp\/v2\/media\/98535"}],"wp:attachment":[{"href":"https:\/\/abinox-chr-clim.com\/index.php\/wp-json\/wp\/v2\/media?parent=70219"}],"wp:term":[{"taxonomy":"product_brand","embeddable":true,"href":"https:\/\/abinox-chr-clim.com\/index.php\/wp-json\/wp\/v2\/product_brand?post=70219"},{"taxonomy":"product_cat","embeddable":true,"href":"https:\/\/abinox-chr-clim.com\/index.php\/wp-json\/wp\/v2\/product_cat?post=70219"},{"taxonomy":"product_tag","embeddable":true,"href":"https:\/\/abinox-chr-clim.com\/index.php\/wp-json\/wp\/v2\/product_tag?post=70219"}],"curies":[{"name":"wp","href":"https:\/\/api.w.org\/{rel}","templated":true}]}}