{"id":70218,"date":"2024-03-22T19:25:44","date_gmt":"2024-03-22T18:25:44","guid":{"rendered":"https:\/\/abinox-chr-clim.com\/index.php\/product\/fauteuils-en-rotin-et-aluminium-empilables-bolero-lot-de-4\/"},"modified":"2026-04-02T09:06:37","modified_gmt":"2026-04-02T07:06:37","slug":"fauteuils-en-rotin-et-aluminium-empilables-bolero-lot-de-4","status":"publish","type":"product","link":"https:\/\/abinox-chr-clim.com\/index.php\/product\/fauteuils-en-rotin-et-aluminium-empilables-bolero-lot-de-4\/","title":{"rendered":"Fauteuils en rotin et aluminium empilables Bolero (Lot de 4)"},"content":{"rendered":"<p>Fauteuils l\u00e9gers, simples, r\u00e9sistants et \u00e9l\u00e9gants pour une utilisation dans les bistros, caf\u00e9s, bars et clubs. Anti-rouille avec si\u00e8ge et dossier faciles \u00e0 nettoyer.<br \/>Construction l\u00e9g\u00e8re pour un transport facile. Id\u00e9ales pour l&rsquo;ext\u00e9rieur gr\u00e2ce \u00e0 leur r\u00e9sistance aux intemp\u00e9ries et \u00e0 la rouille. Design unique et naturel pour une touche \u00e9l\u00e9gante.R\u00e9f\u00e9rence soumise \u00e0 une Eco-participation mobilier de 2.08\u20ac par unit\u00e9 vendue. Si\u00e8ge et dossier faciles \u00e0 essuyer pour un nettoyage rapide. Patins non marquants pour la stabilit\u00e9 et pour \u00e9viter les dommages.Jusqu&rsquo;\u00e0 12 chaises empilables pour un rangement facile. Hauteur du si\u00e8ge\u00a0: 450\u00a0mm. Construction l\u00e9g\u00e8re pour un transport facile.<\/p>\n<p>Caract\u00e9ristiques :<br \/>Lot : 4.<br \/> Dimensions : 735(H) x 530(L) x 580(P) mm.<br \/> Mati\u00e8re : Aluminium et polyrotin.<br \/> Couleur : Argent.<\/p>\n","protected":false},"excerpt":{"rendered":"<p>Fauteuils en rotin et aluminium empilables Bolero (Lot de 4)<\/p>\n","protected":false},"featured_media":98461,"comment_status":"closed","ping_status":"closed","template":"","meta":[],"product_brand":[],"product_cat":[1203,1202,1201,1296],"product_tag":[],"class_list":{"0":"post-70218","1":"product","2":"type-product","3":"status-publish","4":"has-post-thumbnail","6":"product_cat-chaises","7":"product_cat-exterieur","8":"product_cat-mobilier","9":"product_cat-palettisable","11":"first","12":"instock","13":"featured","14":"taxable","15":"shipping-taxable","16":"purchasable","17":"product-type-simple"},"_links":{"self":[{"href":"https:\/\/abinox-chr-clim.com\/index.php\/wp-json\/wp\/v2\/product\/70218","targetHints":{"allow":["GET"]}}],"collection":[{"href":"https:\/\/abinox-chr-clim.com\/index.php\/wp-json\/wp\/v2\/product"}],"about":[{"href":"https:\/\/abinox-chr-clim.com\/index.php\/wp-json\/wp\/v2\/types\/product"}],"replies":[{"embeddable":true,"href":"https:\/\/abinox-chr-clim.com\/index.php\/wp-json\/wp\/v2\/comments?post=70218"}],"wp:featuredmedia":[{"embeddable":true,"href":"https:\/\/abinox-chr-clim.com\/index.php\/wp-json\/wp\/v2\/media\/98461"}],"wp:attachment":[{"href":"https:\/\/abinox-chr-clim.com\/index.php\/wp-json\/wp\/v2\/media?parent=70218"}],"wp:term":[{"taxonomy":"product_brand","embeddable":true,"href":"https:\/\/abinox-chr-clim.com\/index.php\/wp-json\/wp\/v2\/product_brand?post=70218"},{"taxonomy":"product_cat","embeddable":true,"href":"https:\/\/abinox-chr-clim.com\/index.php\/wp-json\/wp\/v2\/product_cat?post=70218"},{"taxonomy":"product_tag","embeddable":true,"href":"https:\/\/abinox-chr-clim.com\/index.php\/wp-json\/wp\/v2\/product_tag?post=70218"}],"curies":[{"name":"wp","href":"https:\/\/api.w.org\/{rel}","templated":true}]}}