{"id":70217,"date":"2024-03-22T19:25:44","date_gmt":"2024-03-22T18:25:44","guid":{"rendered":"https:\/\/abinox-chr-clim.com\/index.php\/product\/fauteuils-en-frene-et-aluminium-bolero-730mm-lot-de-4\/"},"modified":"2026-04-02T09:06:37","modified_gmt":"2026-04-02T07:06:37","slug":"fauteuils-en-frene-et-aluminium-bolero-730mm-lot-de-4","status":"publish","type":"product","link":"https:\/\/abinox-chr-clim.com\/index.php\/product\/fauteuils-en-frene-et-aluminium-bolero-730mm-lot-de-4\/","title":{"rendered":"Fauteuils en fr\u00eane et aluminium Bolero 730mm (Lot de 4)"},"content":{"rendered":"<p>El\u00e9gant, moderne et l\u00e9ger, id\u00e9al pour les caf\u00e9s, bars, bistros et discoth\u00e8ques.<br \/>Structure tubulaire 25(\u00d8)mm. Structure en aluminium l\u00e9ger. Utilisation int\u00e9rieure et ext\u00e9rieure. R\u00e9f\u00e9rence soumise \u00e0 une Eco-participation mobilier de 1.96\u20ac par unit\u00e9 vendue. Bois pr\u00e9-trait\u00e9 pour une utilisation ext\u00e9rieure. Utiliser l&rsquo;huile pour bois (DL476) pour entretenir votre mobilier. <delete>.Empilable jusqu&rsquo;\u00e0 16 maximum. R\u00e9f\u00e9rence soumise \u00e0 une Eco-participation mobilier de 1,89\u20ac par unit\u00e9 vendue. Structure tubulaire 25(\u00d8)mm.<\/p>\n<p>Caract\u00e9ristiques :<br \/>Lot : 4.<br \/> Dimensions : 730(h) x 555(l) x 530(L)mm.<br \/> Mati\u00e8re : Structure en aluminium l\u00e9ger et assise et dossier en fr\u00eane.<br \/> Couleur : Argent.<\/p>\n","protected":false},"excerpt":{"rendered":"<p>Fauteuils en fr\u00eane et aluminium Bolero 730mm (Lot de 4)<\/p>\n","protected":false},"featured_media":98451,"comment_status":"closed","ping_status":"closed","template":"","meta":[],"product_brand":[],"product_cat":[1203,1202,1201,1296],"product_tag":[],"class_list":{"0":"post-70217","1":"product","2":"type-product","3":"status-publish","4":"has-post-thumbnail","6":"product_cat-chaises","7":"product_cat-exterieur","8":"product_cat-mobilier","9":"product_cat-palettisable","11":"first","12":"instock","13":"featured","14":"taxable","15":"shipping-taxable","16":"purchasable","17":"product-type-simple"},"_links":{"self":[{"href":"https:\/\/abinox-chr-clim.com\/index.php\/wp-json\/wp\/v2\/product\/70217","targetHints":{"allow":["GET"]}}],"collection":[{"href":"https:\/\/abinox-chr-clim.com\/index.php\/wp-json\/wp\/v2\/product"}],"about":[{"href":"https:\/\/abinox-chr-clim.com\/index.php\/wp-json\/wp\/v2\/types\/product"}],"replies":[{"embeddable":true,"href":"https:\/\/abinox-chr-clim.com\/index.php\/wp-json\/wp\/v2\/comments?post=70217"}],"wp:featuredmedia":[{"embeddable":true,"href":"https:\/\/abinox-chr-clim.com\/index.php\/wp-json\/wp\/v2\/media\/98451"}],"wp:attachment":[{"href":"https:\/\/abinox-chr-clim.com\/index.php\/wp-json\/wp\/v2\/media?parent=70217"}],"wp:term":[{"taxonomy":"product_brand","embeddable":true,"href":"https:\/\/abinox-chr-clim.com\/index.php\/wp-json\/wp\/v2\/product_brand?post=70217"},{"taxonomy":"product_cat","embeddable":true,"href":"https:\/\/abinox-chr-clim.com\/index.php\/wp-json\/wp\/v2\/product_cat?post=70217"},{"taxonomy":"product_tag","embeddable":true,"href":"https:\/\/abinox-chr-clim.com\/index.php\/wp-json\/wp\/v2\/product_tag?post=70217"}],"curies":[{"name":"wp","href":"https:\/\/api.w.org\/{rel}","templated":true}]}}