{"id":70216,"date":"2024-03-22T19:25:43","date_gmt":"2024-03-22T18:25:43","guid":{"rendered":"https:\/\/abinox-chr-clim.com\/index.php\/product\/fauteuils-empilables-en-aluminium-bolero-lot-de-4\/"},"modified":"2026-04-02T09:06:35","modified_gmt":"2026-04-02T07:06:35","slug":"fauteuils-empilables-en-aluminium-bolero-lot-de-4","status":"publish","type":"product","link":"https:\/\/abinox-chr-clim.com\/index.php\/product\/fauteuils-empilables-en-aluminium-bolero-lot-de-4\/","title":{"rendered":"Fauteuils empilables en aluminium Bolero (Lot de 4)"},"content":{"rendered":"<p>Solide, durable et anti-rouille. Id\u00e9al pour une utilisation en ext\u00e9rieur sur les terrasses, trottoirs ou patios.<br \/>Conception l\u00e9g\u00e8re pour un transport facile. Con\u00e7u pour un usage int\u00e9rieur ou ext\u00e9rieur gr\u00e2ce \u00e0 sa r\u00e9sistance aux intemp\u00e9ries et \u00e0 la rouille. Le design classique et industriel ajoute une touche de style. R\u00e9f\u00e9rence soumise \u00e0 une Eco-participation mobilier de 0.76\u20ac par unit\u00e9 vendue. Assise et dossier faciles \u00e0 essuyer pour un nettoyage rapide. Patins non marquants pour la stabilit\u00e9 et la pr\u00e9vention des dommages.La conception empilable permet un rangement facile et peu encombrant. R\u00e9f\u00e9rence soumise \u00e0 une Eco-participation mobilier de 0,39\u20ac par unit\u00e9 vendue. Conception l\u00e9g\u00e8re pour un transport facile.<\/p>\n<p>Caract\u00e9ristiques :<br \/>Lot : 4.<br \/> Dimensions : 735(H) x 530(L) x 580(P)mm.<br \/> Mati\u00e8re : Aluminium.<br \/> Couleur : Argent.<\/p>\n","protected":false},"excerpt":{"rendered":"<p>Fauteuils empilables en aluminium Bolero (Lot de 4)<\/p>\n","protected":false},"featured_media":98441,"comment_status":"closed","ping_status":"closed","template":"","meta":[],"product_brand":[],"product_cat":[1203,1202,1201,1296],"product_tag":[],"class_list":{"0":"post-70216","1":"product","2":"type-product","3":"status-publish","4":"has-post-thumbnail","6":"product_cat-chaises","7":"product_cat-exterieur","8":"product_cat-mobilier","9":"product_cat-palettisable","11":"first","12":"instock","13":"featured","14":"taxable","15":"shipping-taxable","16":"purchasable","17":"product-type-simple"},"_links":{"self":[{"href":"https:\/\/abinox-chr-clim.com\/index.php\/wp-json\/wp\/v2\/product\/70216","targetHints":{"allow":["GET"]}}],"collection":[{"href":"https:\/\/abinox-chr-clim.com\/index.php\/wp-json\/wp\/v2\/product"}],"about":[{"href":"https:\/\/abinox-chr-clim.com\/index.php\/wp-json\/wp\/v2\/types\/product"}],"replies":[{"embeddable":true,"href":"https:\/\/abinox-chr-clim.com\/index.php\/wp-json\/wp\/v2\/comments?post=70216"}],"wp:featuredmedia":[{"embeddable":true,"href":"https:\/\/abinox-chr-clim.com\/index.php\/wp-json\/wp\/v2\/media\/98441"}],"wp:attachment":[{"href":"https:\/\/abinox-chr-clim.com\/index.php\/wp-json\/wp\/v2\/media?parent=70216"}],"wp:term":[{"taxonomy":"product_brand","embeddable":true,"href":"https:\/\/abinox-chr-clim.com\/index.php\/wp-json\/wp\/v2\/product_brand?post=70216"},{"taxonomy":"product_cat","embeddable":true,"href":"https:\/\/abinox-chr-clim.com\/index.php\/wp-json\/wp\/v2\/product_cat?post=70216"},{"taxonomy":"product_tag","embeddable":true,"href":"https:\/\/abinox-chr-clim.com\/index.php\/wp-json\/wp\/v2\/product_tag?post=70216"}],"curies":[{"name":"wp","href":"https:\/\/api.w.org\/{rel}","templated":true}]}}