{"id":70215,"date":"2024-03-22T19:25:43","date_gmt":"2024-03-22T18:25:43","guid":{"rendered":"https:\/\/abinox-chr-clim.com\/index.php\/product\/chaises-longues-en-polypropylene-blanches-resol-lot-de-4\/"},"modified":"2026-04-02T10:02:44","modified_gmt":"2026-04-02T08:02:44","slug":"chaises-longues-en-polypropylene-blanches-resol-lot-de-4","status":"publish","type":"product","link":"https:\/\/abinox-chr-clim.com\/index.php\/product\/chaises-longues-en-polypropylene-blanches-resol-lot-de-4\/","title":{"rendered":"Chaises longues en polypropyl\u00e8ne blanches Resol (lot de 4)"},"content":{"rendered":"<p>Chaise longue simple et empilable avec cinq positions d&rsquo;inclinaison. Le c\u00f4t\u00e9 droit dispose d&rsquo;un espace pour contenir des boissons ou des t\u00e9l\u00e9phones portables, tandis que le c\u00f4t\u00e9 gauche dispose d&rsquo;un espace de stockage suppl\u00e9mentaire. Roues arri\u00e8re pour un d\u00e9placement facile. Possibilit\u00e9 d&#8217;empiler jusqu&rsquo;\u00e0 10 chaises. Id\u00e9al pour les bords de piscine d&rsquo;h\u00f4tel.<br \/>Dossier r\u00e9glable 5 positions pour le confort des clients. La protection UV emp\u00eache la chaise longue de se d\u00e9colorer au fil du temps lorsqu&rsquo;elle est utilis\u00e9e au soleil. La construction en polypropyl\u00e8ne conf\u00e8re \u00e0 la chaise longue une grande r\u00e9sistance. Ce mat\u00e9riau en polypropyl\u00e8ne permet \u00e9galement un nettoyage facile. Possibilit\u00e9 d&#8217;empiler jusqu&rsquo;\u00e0 dix chaises longues pour un rangement peu encombrant. Les roues robustes facilitent le d\u00e9placement de la chaise longue. Un espace de rangement pratique permet aux clients de poser des t\u00e9l\u00e9phones portables ou des boissons. Livr\u00e9e enti\u00e8rement assembl\u00e9e pour une utilisation d\u00e8s la sortie de l&#8217;emballage.R\u00e9f\u00e9rence soumise \u00e0 une Eco-participation mobilier de 0,79\u20ac par unit\u00e9 vendue. Dossier r\u00e9glable 5 positions pour le confort des clients.<\/p>\n<p>Caract\u00e9ristiques :<br \/>Lot : 4.<br \/> Dimensions : 470(H) x 1880(L) x 630(P)mm.<br \/> Mati\u00e8re : Polypropyl\u00e8ne.<br \/> Couleur : Blanc.<\/p>\n","protected":false},"excerpt":{"rendered":"<p>Chaises longues en polypropyl\u00e8ne blanches Resol (lot de 4)<\/p>\n","protected":false},"featured_media":83357,"comment_status":"closed","ping_status":"closed","template":"","meta":[],"product_brand":[],"product_cat":[1203,1202,1201,1296],"product_tag":[],"class_list":{"0":"post-70215","1":"product","2":"type-product","3":"status-publish","4":"has-post-thumbnail","6":"product_cat-chaises","7":"product_cat-exterieur","8":"product_cat-mobilier","9":"product_cat-palettisable","11":"first","12":"instock","13":"featured","14":"taxable","15":"shipping-taxable","16":"purchasable","17":"product-type-simple"},"_links":{"self":[{"href":"https:\/\/abinox-chr-clim.com\/index.php\/wp-json\/wp\/v2\/product\/70215","targetHints":{"allow":["GET"]}}],"collection":[{"href":"https:\/\/abinox-chr-clim.com\/index.php\/wp-json\/wp\/v2\/product"}],"about":[{"href":"https:\/\/abinox-chr-clim.com\/index.php\/wp-json\/wp\/v2\/types\/product"}],"replies":[{"embeddable":true,"href":"https:\/\/abinox-chr-clim.com\/index.php\/wp-json\/wp\/v2\/comments?post=70215"}],"wp:featuredmedia":[{"embeddable":true,"href":"https:\/\/abinox-chr-clim.com\/index.php\/wp-json\/wp\/v2\/media\/83357"}],"wp:attachment":[{"href":"https:\/\/abinox-chr-clim.com\/index.php\/wp-json\/wp\/v2\/media?parent=70215"}],"wp:term":[{"taxonomy":"product_brand","embeddable":true,"href":"https:\/\/abinox-chr-clim.com\/index.php\/wp-json\/wp\/v2\/product_brand?post=70215"},{"taxonomy":"product_cat","embeddable":true,"href":"https:\/\/abinox-chr-clim.com\/index.php\/wp-json\/wp\/v2\/product_cat?post=70215"},{"taxonomy":"product_tag","embeddable":true,"href":"https:\/\/abinox-chr-clim.com\/index.php\/wp-json\/wp\/v2\/product_tag?post=70215"}],"curies":[{"name":"wp","href":"https:\/\/api.w.org\/{rel}","templated":true}]}}