{"id":70214,"date":"2024-03-22T19:25:43","date_gmt":"2024-03-22T18:25:43","guid":{"rendered":"https:\/\/abinox-chr-clim.com\/index.php\/product\/fauteuils-enveloppants-en-rotin-pp-bolero-noirs-lot-de-4\/"},"modified":"2026-04-02T09:29:31","modified_gmt":"2026-04-02T07:29:31","slug":"fauteuils-enveloppants-en-rotin-pp-bolero-noirs-lot-de-4","status":"publish","type":"product","link":"https:\/\/abinox-chr-clim.com\/index.php\/product\/fauteuils-enveloppants-en-rotin-pp-bolero-noirs-lot-de-4\/","title":{"rendered":"Fauteuils enveloppants en rotin PP Bolero noirs (lot de 4)"},"content":{"rendered":"<p>Chaise \u00e9l\u00e9gante, l\u00e9g\u00e8re et empilable pour faciliter la mise en place et le stockage. Adapt\u00e9e \u00e0 une utilisation int\u00e9rieure et ext\u00e9rieure dans les restaurants et caf\u00e9s. En polypropyl\u00e8ne durable, parfaite pour les cours et patios.<br \/>La construction empilable vous aide \u00e0 \u00e9conomiser de l&rsquo;espace de stockage. Adapt\u00e9s \u00e0 une utilisation int\u00e9rieure et ext\u00e9rieure. Livr\u00e9s mont\u00e9s. R\u00e9f\u00e9rence soumise \u00e0 une Eco-participation mobilier de 3.84\u20ac par unit\u00e9 vendue. Les pieds ergonomiques emp\u00eachent les accidents pendant le service pour assurer la s\u00e9curit\u00e9 des clients. La conception facile \u00e0 nettoyer permet au personnel de pr\u00e9parer rapidement les si\u00e8ges pour les prochains clients. Le mat\u00e9riau effet rotin ne recueille pas l&rsquo;eau lorsqu&rsquo;il est utilis\u00e9 \u00e0 l&rsquo;ext\u00e9rieur. Conforme \u00e0 la norme EN 16139 Niveau 1. Les protections de pieds en plastique aident \u00e0 \u00e9viter les traces sur le sol. Hauteur d&rsquo;assise : 465mm. La construction empilable vous aide \u00e0 \u00e9conomiser de l&rsquo;espace de stockage.<\/p>\n<p>Caract\u00e9ristiques :<br \/>Lot : 4.<br \/> Dimensions : 820(H) x 550(L) x 595(P) mm.<br \/> Mati\u00e8re : Polypropyl\u00e8ne.<br \/> Couleur : Gris anthracite.<\/p>\n","protected":false},"excerpt":{"rendered":"<p>Fauteuils enveloppants en rotin PP Bolero noirs (lot de 4)<\/p>\n","protected":false},"featured_media":103695,"comment_status":"closed","ping_status":"closed","template":"","meta":[],"product_brand":[],"product_cat":[1203,1202,1201,1296],"product_tag":[],"class_list":{"0":"post-70214","1":"product","2":"type-product","3":"status-publish","4":"has-post-thumbnail","6":"product_cat-chaises","7":"product_cat-exterieur","8":"product_cat-mobilier","9":"product_cat-palettisable","11":"first","12":"instock","13":"featured","14":"taxable","15":"shipping-taxable","16":"purchasable","17":"product-type-simple"},"_links":{"self":[{"href":"https:\/\/abinox-chr-clim.com\/index.php\/wp-json\/wp\/v2\/product\/70214","targetHints":{"allow":["GET"]}}],"collection":[{"href":"https:\/\/abinox-chr-clim.com\/index.php\/wp-json\/wp\/v2\/product"}],"about":[{"href":"https:\/\/abinox-chr-clim.com\/index.php\/wp-json\/wp\/v2\/types\/product"}],"replies":[{"embeddable":true,"href":"https:\/\/abinox-chr-clim.com\/index.php\/wp-json\/wp\/v2\/comments?post=70214"}],"wp:featuredmedia":[{"embeddable":true,"href":"https:\/\/abinox-chr-clim.com\/index.php\/wp-json\/wp\/v2\/media\/103695"}],"wp:attachment":[{"href":"https:\/\/abinox-chr-clim.com\/index.php\/wp-json\/wp\/v2\/media?parent=70214"}],"wp:term":[{"taxonomy":"product_brand","embeddable":true,"href":"https:\/\/abinox-chr-clim.com\/index.php\/wp-json\/wp\/v2\/product_brand?post=70214"},{"taxonomy":"product_cat","embeddable":true,"href":"https:\/\/abinox-chr-clim.com\/index.php\/wp-json\/wp\/v2\/product_cat?post=70214"},{"taxonomy":"product_tag","embeddable":true,"href":"https:\/\/abinox-chr-clim.com\/index.php\/wp-json\/wp\/v2\/product_tag?post=70214"}],"curies":[{"name":"wp","href":"https:\/\/api.w.org\/{rel}","templated":true}]}}