{"id":70213,"date":"2024-03-22T19:25:40","date_gmt":"2024-03-22T18:25:40","guid":{"rendered":"https:\/\/abinox-chr-clim.com\/index.php\/product\/chaises-pliantes-en-rotin-pe-bolero-lot-de-2\/"},"modified":"2026-04-02T09:17:14","modified_gmt":"2026-04-02T07:17:14","slug":"chaises-pliantes-en-rotin-pe-bolero-lot-de-2","status":"publish","type":"product","link":"https:\/\/abinox-chr-clim.com\/index.php\/product\/chaises-pliantes-en-rotin-pe-bolero-lot-de-2\/","title":{"rendered":"Chaises pliantes en rotin PE Bolero (Lot de 2)"},"content":{"rendered":"<p>Mobilier pliant fa\u00e7on rotin avec structure en acier durable et rev\u00eatement PE r\u00e9sistant aux intemp\u00e9ries, id\u00e9al pour les terrasses et  trottoirs o\u00f9 l&rsquo;espace est limit\u00e9. Se plie facilement pour un rangement rapide et pratique. S&rsquo;associe \u00e0 la chaise CF159 et au fauteuil DL477.<br \/>Utilisation int\u00e9rieure et ext\u00e9rieure. Structure acier et tressage fa\u00e7on rotin en poly\u00e9thyl\u00e8ne. Se plie pour un rangement facile. R\u00e9f\u00e9rence soumise \u00e0 une Eco-participation mobilier de 1.98\u20ac par unit\u00e9 vendue. Hauteur d&rsquo;assise : 460mm.Enti\u00e8rement mont\u00e9. R\u00e9f\u00e9rence soumise \u00e0 une Eco-participation mobilier de 1,12\u20ac par unit\u00e9 vendue. Utilisation int\u00e9rieure et ext\u00e9rieure.<\/p>\n<p>Caract\u00e9ristiques :<br \/>Lot : 2.<br \/> Dimensions : 850(H) x 580(L) x 470(P)mm.<br \/> Mati\u00e8re : Rotin PE et structure acier<\/p>\n","protected":false},"excerpt":{"rendered":"<p>Chaises pliantes en rotin PE Bolero (Lot de 2)<\/p>\n","protected":false},"featured_media":102089,"comment_status":"closed","ping_status":"closed","template":"","meta":[],"product_brand":[],"product_cat":[1203,1202,1201,1297],"product_tag":[],"class_list":{"0":"post-70213","1":"product","2":"type-product","3":"status-publish","4":"has-post-thumbnail","6":"product_cat-chaises","7":"product_cat-exterieur","8":"product_cat-mobilier","9":"product_cat-non-palettisable","10":"product_shipping_class-free-shipping","12":"first","13":"instock","14":"featured","15":"taxable","16":"shipping-taxable","17":"purchasable","18":"product-type-simple"},"_links":{"self":[{"href":"https:\/\/abinox-chr-clim.com\/index.php\/wp-json\/wp\/v2\/product\/70213","targetHints":{"allow":["GET"]}}],"collection":[{"href":"https:\/\/abinox-chr-clim.com\/index.php\/wp-json\/wp\/v2\/product"}],"about":[{"href":"https:\/\/abinox-chr-clim.com\/index.php\/wp-json\/wp\/v2\/types\/product"}],"replies":[{"embeddable":true,"href":"https:\/\/abinox-chr-clim.com\/index.php\/wp-json\/wp\/v2\/comments?post=70213"}],"wp:featuredmedia":[{"embeddable":true,"href":"https:\/\/abinox-chr-clim.com\/index.php\/wp-json\/wp\/v2\/media\/102089"}],"wp:attachment":[{"href":"https:\/\/abinox-chr-clim.com\/index.php\/wp-json\/wp\/v2\/media?parent=70213"}],"wp:term":[{"taxonomy":"product_brand","embeddable":true,"href":"https:\/\/abinox-chr-clim.com\/index.php\/wp-json\/wp\/v2\/product_brand?post=70213"},{"taxonomy":"product_cat","embeddable":true,"href":"https:\/\/abinox-chr-clim.com\/index.php\/wp-json\/wp\/v2\/product_cat?post=70213"},{"taxonomy":"product_tag","embeddable":true,"href":"https:\/\/abinox-chr-clim.com\/index.php\/wp-json\/wp\/v2\/product_tag?post=70213"}],"curies":[{"name":"wp","href":"https:\/\/api.w.org\/{rel}","templated":true}]}}