{"id":70212,"date":"2024-03-22T19:25:40","date_gmt":"2024-03-22T18:25:40","guid":{"rendered":"https:\/\/abinox-chr-clim.com\/index.php\/product\/chaises-bistro-frene-et-aluminium-bolero-lot-de-4\/"},"modified":"2026-04-02T09:16:39","modified_gmt":"2026-04-02T07:16:39","slug":"chaises-bistro-frene-et-aluminium-bolero-lot-de-4","status":"publish","type":"product","link":"https:\/\/abinox-chr-clim.com\/index.php\/product\/chaises-bistro-frene-et-aluminium-bolero-lot-de-4\/","title":{"rendered":"Chaises bistro fr\u00eane et aluminium Bolero (Lot de 4)"},"content":{"rendered":"<p>Chaise style bistro solide, r\u00e9sistante aux intemp\u00e9ries, anti-rouille et facile d&rsquo;entretien. Id\u00e9ale pour les caf\u00e9s, terrasses et patios.<br \/>Utilisation int\u00e9rieure \/ ext\u00e9rieure. Tube pied 25&#215;1.8mm &#8211; Lamelles 50(L) x 12(P)mm. Assise et dossier pr\u00e9-trait\u00e9s &#8211; utiliser l&rsquo;huile pour bois (DL476) pour prolonger la dur\u00e9e de vie de votre mobilier. R\u00e9f\u00e9rence soumise \u00e0 une Eco-participation mobilier de 1.86\u20ac par unit\u00e9 vendue. Hauteur d&rsquo;assise 435mm. Empilables jusqu&rsquo;\u00e0 8 pour un gain de place maximum.Dimensions assise :405mm (l) X 345mm (p). R\u00e9f\u00e9rence soumise \u00e0 une Eco-participation mobilier de 1,54\u20ac par unit\u00e9 vendue. Utilisation int\u00e9rieure \/ ext\u00e9rieure.<\/p>\n<p>Caract\u00e9ristiques :<br \/>Lot : 4.<br \/> Dimensions : Dimensions (mm): 773(H) x 485(L) x 565(P). Cadre (mm): 25(\u00d8) x1.8(\u00e9p).<br \/> Mati\u00e8re : Fr\u00eane et aluminium.<br \/> Couleur : Argent.<\/p>\n","protected":false},"excerpt":{"rendered":"<p>Chaises bistro fr\u00eane et aluminium Bolero (Lot de 4)<\/p>\n","protected":false},"featured_media":101996,"comment_status":"closed","ping_status":"closed","template":"","meta":[],"product_brand":[],"product_cat":[1203,1202,1201,1296],"product_tag":[],"class_list":{"0":"post-70212","1":"product","2":"type-product","3":"status-publish","4":"has-post-thumbnail","6":"product_cat-chaises","7":"product_cat-exterieur","8":"product_cat-mobilier","9":"product_cat-palettisable","11":"first","12":"instock","13":"featured","14":"taxable","15":"shipping-taxable","16":"purchasable","17":"product-type-simple"},"_links":{"self":[{"href":"https:\/\/abinox-chr-clim.com\/index.php\/wp-json\/wp\/v2\/product\/70212","targetHints":{"allow":["GET"]}}],"collection":[{"href":"https:\/\/abinox-chr-clim.com\/index.php\/wp-json\/wp\/v2\/product"}],"about":[{"href":"https:\/\/abinox-chr-clim.com\/index.php\/wp-json\/wp\/v2\/types\/product"}],"replies":[{"embeddable":true,"href":"https:\/\/abinox-chr-clim.com\/index.php\/wp-json\/wp\/v2\/comments?post=70212"}],"wp:featuredmedia":[{"embeddable":true,"href":"https:\/\/abinox-chr-clim.com\/index.php\/wp-json\/wp\/v2\/media\/101996"}],"wp:attachment":[{"href":"https:\/\/abinox-chr-clim.com\/index.php\/wp-json\/wp\/v2\/media?parent=70212"}],"wp:term":[{"taxonomy":"product_brand","embeddable":true,"href":"https:\/\/abinox-chr-clim.com\/index.php\/wp-json\/wp\/v2\/product_brand?post=70212"},{"taxonomy":"product_cat","embeddable":true,"href":"https:\/\/abinox-chr-clim.com\/index.php\/wp-json\/wp\/v2\/product_cat?post=70212"},{"taxonomy":"product_tag","embeddable":true,"href":"https:\/\/abinox-chr-clim.com\/index.php\/wp-json\/wp\/v2\/product_tag?post=70212"}],"curies":[{"name":"wp","href":"https:\/\/api.w.org\/{rel}","templated":true}]}}