{"id":70211,"date":"2024-03-22T19:25:39","date_gmt":"2024-03-22T18:25:39","guid":{"rendered":"https:\/\/abinox-chr-clim.com\/index.php\/product\/chaises-de-terrasse-pliantes-en-acier-bolero-bleu-turquoise-lot-de-2\/"},"modified":"2026-04-02T09:16:32","modified_gmt":"2026-04-02T07:16:32","slug":"chaises-de-terrasse-pliantes-en-acier-bolero-bleu-turquoise-lot-de-2","status":"publish","type":"product","link":"https:\/\/abinox-chr-clim.com\/index.php\/product\/chaises-de-terrasse-pliantes-en-acier-bolero-bleu-turquoise-lot-de-2\/","title":{"rendered":"Chaises de terrasse pliantes en acier Bolero bleu turquoise (Lot de 2)"},"content":{"rendered":"<p>Le style industriel donnera \u00e0 vos espaces un aspect original. Le design pliant permet de gagner de l&rsquo;espace de rangement. Convient pour une utilisation en int\u00e9rieur et en ext\u00e9rieur &#8211; id\u00e9al pour les restaurants, les caf\u00e9s ou les bistros. R\u00e9f\u00e9rence soumise \u00e0 une Eco-participation mobilier de 0.59\u20ac par unit\u00e9 vendue. Am\u00e9nagement de style discret pour mettre en valeur la lumi\u00e8re et l&rsquo;espace. La conception facile \u00e0 nettoyer permet au personnel de pr\u00e9parer rapidement les places assises pour vos prochains clients.Le rev\u00eatement ext\u00e9rieur en poudre \u00e9lectrophor\u00e8se emp\u00eache la rouille, la d\u00e9coloration et l&rsquo;usure. Hauteur de l&rsquo;assise : 440 mm. Le style industriel donnera \u00e0 vos espaces un aspect original.<\/p>\n<p>Caract\u00e9ristiques :<br \/>Lot : 2.<br \/> Dimensions : 800(H)x 387(L)x 471(P)mm.<br \/> Mati\u00e8re : .<br \/> Couleur : Bleu.<\/p>\n","protected":false},"excerpt":{"rendered":"<p>Chaises de terrasse pliantes en acier Bolero bleu turquoise (Lot de 2)<\/p>\n","protected":false},"featured_media":101988,"comment_status":"closed","ping_status":"closed","template":"","meta":[],"product_brand":[],"product_cat":[1203,1202,1201,1297],"product_tag":[],"class_list":{"0":"post-70211","1":"product","2":"type-product","3":"status-publish","4":"has-post-thumbnail","6":"product_cat-chaises","7":"product_cat-exterieur","8":"product_cat-mobilier","9":"product_cat-non-palettisable","10":"product_shipping_class-free-shipping","12":"first","13":"instock","14":"featured","15":"taxable","16":"shipping-taxable","17":"purchasable","18":"product-type-simple"},"_links":{"self":[{"href":"https:\/\/abinox-chr-clim.com\/index.php\/wp-json\/wp\/v2\/product\/70211","targetHints":{"allow":["GET"]}}],"collection":[{"href":"https:\/\/abinox-chr-clim.com\/index.php\/wp-json\/wp\/v2\/product"}],"about":[{"href":"https:\/\/abinox-chr-clim.com\/index.php\/wp-json\/wp\/v2\/types\/product"}],"replies":[{"embeddable":true,"href":"https:\/\/abinox-chr-clim.com\/index.php\/wp-json\/wp\/v2\/comments?post=70211"}],"wp:featuredmedia":[{"embeddable":true,"href":"https:\/\/abinox-chr-clim.com\/index.php\/wp-json\/wp\/v2\/media\/101988"}],"wp:attachment":[{"href":"https:\/\/abinox-chr-clim.com\/index.php\/wp-json\/wp\/v2\/media?parent=70211"}],"wp:term":[{"taxonomy":"product_brand","embeddable":true,"href":"https:\/\/abinox-chr-clim.com\/index.php\/wp-json\/wp\/v2\/product_brand?post=70211"},{"taxonomy":"product_cat","embeddable":true,"href":"https:\/\/abinox-chr-clim.com\/index.php\/wp-json\/wp\/v2\/product_cat?post=70211"},{"taxonomy":"product_tag","embeddable":true,"href":"https:\/\/abinox-chr-clim.com\/index.php\/wp-json\/wp\/v2\/product_tag?post=70211"}],"curies":[{"name":"wp","href":"https:\/\/api.w.org\/{rel}","templated":true}]}}