{"id":70210,"date":"2024-03-22T19:25:39","date_gmt":"2024-03-22T18:25:39","guid":{"rendered":"https:\/\/abinox-chr-clim.com\/index.php\/product\/chaises-bistro-empilables-bolero-noires-lot-de-4\/"},"modified":"2026-04-02T09:14:15","modified_gmt":"2026-04-02T07:14:15","slug":"chaises-bistro-empilables-bolero-noires-lot-de-4","status":"publish","type":"product","link":"https:\/\/abinox-chr-clim.com\/index.php\/product\/chaises-bistro-empilables-bolero-noires-lot-de-4\/","title":{"rendered":"Chaises bistro empilables Bolero noires (Lot de 4)"},"content":{"rendered":"<p>En polypropyl\u00e8ne robuste, simple et pratique. Convient \u00e0 une utilisation dans les restaurants et caf\u00e9s.<br \/>Utilisation int\u00e9rieure et ext\u00e9rieure. Empilables jusqu&rsquo;\u00e0 12. Hauteur d&rsquo;assise : 450mm. R\u00e9f\u00e9rence soumise \u00e0 une Eco-participation mobilier de 2.56\u20ac par unit\u00e9 vendue. Livr\u00e9s mont\u00e9s avec patins \u00e9lastopropyl\u00e8ne. Trou de drainage dans le si\u00e8ge. Facile \u00e0 entretenir et nettoyer. L\u00e9ger pour faciliter la mise en place et le rangement. R\u00e9sistant aux UV et \u00e0 l&rsquo;humidit\u00e9. R\u00e9f\u00e9rence soumise \u00e0 une Eco-participation mobilier de 1,49\u20ac par unit\u00e9 vendue. Utilisation int\u00e9rieure et ext\u00e9rieure.<\/p>\n<p>Caract\u00e9ristiques :<br \/>Lot : 4.<br \/> Dimensions : 820(H) x 450(L) x 570(P).<br \/> Mati\u00e8re : Polypropyl\u00e8ne et aluminium.<br \/> Couleur : Noir.<\/p>\n","protected":false},"excerpt":{"rendered":"<p>Chaises bistro empilables Bolero noires (Lot de 4)<\/p>\n","protected":false},"featured_media":101934,"comment_status":"closed","ping_status":"closed","template":"","meta":[],"product_brand":[],"product_cat":[1203,1202,1201,1296],"product_tag":[],"class_list":{"0":"post-70210","1":"product","2":"type-product","3":"status-publish","4":"has-post-thumbnail","6":"product_cat-chaises","7":"product_cat-exterieur","8":"product_cat-mobilier","9":"product_cat-palettisable","11":"first","12":"instock","13":"featured","14":"taxable","15":"shipping-taxable","16":"purchasable","17":"product-type-simple"},"_links":{"self":[{"href":"https:\/\/abinox-chr-clim.com\/index.php\/wp-json\/wp\/v2\/product\/70210","targetHints":{"allow":["GET"]}}],"collection":[{"href":"https:\/\/abinox-chr-clim.com\/index.php\/wp-json\/wp\/v2\/product"}],"about":[{"href":"https:\/\/abinox-chr-clim.com\/index.php\/wp-json\/wp\/v2\/types\/product"}],"replies":[{"embeddable":true,"href":"https:\/\/abinox-chr-clim.com\/index.php\/wp-json\/wp\/v2\/comments?post=70210"}],"wp:featuredmedia":[{"embeddable":true,"href":"https:\/\/abinox-chr-clim.com\/index.php\/wp-json\/wp\/v2\/media\/101934"}],"wp:attachment":[{"href":"https:\/\/abinox-chr-clim.com\/index.php\/wp-json\/wp\/v2\/media?parent=70210"}],"wp:term":[{"taxonomy":"product_brand","embeddable":true,"href":"https:\/\/abinox-chr-clim.com\/index.php\/wp-json\/wp\/v2\/product_brand?post=70210"},{"taxonomy":"product_cat","embeddable":true,"href":"https:\/\/abinox-chr-clim.com\/index.php\/wp-json\/wp\/v2\/product_cat?post=70210"},{"taxonomy":"product_tag","embeddable":true,"href":"https:\/\/abinox-chr-clim.com\/index.php\/wp-json\/wp\/v2\/product_tag?post=70210"}],"curies":[{"name":"wp","href":"https:\/\/api.w.org\/{rel}","templated":true}]}}