{"id":70208,"date":"2024-03-22T19:25:38","date_gmt":"2024-03-22T18:25:38","guid":{"rendered":"https:\/\/abinox-chr-clim.com\/index.php\/product\/chaises-bistro-en-imitation-bois-bolero-lot-de-2\/"},"modified":"2026-04-02T09:14:12","modified_gmt":"2026-04-02T07:14:12","slug":"chaises-bistro-en-imitation-bois-bolero-lot-de-2","status":"publish","type":"product","link":"https:\/\/abinox-chr-clim.com\/index.php\/product\/chaises-bistro-en-imitation-bois-bolero-lot-de-2\/","title":{"rendered":"Chaises bistro en imitation bois Bolero (Lot de 2)"},"content":{"rendered":"<p>Tables et chaises de style traditionnel adapt\u00e9es pour les petites surfaces o\u00f9 l&rsquo;espace terrasse est restreint, trottoirs et cours. Cadres en acier et lattes en poly\u00e9thyl\u00e8ne de 15mm pour la r\u00e9sistance et un entretien facile.<br \/>. R\u00e9f\u00e9rence soumise \u00e0 une Eco-participation mobilier de 2.01\u20ac par unit\u00e9 vendue.  R\u00e9f\u00e9rence soumise \u00e0 une Eco-participation mobilier de 1,20\u20ac par unit\u00e9 vendue. .<\/p>\n<p>Caract\u00e9ristiques :<br \/>Lot : 2.<br \/> Dimensions : 810(H) x 420(L) x 440(P) mm.<br \/> Mati\u00e8re : Acier peint et polybois.<br \/> Couleur : Noir.<\/p>\n","protected":false},"excerpt":{"rendered":"<p>Chaises bistro en imitation bois Bolero (Lot de 2)<\/p>\n","protected":false},"featured_media":101931,"comment_status":"closed","ping_status":"closed","template":"","meta":[],"product_brand":[],"product_cat":[1203,1202,1201,1297],"product_tag":[],"class_list":{"0":"post-70208","1":"product","2":"type-product","3":"status-publish","4":"has-post-thumbnail","6":"product_cat-chaises","7":"product_cat-exterieur","8":"product_cat-mobilier","9":"product_cat-non-palettisable","10":"product_shipping_class-free-shipping","12":"first","13":"instock","14":"featured","15":"taxable","16":"shipping-taxable","17":"purchasable","18":"product-type-simple"},"_links":{"self":[{"href":"https:\/\/abinox-chr-clim.com\/index.php\/wp-json\/wp\/v2\/product\/70208","targetHints":{"allow":["GET"]}}],"collection":[{"href":"https:\/\/abinox-chr-clim.com\/index.php\/wp-json\/wp\/v2\/product"}],"about":[{"href":"https:\/\/abinox-chr-clim.com\/index.php\/wp-json\/wp\/v2\/types\/product"}],"replies":[{"embeddable":true,"href":"https:\/\/abinox-chr-clim.com\/index.php\/wp-json\/wp\/v2\/comments?post=70208"}],"wp:featuredmedia":[{"embeddable":true,"href":"https:\/\/abinox-chr-clim.com\/index.php\/wp-json\/wp\/v2\/media\/101931"}],"wp:attachment":[{"href":"https:\/\/abinox-chr-clim.com\/index.php\/wp-json\/wp\/v2\/media?parent=70208"}],"wp:term":[{"taxonomy":"product_brand","embeddable":true,"href":"https:\/\/abinox-chr-clim.com\/index.php\/wp-json\/wp\/v2\/product_brand?post=70208"},{"taxonomy":"product_cat","embeddable":true,"href":"https:\/\/abinox-chr-clim.com\/index.php\/wp-json\/wp\/v2\/product_cat?post=70208"},{"taxonomy":"product_tag","embeddable":true,"href":"https:\/\/abinox-chr-clim.com\/index.php\/wp-json\/wp\/v2\/product_tag?post=70208"}],"curies":[{"name":"wp","href":"https:\/\/api.w.org\/{rel}","templated":true}]}}