{"id":70207,"date":"2024-03-22T19:25:38","date_gmt":"2024-03-22T18:25:38","guid":{"rendered":"https:\/\/abinox-chr-clim.com\/index.php\/product\/chaises-de-terrasse-en-acier-bolero-rouges-lot-de-2\/"},"modified":"2026-04-02T08:52:42","modified_gmt":"2026-04-02T06:52:42","slug":"chaises-de-terrasse-en-acier-bolero-rouges-lot-de-2","status":"publish","type":"product","link":"https:\/\/abinox-chr-clim.com\/index.php\/product\/chaises-de-terrasse-en-acier-bolero-rouges-lot-de-2\/","title":{"rendered":"Chaises de terrasse en acier Bolero rouges (Lot de 2)"},"content":{"rendered":"<p>Mobilier pliant en acier aux couleurs vives, id\u00e9al pour les terrasses et trottoirs. Se plie facilement pour un rangement rapide. Choisissez de m\u00e9langer ou assortir les couleurs pour cr\u00e9er votre style. Tables livr\u00e9es avec pieds en nylon.<br \/>Le mat\u00e9riau l\u00e9ger rend les chaises faciles \u00e0 transporter. La conception empilable vous permet d&rsquo;\u00e9conomiser de l&rsquo;espace de rangement essentiel. Con\u00e7ues dans un coloris noir audacieux qui ajoute une touche sophistiqu\u00e9e \u00e0 vos espaces assis. R\u00e9f\u00e9rence soumise \u00e0 une Eco-participation mobilier de 0.61\u20ac par unit\u00e9 vendue. Les embouts de pied offrent une protection au sol et aident \u00e0 r\u00e9duire le risque de glisser. Construction robuste en acier qui vous offre des meubles durables. Convient \u00e0 une utilisation \u00e0 l&rsquo;int\u00e9rieur ou \u00e0 l&rsquo;ext\u00e9rieur sans risque de se d\u00e9grader.Livr\u00e9e enti\u00e8rement mont\u00e9e pour une utilisation imm\u00e9diate hors de la bo\u00eete. Hauteur du si\u00e8ge\u00a0: 440 mm. Le mat\u00e9riau l\u00e9ger rend les chaises faciles \u00e0 transporter.<\/p>\n<p>Caract\u00e9ristiques :<br \/>Lot : 2.<br \/> Dimensions : 800(H)x 387(L)x 471(P)mm.<br \/> Mati\u00e8re : M\u00e9tal.<br \/> Couleur : Rouge.<\/p>\n","protected":false},"excerpt":{"rendered":"<p>Chaises de terrasse en acier Bolero rouges (Lot de 2)<\/p>\n","protected":false},"featured_media":101821,"comment_status":"closed","ping_status":"closed","template":"","meta":[],"product_brand":[],"product_cat":[1203,1202,1201,1297],"product_tag":[],"class_list":{"0":"post-70207","1":"product","2":"type-product","3":"status-publish","4":"has-post-thumbnail","6":"product_cat-chaises","7":"product_cat-exterieur","8":"product_cat-mobilier","9":"product_cat-non-palettisable","10":"product_shipping_class-free-shipping","12":"first","13":"instock","14":"featured","15":"taxable","16":"shipping-taxable","17":"purchasable","18":"product-type-simple"},"_links":{"self":[{"href":"https:\/\/abinox-chr-clim.com\/index.php\/wp-json\/wp\/v2\/product\/70207","targetHints":{"allow":["GET"]}}],"collection":[{"href":"https:\/\/abinox-chr-clim.com\/index.php\/wp-json\/wp\/v2\/product"}],"about":[{"href":"https:\/\/abinox-chr-clim.com\/index.php\/wp-json\/wp\/v2\/types\/product"}],"replies":[{"embeddable":true,"href":"https:\/\/abinox-chr-clim.com\/index.php\/wp-json\/wp\/v2\/comments?post=70207"}],"wp:featuredmedia":[{"embeddable":true,"href":"https:\/\/abinox-chr-clim.com\/index.php\/wp-json\/wp\/v2\/media\/101821"}],"wp:attachment":[{"href":"https:\/\/abinox-chr-clim.com\/index.php\/wp-json\/wp\/v2\/media?parent=70207"}],"wp:term":[{"taxonomy":"product_brand","embeddable":true,"href":"https:\/\/abinox-chr-clim.com\/index.php\/wp-json\/wp\/v2\/product_brand?post=70207"},{"taxonomy":"product_cat","embeddable":true,"href":"https:\/\/abinox-chr-clim.com\/index.php\/wp-json\/wp\/v2\/product_cat?post=70207"},{"taxonomy":"product_tag","embeddable":true,"href":"https:\/\/abinox-chr-clim.com\/index.php\/wp-json\/wp\/v2\/product_tag?post=70207"}],"curies":[{"name":"wp","href":"https:\/\/api.w.org\/{rel}","templated":true}]}}