{"id":70206,"date":"2024-03-22T19:25:38","date_gmt":"2024-03-22T18:25:38","guid":{"rendered":"https:\/\/abinox-chr-clim.com\/index.php\/product\/chaises-de-terrasse-pliantes-en-acier-bolero-noires-lot-de-2\/"},"modified":"2026-04-02T08:52:41","modified_gmt":"2026-04-02T06:52:41","slug":"chaises-de-terrasse-pliantes-en-acier-bolero-noires-lot-de-2","status":"publish","type":"product","link":"https:\/\/abinox-chr-clim.com\/index.php\/product\/chaises-de-terrasse-pliantes-en-acier-bolero-noires-lot-de-2\/","title":{"rendered":"Chaises de terrasse pliantes en acier Bolero noires (Lot de 2)"},"content":{"rendered":"<p>Enti\u00e8rement mont\u00e9. Trait\u00e9 anti UV. Pour une utilisation int\u00e9rieure et ext\u00e9rieure. R\u00e9f\u00e9rence soumise \u00e0 une Eco-participation mobilier de 0.59\u20ac par unit\u00e9 vendue. \u00c9paisseur des lamelles: 2mm.Hauteur de l&rsquo;assise 440mm. R\u00e9f\u00e9rence soumise \u00e0 une Eco-participation mobilier de 1,23\u20ac par unit\u00e9 vendue. Enti\u00e8rement mont\u00e9.<\/p>\n<p>Caract\u00e9ristiques :<br \/>Lot : 2.<br \/> Dimensions : 800(H)x 387(L)x 471(P)mm.<br \/> Mati\u00e8re : Acier poudr\u00e9.<br \/> Couleur : Noir.<\/p>\n","protected":false},"excerpt":{"rendered":"<p>Chaises de terrasse pliantes en acier Bolero noires (Lot de 2)<\/p>\n","protected":false},"featured_media":101820,"comment_status":"closed","ping_status":"closed","template":"","meta":[],"product_brand":[],"product_cat":[1203,1202,1201,1297],"product_tag":[],"class_list":{"0":"post-70206","1":"product","2":"type-product","3":"status-publish","4":"has-post-thumbnail","6":"product_cat-chaises","7":"product_cat-exterieur","8":"product_cat-mobilier","9":"product_cat-non-palettisable","10":"product_shipping_class-free-shipping","12":"first","13":"instock","14":"featured","15":"taxable","16":"shipping-taxable","17":"purchasable","18":"product-type-simple"},"_links":{"self":[{"href":"https:\/\/abinox-chr-clim.com\/index.php\/wp-json\/wp\/v2\/product\/70206","targetHints":{"allow":["GET"]}}],"collection":[{"href":"https:\/\/abinox-chr-clim.com\/index.php\/wp-json\/wp\/v2\/product"}],"about":[{"href":"https:\/\/abinox-chr-clim.com\/index.php\/wp-json\/wp\/v2\/types\/product"}],"replies":[{"embeddable":true,"href":"https:\/\/abinox-chr-clim.com\/index.php\/wp-json\/wp\/v2\/comments?post=70206"}],"wp:featuredmedia":[{"embeddable":true,"href":"https:\/\/abinox-chr-clim.com\/index.php\/wp-json\/wp\/v2\/media\/101820"}],"wp:attachment":[{"href":"https:\/\/abinox-chr-clim.com\/index.php\/wp-json\/wp\/v2\/media?parent=70206"}],"wp:term":[{"taxonomy":"product_brand","embeddable":true,"href":"https:\/\/abinox-chr-clim.com\/index.php\/wp-json\/wp\/v2\/product_brand?post=70206"},{"taxonomy":"product_cat","embeddable":true,"href":"https:\/\/abinox-chr-clim.com\/index.php\/wp-json\/wp\/v2\/product_cat?post=70206"},{"taxonomy":"product_tag","embeddable":true,"href":"https:\/\/abinox-chr-clim.com\/index.php\/wp-json\/wp\/v2\/product_tag?post=70206"}],"curies":[{"name":"wp","href":"https:\/\/api.w.org\/{rel}","templated":true}]}}