{"id":70204,"date":"2024-03-22T19:25:37","date_gmt":"2024-03-22T18:25:37","guid":{"rendered":"https:\/\/abinox-chr-clim.com\/index.php\/product\/chaises-dexterieur-en-polypropylene-empilables-baltimore-bleu-petrole-lot-de-4\/"},"modified":"2026-04-02T09:58:23","modified_gmt":"2026-04-02T07:58:23","slug":"chaises-dexterieur-en-polypropylene-empilables-baltimore-bleu-petrole-lot-de-4","status":"publish","type":"product","link":"https:\/\/abinox-chr-clim.com\/index.php\/product\/chaises-dexterieur-en-polypropylene-empilables-baltimore-bleu-petrole-lot-de-4\/","title":{"rendered":"Chaises d&rsquo;ext\u00e9rieur en polypropyl\u00e8ne empilables Baltimore bleu p\u00e9trole (lot de 4)"},"content":{"rendered":"<p>Fournit un excellent confort d&rsquo;assise, \u00e0 l&rsquo;int\u00e9rieur et \u00e0 l&rsquo;ext\u00e9rieur. Polypropyl\u00e8ne renforc\u00e9 de fibre de verre et r\u00e9sistant aux UV. Facilement empilable, cette chaise est facile \u00e0 transporter et\/ou \u00e0 ranger.<br \/>Empilable. Ext\u00e9rieur et int\u00e9rieur. Facile \u00e0 nettoyer. R\u00e9f\u00e9rence soumise \u00e0 une Eco-participation mobilier de 0.05\u20ac par unit\u00e9 vendue. Design moderne.  Processus de production respectueux de l&rsquo;environnement. Empilable.<\/p>\n<p>Caract\u00e9ristiques :<br \/>Lot : 4.<br \/> Dimensions : 820(H) x 460(L) mm.<br \/> Mati\u00e8re : Polypropyl\u00e8ne.<br \/> Couleur : Bleu.<\/p>\n","protected":false},"excerpt":{"rendered":"<p>Chaises d&rsquo;ext\u00e9rieur en polypropyl\u00e8ne empilables Baltimore bleu p\u00e9trole (lot de 4)<\/p>\n","protected":false},"featured_media":101059,"comment_status":"closed","ping_status":"closed","template":"","meta":[],"product_brand":[],"product_cat":[1203,1202,1201,1296],"product_tag":[],"class_list":{"0":"post-70204","1":"product","2":"type-product","3":"status-publish","4":"has-post-thumbnail","6":"product_cat-chaises","7":"product_cat-exterieur","8":"product_cat-mobilier","9":"product_cat-palettisable","11":"first","12":"instock","13":"featured","14":"taxable","15":"shipping-taxable","16":"purchasable","17":"product-type-simple"},"_links":{"self":[{"href":"https:\/\/abinox-chr-clim.com\/index.php\/wp-json\/wp\/v2\/product\/70204","targetHints":{"allow":["GET"]}}],"collection":[{"href":"https:\/\/abinox-chr-clim.com\/index.php\/wp-json\/wp\/v2\/product"}],"about":[{"href":"https:\/\/abinox-chr-clim.com\/index.php\/wp-json\/wp\/v2\/types\/product"}],"replies":[{"embeddable":true,"href":"https:\/\/abinox-chr-clim.com\/index.php\/wp-json\/wp\/v2\/comments?post=70204"}],"wp:featuredmedia":[{"embeddable":true,"href":"https:\/\/abinox-chr-clim.com\/index.php\/wp-json\/wp\/v2\/media\/101059"}],"wp:attachment":[{"href":"https:\/\/abinox-chr-clim.com\/index.php\/wp-json\/wp\/v2\/media?parent=70204"}],"wp:term":[{"taxonomy":"product_brand","embeddable":true,"href":"https:\/\/abinox-chr-clim.com\/index.php\/wp-json\/wp\/v2\/product_brand?post=70204"},{"taxonomy":"product_cat","embeddable":true,"href":"https:\/\/abinox-chr-clim.com\/index.php\/wp-json\/wp\/v2\/product_cat?post=70204"},{"taxonomy":"product_tag","embeddable":true,"href":"https:\/\/abinox-chr-clim.com\/index.php\/wp-json\/wp\/v2\/product_tag?post=70204"}],"curies":[{"name":"wp","href":"https:\/\/api.w.org\/{rel}","templated":true}]}}