{"id":70195,"date":"2024-03-22T19:25:34","date_gmt":"2024-03-22T18:25:34","guid":{"rendered":"https:\/\/abinox-chr-clim.com\/index.php\/product\/chaises-en-polypropylene-windson-anthracite-lot-de-4\/"},"modified":"2026-04-02T09:58:14","modified_gmt":"2026-04-02T07:58:14","slug":"chaises-en-polypropylene-windson-anthracite-lot-de-4","status":"publish","type":"product","link":"https:\/\/abinox-chr-clim.com\/index.php\/product\/chaises-en-polypropylene-windson-anthracite-lot-de-4\/","title":{"rendered":"Chaises en polypropyl\u00e8ne Windson anthracite (lot de 4)"},"content":{"rendered":"<p>Chaise en polypropyl\u00e8ne populaire et solide pouvant \u00eatre associ\u00e9e \u00e0 toute gamme de mobilier. Gr\u00e2ce \u00e0 sa finition \u00e9l\u00e9gante, elle rend tr\u00e8s bien en salle. La chaise Windson peut \u00eatre utilis\u00e9e aussi bien \u00e0 l&rsquo;int\u00e9rieur qu&rsquo;\u00e0 l&rsquo;ext\u00e9rieur.<br \/>Fibre de verre. Injection de gaz. Empilable. R\u00e9f\u00e9rence soumise \u00e0 une Eco-participation mobilier de 0.08\u20ac par unit\u00e9 vendue. R\u00e9sistant aux UV. Facile \u00e0 nettoyer. Pas d&rsquo;assemblage.Int\u00e9rieur ext\u00e9rieur. Fibre de verre.<\/p>\n<p>Caract\u00e9ristiques :<br \/>Lot : 4.<br \/> Dimensions : 750(H) x 540(L) x 530(P) mm.<br \/> Mati\u00e8re : Polypropyl\u00e8ne.<br \/> Couleur : Anthracite.<\/p>\n","protected":false},"excerpt":{"rendered":"<p>Chaises en polypropyl\u00e8ne Windson anthracite (lot de 4)<\/p>\n","protected":false},"featured_media":101024,"comment_status":"closed","ping_status":"closed","template":"","meta":[],"product_brand":[],"product_cat":[1203,1202,1201,1296],"product_tag":[],"class_list":{"0":"post-70195","1":"product","2":"type-product","3":"status-publish","4":"has-post-thumbnail","6":"product_cat-chaises","7":"product_cat-exterieur","8":"product_cat-mobilier","9":"product_cat-palettisable","11":"first","12":"outofstock","13":"featured","14":"taxable","15":"shipping-taxable","16":"purchasable","17":"product-type-simple"},"_links":{"self":[{"href":"https:\/\/abinox-chr-clim.com\/index.php\/wp-json\/wp\/v2\/product\/70195","targetHints":{"allow":["GET"]}}],"collection":[{"href":"https:\/\/abinox-chr-clim.com\/index.php\/wp-json\/wp\/v2\/product"}],"about":[{"href":"https:\/\/abinox-chr-clim.com\/index.php\/wp-json\/wp\/v2\/types\/product"}],"replies":[{"embeddable":true,"href":"https:\/\/abinox-chr-clim.com\/index.php\/wp-json\/wp\/v2\/comments?post=70195"}],"wp:featuredmedia":[{"embeddable":true,"href":"https:\/\/abinox-chr-clim.com\/index.php\/wp-json\/wp\/v2\/media\/101024"}],"wp:attachment":[{"href":"https:\/\/abinox-chr-clim.com\/index.php\/wp-json\/wp\/v2\/media?parent=70195"}],"wp:term":[{"taxonomy":"product_brand","embeddable":true,"href":"https:\/\/abinox-chr-clim.com\/index.php\/wp-json\/wp\/v2\/product_brand?post=70195"},{"taxonomy":"product_cat","embeddable":true,"href":"https:\/\/abinox-chr-clim.com\/index.php\/wp-json\/wp\/v2\/product_cat?post=70195"},{"taxonomy":"product_tag","embeddable":true,"href":"https:\/\/abinox-chr-clim.com\/index.php\/wp-json\/wp\/v2\/product_tag?post=70195"}],"curies":[{"name":"wp","href":"https:\/\/api.w.org\/{rel}","templated":true}]}}