{"id":70194,"date":"2024-03-22T19:25:34","date_gmt":"2024-03-22T18:25:34","guid":{"rendered":"https:\/\/abinox-chr-clim.com\/index.php\/product\/chaises-de-terrasse-pliantes-en-acier-bolero-vert-clair-lot-de-2\/"},"modified":"2026-04-02T10:00:27","modified_gmt":"2026-04-02T08:00:27","slug":"chaises-de-terrasse-pliantes-en-acier-bolero-vert-clair-lot-de-2","status":"publish","type":"product","link":"https:\/\/abinox-chr-clim.com\/index.php\/product\/chaises-de-terrasse-pliantes-en-acier-bolero-vert-clair-lot-de-2\/","title":{"rendered":"Chaises de terrasse pliantes en acier Bolero vert clair (Lot de 2)"},"content":{"rendered":"<p>Le coloris vert clair offre un style color\u00e9 moderne et dynamique. Le style industriel donnera une touche de fra\u00eecheur \u00e0 vos espaces. L&rsquo;acier poudr\u00e9 assure une excellente durabilit\u00e9. R\u00e9f\u00e9rence soumise \u00e0 une Eco-participation mobilier de 0.6\u20ac par unit\u00e9 vendue. La conception facile \u00e0 nettoyer permet au personnel de pr\u00e9parer rapidement les si\u00e8ges pour vos prochains clients. Les patins prot\u00e8gent le sol et \u00e9vitent de glisser. Convient pour une utilisation int\u00e9rieure ou ext\u00e9rieure.La conception pliante vous aide \u00e0 \u00e9conomiser de l&rsquo;espace de stockage. Le coloris vert clair offre un style color\u00e9 moderne et dynamique.<\/p>\n<p>Caract\u00e9ristiques :<br \/>Lot : 2.<br \/> Dimensions : 800(H) x 387(L) x 471(P) mm.<br \/> Mati\u00e8re : Acier rev\u00eatu de poudre.<br \/> Couleur : Vert clair.<\/p>\n","protected":false},"excerpt":{"rendered":"<p>Chaises de terrasse pliantes en acier Bolero vert clair (Lot de 2)<\/p>\n","protected":false},"featured_media":100985,"comment_status":"closed","ping_status":"closed","template":"","meta":[],"product_brand":[],"product_cat":[1203,1202,1201,1297],"product_tag":[],"class_list":{"0":"post-70194","1":"product","2":"type-product","3":"status-publish","4":"has-post-thumbnail","6":"product_cat-chaises","7":"product_cat-exterieur","8":"product_cat-mobilier","9":"product_cat-non-palettisable","10":"product_shipping_class-free-shipping","12":"first","13":"instock","14":"featured","15":"taxable","16":"shipping-taxable","17":"purchasable","18":"product-type-simple"},"_links":{"self":[{"href":"https:\/\/abinox-chr-clim.com\/index.php\/wp-json\/wp\/v2\/product\/70194","targetHints":{"allow":["GET"]}}],"collection":[{"href":"https:\/\/abinox-chr-clim.com\/index.php\/wp-json\/wp\/v2\/product"}],"about":[{"href":"https:\/\/abinox-chr-clim.com\/index.php\/wp-json\/wp\/v2\/types\/product"}],"replies":[{"embeddable":true,"href":"https:\/\/abinox-chr-clim.com\/index.php\/wp-json\/wp\/v2\/comments?post=70194"}],"wp:featuredmedia":[{"embeddable":true,"href":"https:\/\/abinox-chr-clim.com\/index.php\/wp-json\/wp\/v2\/media\/100985"}],"wp:attachment":[{"href":"https:\/\/abinox-chr-clim.com\/index.php\/wp-json\/wp\/v2\/media?parent=70194"}],"wp:term":[{"taxonomy":"product_brand","embeddable":true,"href":"https:\/\/abinox-chr-clim.com\/index.php\/wp-json\/wp\/v2\/product_brand?post=70194"},{"taxonomy":"product_cat","embeddable":true,"href":"https:\/\/abinox-chr-clim.com\/index.php\/wp-json\/wp\/v2\/product_cat?post=70194"},{"taxonomy":"product_tag","embeddable":true,"href":"https:\/\/abinox-chr-clim.com\/index.php\/wp-json\/wp\/v2\/product_tag?post=70194"}],"curies":[{"name":"wp","href":"https:\/\/api.w.org\/{rel}","templated":true}]}}