{"id":70193,"date":"2024-03-22T19:25:34","date_gmt":"2024-03-22T18:25:34","guid":{"rendered":"https:\/\/abinox-chr-clim.com\/index.php\/product\/chaise-empilable-dexterieur-interieur-denver-beige\/"},"modified":"2026-04-02T09:49:41","modified_gmt":"2026-04-02T07:49:41","slug":"chaise-empilable-dexterieur-interieur-denver-beige","status":"publish","type":"product","link":"https:\/\/abinox-chr-clim.com\/index.php\/product\/chaise-empilable-dexterieur-interieur-denver-beige\/","title":{"rendered":"Chaise empilable d&rsquo;ext\u00e9rieur \/ int\u00e9rieur Denver beige"},"content":{"rendered":"<p>Empilable. Tous temps. R\u00e9sistante aux UV. Imperm\u00e9able. 100% polypropyl\u00e8ne.  Empilable.<\/p>\n","protected":false},"excerpt":{"rendered":"<p>Chaise empilable d&rsquo;ext\u00e9rieur \/ int\u00e9rieur Denver beige<\/p>\n","protected":false},"featured_media":100790,"comment_status":"closed","ping_status":"closed","template":"","meta":[],"product_brand":[],"product_cat":[1203,1202,1201,1296],"product_tag":[],"class_list":{"0":"post-70193","1":"product","2":"type-product","3":"status-publish","4":"has-post-thumbnail","6":"product_cat-chaises","7":"product_cat-exterieur","8":"product_cat-mobilier","9":"product_cat-palettisable","11":"first","12":"instock","13":"featured","14":"taxable","15":"shipping-taxable","16":"purchasable","17":"product-type-simple"},"_links":{"self":[{"href":"https:\/\/abinox-chr-clim.com\/index.php\/wp-json\/wp\/v2\/product\/70193","targetHints":{"allow":["GET"]}}],"collection":[{"href":"https:\/\/abinox-chr-clim.com\/index.php\/wp-json\/wp\/v2\/product"}],"about":[{"href":"https:\/\/abinox-chr-clim.com\/index.php\/wp-json\/wp\/v2\/types\/product"}],"replies":[{"embeddable":true,"href":"https:\/\/abinox-chr-clim.com\/index.php\/wp-json\/wp\/v2\/comments?post=70193"}],"wp:featuredmedia":[{"embeddable":true,"href":"https:\/\/abinox-chr-clim.com\/index.php\/wp-json\/wp\/v2\/media\/100790"}],"wp:attachment":[{"href":"https:\/\/abinox-chr-clim.com\/index.php\/wp-json\/wp\/v2\/media?parent=70193"}],"wp:term":[{"taxonomy":"product_brand","embeddable":true,"href":"https:\/\/abinox-chr-clim.com\/index.php\/wp-json\/wp\/v2\/product_brand?post=70193"},{"taxonomy":"product_cat","embeddable":true,"href":"https:\/\/abinox-chr-clim.com\/index.php\/wp-json\/wp\/v2\/product_cat?post=70193"},{"taxonomy":"product_tag","embeddable":true,"href":"https:\/\/abinox-chr-clim.com\/index.php\/wp-json\/wp\/v2\/product_tag?post=70193"}],"curies":[{"name":"wp","href":"https:\/\/api.w.org\/{rel}","templated":true}]}}