{"id":70192,"date":"2024-03-22T19:25:33","date_gmt":"2024-03-22T18:25:33","guid":{"rendered":"https:\/\/abinox-chr-clim.com\/index.php\/product\/chaises-de-banquet-bordeaux-bolero-regal-lot-de-4\/"},"modified":"2026-04-02T10:03:07","modified_gmt":"2026-04-02T08:03:07","slug":"chaises-de-banquet-bordeaux-bolero-regal-lot-de-4","status":"publish","type":"product","link":"https:\/\/abinox-chr-clim.com\/index.php\/product\/chaises-de-banquet-bordeaux-bolero-regal-lot-de-4\/","title":{"rendered":"Chaises de banquet bordeaux Bolero Regal (lot de 4)"},"content":{"rendered":"<p>La chaise de banquet Regal offre \u00e9l\u00e9gance et sophistication \u00e0 toute organisation \u00e9v\u00e8nementielle.<br \/>Rembourrage r\u00e9sistant au feu. Empilable pour un rangement facile. Poign\u00e9e de transport pour un placement facile. R\u00e9f\u00e9rence soumise \u00e0 une Eco-participation mobilier de 3.74\u20ac par unit\u00e9 vendue. Livr\u00e9es enti\u00e8rement mont\u00e9es et pr\u00eates \u00e0 l&#8217;emploi. Housses de chaise en jersey disponibles sur demande DP923 (noire) et DP924 (blanche).Dossier orn\u00e9. Rembourrage r\u00e9sistant au feu.<\/p>\n<p>Caract\u00e9ristiques :<br \/>Lot : 4.<br \/> Dimensions : 940(H) x 570(L) x 450(P) mm.<br \/> Mati\u00e8re : Tissu et mousse.<br \/> Couleur : Bordeaux.<\/p>\n","protected":false},"excerpt":{"rendered":"<p>Chaises de banquet bordeaux Bolero Regal (lot de 4)<\/p>\n","protected":false},"featured_media":96363,"comment_status":"closed","ping_status":"closed","template":"","meta":[],"product_brand":[],"product_cat":[1203,1202,1201,1296],"product_tag":[],"class_list":{"0":"post-70192","1":"product","2":"type-product","3":"status-publish","4":"has-post-thumbnail","6":"product_cat-chaises","7":"product_cat-exterieur","8":"product_cat-mobilier","9":"product_cat-palettisable","11":"first","12":"outofstock","13":"featured","14":"taxable","15":"shipping-taxable","16":"purchasable","17":"product-type-simple"},"_links":{"self":[{"href":"https:\/\/abinox-chr-clim.com\/index.php\/wp-json\/wp\/v2\/product\/70192","targetHints":{"allow":["GET"]}}],"collection":[{"href":"https:\/\/abinox-chr-clim.com\/index.php\/wp-json\/wp\/v2\/product"}],"about":[{"href":"https:\/\/abinox-chr-clim.com\/index.php\/wp-json\/wp\/v2\/types\/product"}],"replies":[{"embeddable":true,"href":"https:\/\/abinox-chr-clim.com\/index.php\/wp-json\/wp\/v2\/comments?post=70192"}],"wp:featuredmedia":[{"embeddable":true,"href":"https:\/\/abinox-chr-clim.com\/index.php\/wp-json\/wp\/v2\/media\/96363"}],"wp:attachment":[{"href":"https:\/\/abinox-chr-clim.com\/index.php\/wp-json\/wp\/v2\/media?parent=70192"}],"wp:term":[{"taxonomy":"product_brand","embeddable":true,"href":"https:\/\/abinox-chr-clim.com\/index.php\/wp-json\/wp\/v2\/product_brand?post=70192"},{"taxonomy":"product_cat","embeddable":true,"href":"https:\/\/abinox-chr-clim.com\/index.php\/wp-json\/wp\/v2\/product_cat?post=70192"},{"taxonomy":"product_tag","embeddable":true,"href":"https:\/\/abinox-chr-clim.com\/index.php\/wp-json\/wp\/v2\/product_tag?post=70192"}],"curies":[{"name":"wp","href":"https:\/\/api.w.org\/{rel}","templated":true}]}}