{"id":70191,"date":"2024-03-22T19:25:33","date_gmt":"2024-03-22T18:25:33","guid":{"rendered":"https:\/\/abinox-chr-clim.com\/index.php\/product\/fauteuils-en-rotin-pe-bolero-anthracite-lot-de-4\/"},"modified":"2026-04-02T08:40:03","modified_gmt":"2026-04-02T06:40:03","slug":"fauteuils-en-rotin-pe-bolero-anthracite-lot-de-4","status":"publish","type":"product","link":"https:\/\/abinox-chr-clim.com\/index.php\/product\/fauteuils-en-rotin-pe-bolero-anthracite-lot-de-4\/","title":{"rendered":"Fauteuils en rotin PE Bolero anthracite (Lot de 4)"},"content":{"rendered":"<p>Fauteuil l\u00e9ger et attrayant pour que vos clients puissent d\u00eener confortablement \u00e0 l&rsquo;int\u00e9rieur ou l&rsquo;ext\u00e9rieur. Empilable jusqu&rsquo;\u00e0 12.<br \/>Un design \u00e9l\u00e9gant ajoute une touche accueillante \u00e0 vos coins-salons int\u00e9rieurs ou terrasses ext\u00e9rieures. La conception r\u00e9sistante aux intemp\u00e9ries convient \u00e0 l&rsquo;int\u00e9rieur et \u00e0 l&rsquo;ext\u00e9rieur. Livr\u00e9s enti\u00e8rement assembl\u00e9s, permettant une utilisation d\u00e8s la sortie de la bo\u00eete. R\u00e9f\u00e9rence soumise \u00e0 une Eco-participation mobilier de 3.18\u20ac par unit\u00e9 vendue. Les pieds ergonomiques emp\u00eachent les mouvements accidentels pendant le service pour la s\u00e9curit\u00e9 des clients. Faciles \u00e0 nettoyer, le personnel peut les pr\u00e9parer rapidement pour vos prochains clients. Mat\u00e9riau de style osier qui ne recueille pas l&rsquo;eau lorsqu&rsquo;il est utilis\u00e9 \u00e0 l&rsquo;ext\u00e9rieur. Le mod\u00e8le empilable vous permet de gagner de l&rsquo;espace de rangement essentiel. \u00c9chantillons disponibles (Code\u00a0: AD934). Hauteur du si\u00e8ge\u00a0: 450 mm. Un design \u00e9l\u00e9gant ajoute une touche accueillante \u00e0 vos coins-salons int\u00e9rieurs ou terrasses ext\u00e9rieures.<\/p>\n<p>Caract\u00e9ristiques :<br \/>Lot : 4.<br \/> Dimensions : 853(H) x 560(L) x 602(P) mm.<br \/> Mati\u00e8re : Cadre aluminium et rev\u00eatement PE imitation rotin.<br \/> Couleur : Gris anthracite.<\/p>\n","protected":false},"excerpt":{"rendered":"<p>Fauteuils en rotin PE Bolero anthracite (Lot de 4)<\/p>\n","protected":false},"featured_media":89384,"comment_status":"closed","ping_status":"closed","template":"","meta":[],"product_brand":[],"product_cat":[1203,1202,1201,1296],"product_tag":[],"class_list":{"0":"post-70191","1":"product","2":"type-product","3":"status-publish","4":"has-post-thumbnail","6":"product_cat-chaises","7":"product_cat-exterieur","8":"product_cat-mobilier","9":"product_cat-palettisable","11":"first","12":"instock","13":"featured","14":"taxable","15":"shipping-taxable","16":"purchasable","17":"product-type-simple"},"_links":{"self":[{"href":"https:\/\/abinox-chr-clim.com\/index.php\/wp-json\/wp\/v2\/product\/70191","targetHints":{"allow":["GET"]}}],"collection":[{"href":"https:\/\/abinox-chr-clim.com\/index.php\/wp-json\/wp\/v2\/product"}],"about":[{"href":"https:\/\/abinox-chr-clim.com\/index.php\/wp-json\/wp\/v2\/types\/product"}],"replies":[{"embeddable":true,"href":"https:\/\/abinox-chr-clim.com\/index.php\/wp-json\/wp\/v2\/comments?post=70191"}],"wp:featuredmedia":[{"embeddable":true,"href":"https:\/\/abinox-chr-clim.com\/index.php\/wp-json\/wp\/v2\/media\/89384"}],"wp:attachment":[{"href":"https:\/\/abinox-chr-clim.com\/index.php\/wp-json\/wp\/v2\/media?parent=70191"}],"wp:term":[{"taxonomy":"product_brand","embeddable":true,"href":"https:\/\/abinox-chr-clim.com\/index.php\/wp-json\/wp\/v2\/product_brand?post=70191"},{"taxonomy":"product_cat","embeddable":true,"href":"https:\/\/abinox-chr-clim.com\/index.php\/wp-json\/wp\/v2\/product_cat?post=70191"},{"taxonomy":"product_tag","embeddable":true,"href":"https:\/\/abinox-chr-clim.com\/index.php\/wp-json\/wp\/v2\/product_tag?post=70191"}],"curies":[{"name":"wp","href":"https:\/\/api.w.org\/{rel}","templated":true}]}}