{"id":70189,"date":"2024-03-22T19:25:32","date_gmt":"2024-03-22T18:25:32","guid":{"rendered":"https:\/\/abinox-chr-clim.com\/index.php\/product\/chaise-a-lattes-en-acier-bolero-grise-lot-de-4\/"},"modified":"2026-04-02T09:28:51","modified_gmt":"2026-04-02T07:28:51","slug":"chaise-a-lattes-en-acier-bolero-grise-lot-de-4","status":"publish","type":"product","link":"https:\/\/abinox-chr-clim.com\/index.php\/product\/chaise-a-lattes-en-acier-bolero-grise-lot-de-4\/","title":{"rendered":"Chaise \u00e0 lattes en acier Bolero grise lot de 4"},"content":{"rendered":"<p>Chaises bistro de diff\u00e9rentes couleurs faciles d&rsquo;entretien. L&rsquo;assise poss\u00e8de un bord con\u00e7u pour que l&rsquo;eau s&rsquo;\u00e9coule en cas d&rsquo;averse et s\u00e8che donc plus rapidement. Parfaites pour les trottoirs, terrasses des caf\u00e9s et restaurants.<br \/>Utilisation int\u00e9rieure et ext\u00e9rieure. Traitement \u00e9lectrophor\u00e8se et rev\u00eatement poudr\u00e9 emp\u00eachent la rouille, la d\u00e9coloration et l&rsquo;usure. Hauteur d&rsquo;assise 450mm. R\u00e9f\u00e9rence soumise \u00e0 une Eco-participation mobilier de 0.92\u20ac par unit\u00e9 vendue. Faciles \u00e0 essuyer. Pour plus de confort, l&rsquo;assise poss\u00e8de un bord con\u00e7u pour que l&rsquo;eau s&rsquo;\u00e9coule. Table assortie vendue s\u00e9par\u00e9ment code CS730. Dimensions: 830(H) x 470(L) x 570(P)mm. Empilables jusqu&rsquo;\u00e0 8 en hauteur. Utilisation int\u00e9rieure et ext\u00e9rieure.<\/p>\n<p>Caract\u00e9ristiques :<br \/>Lot : 4.<br \/> Dimensions : 830(H) x 470(L) x 570(P)mm.<br \/> Mati\u00e8re : Acier rev\u00eatement poudr\u00e9.<br \/> Couleur : Gris.<\/p>\n","protected":false},"excerpt":{"rendered":"<p>Chaise \u00e0 lattes en acier Bolero grise lot de 4<\/p>\n","protected":false},"featured_media":85945,"comment_status":"closed","ping_status":"closed","template":"","meta":[],"product_brand":[],"product_cat":[1203,1202,1201,1296],"product_tag":[],"class_list":{"0":"post-70189","1":"product","2":"type-product","3":"status-publish","4":"has-post-thumbnail","6":"product_cat-chaises","7":"product_cat-exterieur","8":"product_cat-mobilier","9":"product_cat-palettisable","11":"first","12":"instock","13":"featured","14":"taxable","15":"shipping-taxable","16":"purchasable","17":"product-type-simple"},"_links":{"self":[{"href":"https:\/\/abinox-chr-clim.com\/index.php\/wp-json\/wp\/v2\/product\/70189","targetHints":{"allow":["GET"]}}],"collection":[{"href":"https:\/\/abinox-chr-clim.com\/index.php\/wp-json\/wp\/v2\/product"}],"about":[{"href":"https:\/\/abinox-chr-clim.com\/index.php\/wp-json\/wp\/v2\/types\/product"}],"replies":[{"embeddable":true,"href":"https:\/\/abinox-chr-clim.com\/index.php\/wp-json\/wp\/v2\/comments?post=70189"}],"wp:featuredmedia":[{"embeddable":true,"href":"https:\/\/abinox-chr-clim.com\/index.php\/wp-json\/wp\/v2\/media\/85945"}],"wp:attachment":[{"href":"https:\/\/abinox-chr-clim.com\/index.php\/wp-json\/wp\/v2\/media?parent=70189"}],"wp:term":[{"taxonomy":"product_brand","embeddable":true,"href":"https:\/\/abinox-chr-clim.com\/index.php\/wp-json\/wp\/v2\/product_brand?post=70189"},{"taxonomy":"product_cat","embeddable":true,"href":"https:\/\/abinox-chr-clim.com\/index.php\/wp-json\/wp\/v2\/product_cat?post=70189"},{"taxonomy":"product_tag","embeddable":true,"href":"https:\/\/abinox-chr-clim.com\/index.php\/wp-json\/wp\/v2\/product_tag?post=70189"}],"curies":[{"name":"wp","href":"https:\/\/api.w.org\/{rel}","templated":true}]}}