{"id":70188,"date":"2024-03-22T19:25:32","date_gmt":"2024-03-22T18:25:32","guid":{"rendered":"https:\/\/abinox-chr-clim.com\/index.php\/product\/fauteuils-enveloppants-bistro-en-rotin-pe-anthracite-bolero-lot-de-4\/"},"modified":"2026-04-02T08:36:08","modified_gmt":"2026-04-02T06:36:08","slug":"fauteuils-enveloppants-bistro-en-rotin-pe-anthracite-bolero-lot-de-4","status":"publish","type":"product","link":"https:\/\/abinox-chr-clim.com\/index.php\/product\/fauteuils-enveloppants-bistro-en-rotin-pe-anthracite-bolero-lot-de-4\/","title":{"rendered":"Fauteuils enveloppants bistro en rotin PE anthracite Bolero (lot de 4)"},"content":{"rendered":"<p>R\u00e9sistant aux averses l\u00e9g\u00e8res et facile \u00e0 nettoyer gr\u00e2ce \u00e0 son dossier, son si\u00e8ge et ses accoudoirs en PVC \u00e0 effet osier. Con\u00e7u pour le confort.<br \/>Le coloris anthracite ajoute une touche tendance et sophistiqu\u00e9e. La conception empilable vous aide \u00e0 \u00e9conomiser de l&rsquo;espace de stockage. Convient pour une utilisation int\u00e9rieure et ext\u00e9rieure &#8211; id\u00e9al pour les pubs, les caf\u00e9s ou les bistrots. R\u00e9f\u00e9rence soumise \u00e0 une Eco-participation mobilier de 2.94\u20ac par unit\u00e9 vendue. Utilisation en int\u00e9rieur et en ext\u00e9rieur. Les pieds ergonomiques \u00e9vitent les risques d&rsquo;accidents pendant le service pour assurer la s\u00e9curit\u00e9 des clients. La conception facile \u00e0 nettoyer permet au personnel de pr\u00e9parer rapidement les si\u00e8ges pour les prochains clients. Livr\u00e9s mont\u00e9s &#8211; permettant une utilisation imm\u00e9diate d\u00e8s r\u00e9ception. Hauteur d&rsquo;assise 450 mm.R\u00e9f\u00e9rence soumise \u00e0 une Eco-participation mobilier de 2,24\u20ac par unit\u00e9 vendue. Le coloris anthracite ajoute une touche tendance et sophistiqu\u00e9e.<\/p>\n<p>Caract\u00e9ristiques :<br \/>Lot : 4.<br \/> Dimensions : 780(h) x 550(l) x 600(p)mm.<br \/> Mati\u00e8re : Aluminium et polyrotin.<br \/> Couleur : Gris anthracite.<\/p>\n","protected":false},"excerpt":{"rendered":"<p>Fauteuils enveloppants bistro en rotin PE anthracite Bolero (lot de 4)<\/p>\n","protected":false},"featured_media":83381,"comment_status":"closed","ping_status":"closed","template":"","meta":[],"product_brand":[],"product_cat":[1203,1202,1201,1296],"product_tag":[],"class_list":{"0":"post-70188","1":"product","2":"type-product","3":"status-publish","4":"has-post-thumbnail","6":"product_cat-chaises","7":"product_cat-exterieur","8":"product_cat-mobilier","9":"product_cat-palettisable","11":"first","12":"instock","13":"featured","14":"taxable","15":"shipping-taxable","16":"purchasable","17":"product-type-simple"},"_links":{"self":[{"href":"https:\/\/abinox-chr-clim.com\/index.php\/wp-json\/wp\/v2\/product\/70188","targetHints":{"allow":["GET"]}}],"collection":[{"href":"https:\/\/abinox-chr-clim.com\/index.php\/wp-json\/wp\/v2\/product"}],"about":[{"href":"https:\/\/abinox-chr-clim.com\/index.php\/wp-json\/wp\/v2\/types\/product"}],"replies":[{"embeddable":true,"href":"https:\/\/abinox-chr-clim.com\/index.php\/wp-json\/wp\/v2\/comments?post=70188"}],"wp:featuredmedia":[{"embeddable":true,"href":"https:\/\/abinox-chr-clim.com\/index.php\/wp-json\/wp\/v2\/media\/83381"}],"wp:attachment":[{"href":"https:\/\/abinox-chr-clim.com\/index.php\/wp-json\/wp\/v2\/media?parent=70188"}],"wp:term":[{"taxonomy":"product_brand","embeddable":true,"href":"https:\/\/abinox-chr-clim.com\/index.php\/wp-json\/wp\/v2\/product_brand?post=70188"},{"taxonomy":"product_cat","embeddable":true,"href":"https:\/\/abinox-chr-clim.com\/index.php\/wp-json\/wp\/v2\/product_cat?post=70188"},{"taxonomy":"product_tag","embeddable":true,"href":"https:\/\/abinox-chr-clim.com\/index.php\/wp-json\/wp\/v2\/product_tag?post=70188"}],"curies":[{"name":"wp","href":"https:\/\/api.w.org\/{rel}","templated":true}]}}