{"id":70186,"date":"2024-03-22T19:25:31","date_gmt":"2024-03-22T18:25:31","guid":{"rendered":"https:\/\/abinox-chr-clim.com\/index.php\/product\/chaises-en-rotin-pe-bolero-anthracite-lot-de-4\/"},"modified":"2026-04-02T08:34:47","modified_gmt":"2026-04-02T06:34:47","slug":"chaises-en-rotin-pe-bolero-anthracite-lot-de-4","status":"publish","type":"product","link":"https:\/\/abinox-chr-clim.com\/index.php\/product\/chaises-en-rotin-pe-bolero-anthracite-lot-de-4\/","title":{"rendered":"Chaises en rotin PE Bolero anthracite (Lot de 4)"},"content":{"rendered":"<p>Chaise originale et l\u00e9g\u00e8re avec un dossier haut apportant un grand confort. R\u00e9siste aux averses, donc peut \u00eatre utilis\u00e9e en int\u00e9rieur et en ext\u00e9rieur. Empilable jusqu&rsquo;\u00e0 12.<br \/>Hauteur d&rsquo;assise 450mm. Largeur d&rsquo;assise 440mm. Profondeur du si\u00e8ge 430mm. R\u00e9f\u00e9rence soumise \u00e0 une Eco-participation mobilier de 2.69\u20ac par unit\u00e9 vendue. Empilables pour un rangement facile jusqu&rsquo;\u00e0 12. Utilisation int\u00e9rieure et ext\u00e9rieure. Structure aluminium. Livr\u00e9es mont\u00e9es. Norme EN15373 TL2. R\u00e9f\u00e9rence soumise \u00e0 une Eco-participation mobilier de 1,26\u20ac par unit\u00e9 vendue. Hauteur d&rsquo;assise 450mm.<\/p>\n<p>Caract\u00e9ristiques :<br \/>Lot : 4.<br \/> Dimensions : 860(H) x 500(L) x 600(P) mm.<br \/> Mati\u00e8re : Structure aluminium et rotin PE.<br \/> Couleur : Gris anthracite.<\/p>\n","protected":false},"excerpt":{"rendered":"<p>Chaises en rotin PE Bolero anthracite (Lot de 4)<\/p>\n","protected":false},"featured_media":82606,"comment_status":"closed","ping_status":"closed","template":"","meta":[],"product_brand":[],"product_cat":[1203,1202,1201,1296],"product_tag":[],"class_list":{"0":"post-70186","1":"product","2":"type-product","3":"status-publish","4":"has-post-thumbnail","6":"product_cat-chaises","7":"product_cat-exterieur","8":"product_cat-mobilier","9":"product_cat-palettisable","11":"first","12":"instock","13":"featured","14":"taxable","15":"shipping-taxable","16":"purchasable","17":"product-type-simple"},"_links":{"self":[{"href":"https:\/\/abinox-chr-clim.com\/index.php\/wp-json\/wp\/v2\/product\/70186","targetHints":{"allow":["GET"]}}],"collection":[{"href":"https:\/\/abinox-chr-clim.com\/index.php\/wp-json\/wp\/v2\/product"}],"about":[{"href":"https:\/\/abinox-chr-clim.com\/index.php\/wp-json\/wp\/v2\/types\/product"}],"replies":[{"embeddable":true,"href":"https:\/\/abinox-chr-clim.com\/index.php\/wp-json\/wp\/v2\/comments?post=70186"}],"wp:featuredmedia":[{"embeddable":true,"href":"https:\/\/abinox-chr-clim.com\/index.php\/wp-json\/wp\/v2\/media\/82606"}],"wp:attachment":[{"href":"https:\/\/abinox-chr-clim.com\/index.php\/wp-json\/wp\/v2\/media?parent=70186"}],"wp:term":[{"taxonomy":"product_brand","embeddable":true,"href":"https:\/\/abinox-chr-clim.com\/index.php\/wp-json\/wp\/v2\/product_brand?post=70186"},{"taxonomy":"product_cat","embeddable":true,"href":"https:\/\/abinox-chr-clim.com\/index.php\/wp-json\/wp\/v2\/product_cat?post=70186"},{"taxonomy":"product_tag","embeddable":true,"href":"https:\/\/abinox-chr-clim.com\/index.php\/wp-json\/wp\/v2\/product_tag?post=70186"}],"curies":[{"name":"wp","href":"https:\/\/api.w.org\/{rel}","templated":true}]}}