{"id":70185,"date":"2024-03-22T19:25:31","date_gmt":"2024-03-22T18:25:31","guid":{"rendered":"https:\/\/abinox-chr-clim.com\/index.php\/product\/chaise-haute-empilable-platine-rubbermaid\/"},"modified":"2026-04-14T09:15:48","modified_gmt":"2026-04-14T07:15:48","slug":"chaise-haute-empilable-platine-rubbermaid","status":"publish","type":"product","link":"https:\/\/abinox-chr-clim.com\/index.php\/product\/chaise-haute-empilable-platine-rubbermaid\/","title":{"rendered":"Chaise haute empilable platine Rubbermaid"},"content":{"rendered":"<p>Chaise haute confortable, s\u00fbre et facile \u00e0 nettoyer avec une protection anti-bact\u00e9rienne Microban\u00ae pour une meilleure hygi\u00e8ne. Les tablettes faciles \u00e0 installer sont vendues s\u00e9par\u00e9ment. Convient aux enfants de moins de 3 ans ou 18 kg. Les pieds antid\u00e9rapants (vendus s\u00e9par\u00e9ment)  assurent une plus grande stabilit\u00e9 sur sols glissants.<br \/>Facile \u00e0 nettoyer, confortable et s\u00fbr. Empilable pour r\u00e9duire l&rsquo;espace de stockage.Tablette disponible s\u00e9par\u00e9ment, code M849 (code sp\u00e9cial non disponible sur le site, nous contacter pour la commande). R\u00e9f\u00e9rence soumise \u00e0 une Eco-participation mobilier de 1.11\u20ac par unit\u00e9 vendue. Hauteur d&rsquo;assise : 530mm.Harnais r\u00e9glable. R\u00e9f\u00e9rence soumise \u00e0 une Eco-participation mobilier de 1,01\u20ac par unit\u00e9 vendue. Facile \u00e0 nettoyer, confortable et s\u00fbr.<\/p>\n<p>Caract\u00e9ristiques :<br \/> Dimensions : 756(h) x 597(l) x 597(L)mm.<br \/> Mati\u00e8re : Plastique.<br \/> Couleur : Platine.<\/p>\n","protected":false},"excerpt":{"rendered":"<p>Chaise haute empilable platine Rubbermaid<\/p>\n","protected":false},"featured_media":104859,"comment_status":"closed","ping_status":"closed","template":"","meta":[],"product_brand":[],"product_cat":[1214,1201,1297],"product_tag":[],"class_list":{"0":"post-70185","1":"product","2":"type-product","3":"status-publish","4":"has-post-thumbnail","6":"product_cat-chaises-hautes","7":"product_cat-mobilier","8":"product_cat-non-palettisable","9":"product_shipping_class-free-shipping","11":"first","12":"instock","13":"featured","14":"taxable","15":"shipping-taxable","16":"purchasable","17":"product-type-simple"},"_links":{"self":[{"href":"https:\/\/abinox-chr-clim.com\/index.php\/wp-json\/wp\/v2\/product\/70185","targetHints":{"allow":["GET"]}}],"collection":[{"href":"https:\/\/abinox-chr-clim.com\/index.php\/wp-json\/wp\/v2\/product"}],"about":[{"href":"https:\/\/abinox-chr-clim.com\/index.php\/wp-json\/wp\/v2\/types\/product"}],"replies":[{"embeddable":true,"href":"https:\/\/abinox-chr-clim.com\/index.php\/wp-json\/wp\/v2\/comments?post=70185"}],"wp:featuredmedia":[{"embeddable":true,"href":"https:\/\/abinox-chr-clim.com\/index.php\/wp-json\/wp\/v2\/media\/104859"}],"wp:attachment":[{"href":"https:\/\/abinox-chr-clim.com\/index.php\/wp-json\/wp\/v2\/media?parent=70185"}],"wp:term":[{"taxonomy":"product_brand","embeddable":true,"href":"https:\/\/abinox-chr-clim.com\/index.php\/wp-json\/wp\/v2\/product_brand?post=70185"},{"taxonomy":"product_cat","embeddable":true,"href":"https:\/\/abinox-chr-clim.com\/index.php\/wp-json\/wp\/v2\/product_cat?post=70185"},{"taxonomy":"product_tag","embeddable":true,"href":"https:\/\/abinox-chr-clim.com\/index.php\/wp-json\/wp\/v2\/product_tag?post=70185"}],"curies":[{"name":"wp","href":"https:\/\/api.w.org\/{rel}","templated":true}]}}