{"id":70183,"date":"2024-03-22T19:25:29","date_gmt":"2024-03-22T18:25:29","guid":{"rendered":"https:\/\/abinox-chr-clim.com\/index.php\/product\/table-a-langer-horizontale-rubbermaid\/"},"modified":"2026-04-14T09:13:23","modified_gmt":"2026-04-14T07:13:23","slug":"table-a-langer-horizontale-rubbermaid","status":"publish","type":"product","link":"https:\/\/abinox-chr-clim.com\/index.php\/product\/table-a-langer-horizontale-rubbermaid\/","title":{"rendered":"Table \u00e0 langer horizontale Rubbermaid"},"content":{"rendered":"<p>Grande table profonde, solide et pliable avec protection antibact\u00e9rienne qui \u00e9limine la prolif\u00e9ration des bact\u00e9ries caus\u00e9e par les odeurs et les taches. Etag\u00e8re et distributeur de protections int\u00e9gr\u00e9s pour un change pratique et hygi\u00e9nique.<br \/>La conception en polypropyl\u00e8ne haute densit\u00e9 r\u00e9duit l&rsquo;absorption de l&rsquo;humidit\u00e9 et facilite le nettoyage. La surface \u00e0 langer incurv\u00e9e et les sangles de s\u00e9curit\u00e9 assurent la s\u00e9curit\u00e9 des enfants. La conception pliable permet d&rsquo;\u00e9conomiser de l&rsquo;espace lorsqu&rsquo;elle n&rsquo;est pas utilis\u00e9e. R\u00e9f\u00e9rence soumise \u00e0 une Eco-participation mobilier de 1.58\u20ac par unit\u00e9 vendue. Des crochets pratiques et une petite \u00e9tag\u00e8re offrent beaucoup d&rsquo;espace pour les accessoires de change de b\u00e9b\u00e9. L&rsquo;unit\u00e9 solide est con\u00e7ue pour supporter des charges allant jusqu&rsquo;\u00e0 15 kg. Le couvercle l\u00e9ger s&rsquo;ouvre facilement d&rsquo;une seule main pour plus de s\u00e9curit\u00e9. Conforme \u00e0 toutes les normes de s\u00e9curit\u00e9 internationales ASTM, ADA et EN. Peut \u00eatre install\u00e9 sur un grand nombre de types de murs. Dispose d&rsquo;un distributeur de sacs int\u00e9gr\u00e9 pouvant contenir 40 sacs. \u00c0 utiliser avec les sacs de protection pour changeur de b\u00e9b\u00e9 Rubbermaid L373 (vendus s\u00e9par\u00e9ment). Contient un agent antibact\u00e9rien qui rend l&rsquo;unit\u00e9 r\u00e9sistante aux taches et aux odeurs. La conception en polypropyl\u00e8ne haute densit\u00e9 r\u00e9duit l&rsquo;absorption de l&rsquo;humidit\u00e9 et facilite le nettoyage.<\/p>\n<p>Caract\u00e9ristiques :<br \/> Dimensions : 557(H) x 911(L) x 718(P) mm.<br \/> Mati\u00e8re : Polypropyl\u00e8ne.<br \/> Couleur : Beige.<\/p>\n","protected":false},"excerpt":{"rendered":"<p>Table \u00e0 langer horizontale Rubbermaid<\/p>\n","protected":false},"featured_media":104714,"comment_status":"closed","ping_status":"closed","template":"","meta":[],"product_brand":[],"product_cat":[1214,1201,1297],"product_tag":[],"class_list":{"0":"post-70183","1":"product","2":"type-product","3":"status-publish","4":"has-post-thumbnail","6":"product_cat-chaises-hautes","7":"product_cat-mobilier","8":"product_cat-non-palettisable","9":"product_shipping_class-free-shipping","11":"first","12":"instock","13":"featured","14":"taxable","15":"shipping-taxable","16":"purchasable","17":"product-type-simple"},"_links":{"self":[{"href":"https:\/\/abinox-chr-clim.com\/index.php\/wp-json\/wp\/v2\/product\/70183","targetHints":{"allow":["GET"]}}],"collection":[{"href":"https:\/\/abinox-chr-clim.com\/index.php\/wp-json\/wp\/v2\/product"}],"about":[{"href":"https:\/\/abinox-chr-clim.com\/index.php\/wp-json\/wp\/v2\/types\/product"}],"replies":[{"embeddable":true,"href":"https:\/\/abinox-chr-clim.com\/index.php\/wp-json\/wp\/v2\/comments?post=70183"}],"wp:featuredmedia":[{"embeddable":true,"href":"https:\/\/abinox-chr-clim.com\/index.php\/wp-json\/wp\/v2\/media\/104714"}],"wp:attachment":[{"href":"https:\/\/abinox-chr-clim.com\/index.php\/wp-json\/wp\/v2\/media?parent=70183"}],"wp:term":[{"taxonomy":"product_brand","embeddable":true,"href":"https:\/\/abinox-chr-clim.com\/index.php\/wp-json\/wp\/v2\/product_brand?post=70183"},{"taxonomy":"product_cat","embeddable":true,"href":"https:\/\/abinox-chr-clim.com\/index.php\/wp-json\/wp\/v2\/product_cat?post=70183"},{"taxonomy":"product_tag","embeddable":true,"href":"https:\/\/abinox-chr-clim.com\/index.php\/wp-json\/wp\/v2\/product_tag?post=70183"}],"curies":[{"name":"wp","href":"https:\/\/api.w.org\/{rel}","templated":true}]}}