{"id":70182,"date":"2024-03-22T19:25:29","date_gmt":"2024-03-22T18:25:29","guid":{"rendered":"https:\/\/abinox-chr-clim.com\/index.php\/product\/table-a-langer-horizontale-magrini\/"},"modified":"2026-04-14T09:33:56","modified_gmt":"2026-04-14T07:33:56","slug":"table-a-langer-horizontale-magrini","status":"publish","type":"product","link":"https:\/\/abinox-chr-clim.com\/index.php\/product\/table-a-langer-horizontale-magrini\/","title":{"rendered":"Table \u00e0 langer horizontale Magrini"},"content":{"rendered":"<p>Table \u00e0 langer pliable, gain de place, avec sangles grandes dimensions pour une s\u00e9curit\u00e9 accrue. Id\u00e9ale pour les petits espaces.<br \/>Hygi\u00e9nique et facile \u00e0 nettoyer. Se rabat horizontalement. R\u00e9f\u00e9rence soumise \u00e0 une Eco-participation mobilier de 2.31\u20ac par unit\u00e9 vendue. Syst\u00e8me \u00e0 charni\u00e8res pour une manipulation facile d&rsquo;une seule main. Sangles grandes dimensions. BS EN 12221:200. Limite de poids conseill\u00e9e pour une utilisation g\u00e9n\u00e9rale: 11 kilos.Hygi\u00e9nique et facile \u00e0 nettoyer.<\/p>\n<p>Caract\u00e9ristiques :<br \/> Dimensions : 585(H) x 760(L) x 145(P) mm.<br \/> Mati\u00e8re : .<br \/> Couleur : Blanc.<\/p>\n","protected":false},"excerpt":{"rendered":"<p>Table \u00e0 langer horizontale Magrini<\/p>\n","protected":false},"featured_media":101522,"comment_status":"closed","ping_status":"closed","template":"","meta":[],"product_brand":[],"product_cat":[1214,1201,1297],"product_tag":[],"class_list":{"0":"post-70182","1":"product","2":"type-product","3":"status-publish","4":"has-post-thumbnail","6":"product_cat-chaises-hautes","7":"product_cat-mobilier","8":"product_cat-non-palettisable","9":"product_shipping_class-free-shipping","11":"first","12":"instock","13":"featured","14":"taxable","15":"shipping-taxable","16":"purchasable","17":"product-type-simple"},"_links":{"self":[{"href":"https:\/\/abinox-chr-clim.com\/index.php\/wp-json\/wp\/v2\/product\/70182","targetHints":{"allow":["GET"]}}],"collection":[{"href":"https:\/\/abinox-chr-clim.com\/index.php\/wp-json\/wp\/v2\/product"}],"about":[{"href":"https:\/\/abinox-chr-clim.com\/index.php\/wp-json\/wp\/v2\/types\/product"}],"replies":[{"embeddable":true,"href":"https:\/\/abinox-chr-clim.com\/index.php\/wp-json\/wp\/v2\/comments?post=70182"}],"wp:featuredmedia":[{"embeddable":true,"href":"https:\/\/abinox-chr-clim.com\/index.php\/wp-json\/wp\/v2\/media\/101522"}],"wp:attachment":[{"href":"https:\/\/abinox-chr-clim.com\/index.php\/wp-json\/wp\/v2\/media?parent=70182"}],"wp:term":[{"taxonomy":"product_brand","embeddable":true,"href":"https:\/\/abinox-chr-clim.com\/index.php\/wp-json\/wp\/v2\/product_brand?post=70182"},{"taxonomy":"product_cat","embeddable":true,"href":"https:\/\/abinox-chr-clim.com\/index.php\/wp-json\/wp\/v2\/product_cat?post=70182"},{"taxonomy":"product_tag","embeddable":true,"href":"https:\/\/abinox-chr-clim.com\/index.php\/wp-json\/wp\/v2\/product_tag?post=70182"}],"curies":[{"name":"wp","href":"https:\/\/api.w.org\/{rel}","templated":true}]}}