{"id":70181,"date":"2024-03-22T19:25:28","date_gmt":"2024-03-22T18:25:28","guid":{"rendered":"https:\/\/abinox-chr-clim.com\/index.php\/product\/table-a-langer-verticale-magrini\/"},"modified":"2026-04-14T09:44:05","modified_gmt":"2026-04-14T07:44:05","slug":"table-a-langer-verticale-magrini","status":"publish","type":"product","link":"https:\/\/abinox-chr-clim.com\/index.php\/product\/table-a-langer-verticale-magrini\/","title":{"rendered":"Table \u00e0 langer verticale Magrini"},"content":{"rendered":"<p>Hygi\u00e9nique et facile \u00e0 nettoyer. Barri\u00e8res lat\u00e9rales hautes. Se rabat verticalement. Syst\u00e8me \u00e0 charni\u00e8res pour une manipulation facile d&rsquo;une seule main. Sangles grandes dimensions. BS EN 12221:200 et D\u00e9cret n\u00b091-1292. Limite de poids conseill\u00e9e pour une utilisation g\u00e9n\u00e9rale: 11 kilos.Hygi\u00e9nique et facile \u00e0 nettoyer.<\/p>\n<p>Caract\u00e9ristiques :<br \/> Dimensions : 860(H) x 545(L) x 140(P) mm.<\/p>\n","protected":false},"excerpt":{"rendered":"<p>Table \u00e0 langer verticale Magrini<\/p>\n","protected":false},"featured_media":101521,"comment_status":"closed","ping_status":"closed","template":"","meta":[],"product_brand":[],"product_cat":[1214,1201,1297],"product_tag":[],"class_list":{"0":"post-70181","1":"product","2":"type-product","3":"status-publish","4":"has-post-thumbnail","6":"product_cat-chaises-hautes","7":"product_cat-mobilier","8":"product_cat-non-palettisable","9":"product_shipping_class-free-shipping","11":"first","12":"instock","13":"featured","14":"taxable","15":"shipping-taxable","16":"purchasable","17":"product-type-simple"},"_links":{"self":[{"href":"https:\/\/abinox-chr-clim.com\/index.php\/wp-json\/wp\/v2\/product\/70181","targetHints":{"allow":["GET"]}}],"collection":[{"href":"https:\/\/abinox-chr-clim.com\/index.php\/wp-json\/wp\/v2\/product"}],"about":[{"href":"https:\/\/abinox-chr-clim.com\/index.php\/wp-json\/wp\/v2\/types\/product"}],"replies":[{"embeddable":true,"href":"https:\/\/abinox-chr-clim.com\/index.php\/wp-json\/wp\/v2\/comments?post=70181"}],"wp:featuredmedia":[{"embeddable":true,"href":"https:\/\/abinox-chr-clim.com\/index.php\/wp-json\/wp\/v2\/media\/101521"}],"wp:attachment":[{"href":"https:\/\/abinox-chr-clim.com\/index.php\/wp-json\/wp\/v2\/media?parent=70181"}],"wp:term":[{"taxonomy":"product_brand","embeddable":true,"href":"https:\/\/abinox-chr-clim.com\/index.php\/wp-json\/wp\/v2\/product_brand?post=70181"},{"taxonomy":"product_cat","embeddable":true,"href":"https:\/\/abinox-chr-clim.com\/index.php\/wp-json\/wp\/v2\/product_cat?post=70181"},{"taxonomy":"product_tag","embeddable":true,"href":"https:\/\/abinox-chr-clim.com\/index.php\/wp-json\/wp\/v2\/product_tag?post=70181"}],"curies":[{"name":"wp","href":"https:\/\/api.w.org\/{rel}","templated":true}]}}