{"id":70180,"date":"2024-03-22T19:25:28","date_gmt":"2024-03-22T18:25:28","guid":{"rendered":"https:\/\/abinox-chr-clim.com\/index.php\/product\/chaise-haute-en-bois-bolero-finition-bois-fonce\/"},"modified":"2026-04-14T08:47:15","modified_gmt":"2026-04-14T06:47:15","slug":"chaise-haute-en-bois-bolero-finition-bois-fonce","status":"publish","type":"product","link":"https:\/\/abinox-chr-clim.com\/index.php\/product\/chaise-haute-en-bois-bolero-finition-bois-fonce\/","title":{"rendered":"Chaise haute en bois Bolero finition bois fonc\u00e9"},"content":{"rendered":"<p>Traditionnelle, solide et robuste, la chaise enfant \u00e0 encombrement r\u00e9duit se fond dans presque tous les d\u00e9cors, ce qui la rend id\u00e9ale pour les restaurants, les caf\u00e9s, les bistros et autres \u00e9tablissements de restauration. Convient aux enfants de plus de 36 mois, pesant 15kg maximum et pouvant se tenir assis sans aide. La finition permet un nettoyage facile et rapide entre les utilisations, quel que soit le degr\u00e9 de salet\u00e9 ! A monter soi-m\u00eame.<br \/>Harnais r\u00e9glable \u00e0 la taille. Hauteur d&rsquo;assise : 500mm. Conforme \u00e0 la norme BS EN 14988:2006, parties 1 et 2. R\u00e9f\u00e9rence soumise \u00e0 une Eco-participation mobilier de 0.96\u20ac par unit\u00e9 vendue.  Colis plat &#8211; assemblage facile. R\u00e9f\u00e9rence soumise \u00e0 une Eco-participation mobilier de 0,78\u20ac par unit\u00e9 vendue. Harnais r\u00e9glable \u00e0 la taille.<\/p>\n<p>Caract\u00e9ristiques :<br \/> Dimensions : 750(H) x 510(L) x 510(P)mm.<br \/> Mati\u00e8re : Bois massif.<br \/> Couleur : Bois fonc\u00e9.<\/p>\n","protected":false},"excerpt":{"rendered":"<p>Chaise haute en bois Bolero finition bois fonc\u00e9<\/p>\n","protected":false},"featured_media":89138,"comment_status":"closed","ping_status":"closed","template":"","meta":[],"product_brand":[],"product_cat":[1214,1201,1297],"product_tag":[],"class_list":{"0":"post-70180","1":"product","2":"type-product","3":"status-publish","4":"has-post-thumbnail","6":"product_cat-chaises-hautes","7":"product_cat-mobilier","8":"product_cat-non-palettisable","9":"product_shipping_class-free-shipping","11":"first","12":"instock","13":"featured","14":"taxable","15":"shipping-taxable","16":"purchasable","17":"product-type-simple"},"_links":{"self":[{"href":"https:\/\/abinox-chr-clim.com\/index.php\/wp-json\/wp\/v2\/product\/70180","targetHints":{"allow":["GET"]}}],"collection":[{"href":"https:\/\/abinox-chr-clim.com\/index.php\/wp-json\/wp\/v2\/product"}],"about":[{"href":"https:\/\/abinox-chr-clim.com\/index.php\/wp-json\/wp\/v2\/types\/product"}],"replies":[{"embeddable":true,"href":"https:\/\/abinox-chr-clim.com\/index.php\/wp-json\/wp\/v2\/comments?post=70180"}],"wp:featuredmedia":[{"embeddable":true,"href":"https:\/\/abinox-chr-clim.com\/index.php\/wp-json\/wp\/v2\/media\/89138"}],"wp:attachment":[{"href":"https:\/\/abinox-chr-clim.com\/index.php\/wp-json\/wp\/v2\/media?parent=70180"}],"wp:term":[{"taxonomy":"product_brand","embeddable":true,"href":"https:\/\/abinox-chr-clim.com\/index.php\/wp-json\/wp\/v2\/product_brand?post=70180"},{"taxonomy":"product_cat","embeddable":true,"href":"https:\/\/abinox-chr-clim.com\/index.php\/wp-json\/wp\/v2\/product_cat?post=70180"},{"taxonomy":"product_tag","embeddable":true,"href":"https:\/\/abinox-chr-clim.com\/index.php\/wp-json\/wp\/v2\/product_tag?post=70180"}],"curies":[{"name":"wp","href":"https:\/\/api.w.org\/{rel}","templated":true}]}}