{"id":70178,"date":"2024-03-22T19:25:27","date_gmt":"2024-03-22T18:25:27","guid":{"rendered":"https:\/\/abinox-chr-clim.com\/index.php\/product\/chaise-haute-en-bois-blanche-bolero\/"},"modified":"2026-04-14T09:41:20","modified_gmt":"2026-04-14T07:41:20","slug":"chaise-haute-en-bois-blanche-bolero","status":"publish","type":"product","link":"https:\/\/abinox-chr-clim.com\/index.php\/product\/chaise-haute-en-bois-blanche-bolero\/","title":{"rendered":"Chaise haute en bois blanche Bolero"},"content":{"rendered":"<p>Traditionnelle, solide et robuste, la chaise enfant \u00e0 encombrement r\u00e9duit se fond dans presque tous les d\u00e9cors, ce qui la rend id\u00e9ale pour les restaurants, les caf\u00e9s, les bistros et autres \u00e9tablissements de restauration. Convient aux enfants de plus de 36 mois, pesant 15kg maximum et pouvant se tenir assis sans aide. La finition permet un nettoyage facile et rapide entre les utilisations, quel que soit le degr\u00e9 de salet\u00e9 ! A monter soi-m\u00eame.<br \/>Harnais r\u00e9glable \u00e0 3 points \u00e0 la taille pour un bon maintien. La base robuste emp\u00eache la chaise de basculer. Hauteur de l&rsquo;assise : 500 mm. R\u00e9f\u00e9rence soumise \u00e0 une Eco-participation mobilier de 0.99\u20ac par unit\u00e9 vendue. Emball\u00e9 \u00e0 plat pour un auto-assemblage facile. La finition blanche ajoute une touche d&rsquo;\u00e9l\u00e9gance \u00e0 la fa\u00e7ade de votre \u00e9tablissement. Construction en bois durable et p\u00e9renne. Conception nettoyable \u00e0 l&rsquo;eau pour un entretien rapide et facile. La conception ergonomique permet aux enfants de profiter confortablement de leur visite. Conforme \u00e0 la norme BS EN 14988:2006 parties 1 et 2. R\u00e9f\u00e9rence soumise \u00e0 une Eco-participation mobilier de 0,78\u20ac par unit\u00e9 vendue. Harnais r\u00e9glable \u00e0 3 points \u00e0 la taille pour un bon maintien.<\/p>\n<p>Caract\u00e9ristiques :<br \/> Dimensions : 754(H) 500(L) x 505(P)mm.<br \/> Mati\u00e8re : En h\u00eatre.<br \/> Couleur : Blanc antique.<\/p>\n","protected":false},"excerpt":{"rendered":"<p>Chaise haute en bois blanche Bolero<\/p>\n","protected":false},"featured_media":89186,"comment_status":"closed","ping_status":"closed","template":"","meta":[],"product_brand":[],"product_cat":[1214,1201,1297],"product_tag":[],"class_list":{"0":"post-70178","1":"product","2":"type-product","3":"status-publish","4":"has-post-thumbnail","6":"product_cat-chaises-hautes","7":"product_cat-mobilier","8":"product_cat-non-palettisable","9":"product_shipping_class-free-shipping","11":"first","12":"instock","13":"featured","14":"taxable","15":"shipping-taxable","16":"purchasable","17":"product-type-simple"},"_links":{"self":[{"href":"https:\/\/abinox-chr-clim.com\/index.php\/wp-json\/wp\/v2\/product\/70178","targetHints":{"allow":["GET"]}}],"collection":[{"href":"https:\/\/abinox-chr-clim.com\/index.php\/wp-json\/wp\/v2\/product"}],"about":[{"href":"https:\/\/abinox-chr-clim.com\/index.php\/wp-json\/wp\/v2\/types\/product"}],"replies":[{"embeddable":true,"href":"https:\/\/abinox-chr-clim.com\/index.php\/wp-json\/wp\/v2\/comments?post=70178"}],"wp:featuredmedia":[{"embeddable":true,"href":"https:\/\/abinox-chr-clim.com\/index.php\/wp-json\/wp\/v2\/media\/89186"}],"wp:attachment":[{"href":"https:\/\/abinox-chr-clim.com\/index.php\/wp-json\/wp\/v2\/media?parent=70178"}],"wp:term":[{"taxonomy":"product_brand","embeddable":true,"href":"https:\/\/abinox-chr-clim.com\/index.php\/wp-json\/wp\/v2\/product_brand?post=70178"},{"taxonomy":"product_cat","embeddable":true,"href":"https:\/\/abinox-chr-clim.com\/index.php\/wp-json\/wp\/v2\/product_cat?post=70178"},{"taxonomy":"product_tag","embeddable":true,"href":"https:\/\/abinox-chr-clim.com\/index.php\/wp-json\/wp\/v2\/product_tag?post=70178"}],"curies":[{"name":"wp","href":"https:\/\/api.w.org\/{rel}","templated":true}]}}