{"id":70177,"date":"2024-03-22T19:25:27","date_gmt":"2024-03-22T18:25:27","guid":{"rendered":"https:\/\/abinox-chr-clim.com\/index.php\/product\/table-a-langer-horizontale-bolero\/"},"modified":"2025-07-18T15:43:47","modified_gmt":"2025-07-18T13:43:47","slug":"table-a-langer-horizontale-bolero","status":"publish","type":"product","link":"https:\/\/abinox-chr-clim.com\/index.php\/product\/table-a-langer-horizontale-bolero\/","title":{"rendered":"Table \u00e0 langer horizontale Bolero"},"content":{"rendered":"<p>\u00c9conomisez de l&rsquo;espace avec ces tables \u00e0 langer pliantes. Les grands rebords offrent une s\u00e9curit\u00e9 suppl\u00e9mentaire. Solution gain de place id\u00e9ale. R\u00e9sistantes et faciles \u00e0 nettoyer. Deux mod\u00e8les : horizontal ou vertical.<br \/>Table \u00e0 langer horizontale pliable. Construction hygi\u00e9nique et facile \u00e0 nettoyer. Livr\u00e9e enti\u00e8rement mont\u00e9e. R\u00e9f\u00e9rence soumise \u00e0 une Eco-participation mobilier de 2.47\u20ac par unit\u00e9 vendue. Etanche. Poids autoris\u00e9 jusqu&rsquo;\u00e0 11kg. Conforme \u00e0 la norme EN12221-2013.Dimensions pli\u00e9es 840 x 550 x 120mm. Table \u00e0 langer horizontale pliable.<\/p>\n<p>Caract\u00e9ristiques :<br \/> Dimensions : 480(H) x 840(L) x 540(P) mm.<br \/> Mati\u00e8re : Plastique.<br \/> Couleur : Beige.<\/p>\n","protected":false},"excerpt":{"rendered":"<p>Table \u00e0 langer horizontale Bolero<\/p>\n","protected":false},"featured_media":87640,"comment_status":"closed","ping_status":"closed","template":"","meta":[],"product_brand":[],"product_cat":[1214,1201,1297],"product_tag":[],"class_list":{"0":"post-70177","1":"product","2":"type-product","3":"status-publish","4":"has-post-thumbnail","6":"product_cat-chaises-hautes","7":"product_cat-mobilier","8":"product_cat-non-palettisable","9":"product_shipping_class-free-shipping","11":"first","12":"outofstock","13":"featured","14":"taxable","15":"shipping-taxable","16":"purchasable","17":"product-type-simple"},"_links":{"self":[{"href":"https:\/\/abinox-chr-clim.com\/index.php\/wp-json\/wp\/v2\/product\/70177","targetHints":{"allow":["GET"]}}],"collection":[{"href":"https:\/\/abinox-chr-clim.com\/index.php\/wp-json\/wp\/v2\/product"}],"about":[{"href":"https:\/\/abinox-chr-clim.com\/index.php\/wp-json\/wp\/v2\/types\/product"}],"replies":[{"embeddable":true,"href":"https:\/\/abinox-chr-clim.com\/index.php\/wp-json\/wp\/v2\/comments?post=70177"}],"wp:featuredmedia":[{"embeddable":true,"href":"https:\/\/abinox-chr-clim.com\/index.php\/wp-json\/wp\/v2\/media\/87640"}],"wp:attachment":[{"href":"https:\/\/abinox-chr-clim.com\/index.php\/wp-json\/wp\/v2\/media?parent=70177"}],"wp:term":[{"taxonomy":"product_brand","embeddable":true,"href":"https:\/\/abinox-chr-clim.com\/index.php\/wp-json\/wp\/v2\/product_brand?post=70177"},{"taxonomy":"product_cat","embeddable":true,"href":"https:\/\/abinox-chr-clim.com\/index.php\/wp-json\/wp\/v2\/product_cat?post=70177"},{"taxonomy":"product_tag","embeddable":true,"href":"https:\/\/abinox-chr-clim.com\/index.php\/wp-json\/wp\/v2\/product_tag?post=70177"}],"curies":[{"name":"wp","href":"https:\/\/api.w.org\/{rel}","templated":true}]}}