{"id":70176,"date":"2024-03-22T19:25:27","date_gmt":"2024-03-22T18:25:27","guid":{"rendered":"https:\/\/abinox-chr-clim.com\/index.php\/product\/chaise-haute-empilable-grise-en-polypropylene-bolero\/"},"modified":"2026-04-02T09:38:45","modified_gmt":"2026-04-02T07:38:45","slug":"chaise-haute-empilable-grise-en-polypropylene-bolero","status":"publish","type":"product","link":"https:\/\/abinox-chr-clim.com\/index.php\/product\/chaise-haute-empilable-grise-en-polypropylene-bolero\/","title":{"rendered":"Chaise haute empilable grise en polypropyl\u00e8ne Bolero"},"content":{"rendered":"<p>Chaise haute confortable, s\u00fbre et facile \u00e0 nettoyer. Convient aux enfants jusqu&rsquo;\u00e0 trois ans ou 18 kg. Facilement empilable et portable.<br \/>Construction robuste en plastique, hygi\u00e9nique et facile \u00e0 nettoyer. Hauteur d&rsquo;assise : 490mm. Orifice de pr\u00e9hension pour faciliter le d\u00e9placement. R\u00e9f\u00e9rence soumise \u00e0 une Eco-participation mobilier de 1.11\u20ac par unit\u00e9 vendue. Assemblage facile. Harnais r\u00e9glable. Attention : Convient aux enfants jusqu&rsquo;\u00e0 3 ans ou 18 kg.Empilables jusqu&rsquo;\u00e0 4 maxi. Construction robuste en plastique, hygi\u00e9nique et facile \u00e0 nettoyer.<\/p>\n<p>Caract\u00e9ristiques :<br \/> Dimensions : 730(H) x 650(L) x 560(P) mm.<br \/> Mati\u00e8re : Plastique.<br \/> Couleur : Gris.<\/p>\n","protected":false},"excerpt":{"rendered":"<p>Chaise haute empilable grise en polypropyl\u00e8ne Bolero<\/p>\n","protected":false},"featured_media":103057,"comment_status":"closed","ping_status":"closed","template":"","meta":[],"product_brand":[],"product_cat":[1214,1201,1296],"product_tag":[],"class_list":{"0":"post-70176","1":"product","2":"type-product","3":"status-publish","4":"has-post-thumbnail","6":"product_cat-chaises-hautes","7":"product_cat-mobilier","8":"product_cat-palettisable","10":"first","11":"outofstock","12":"featured","13":"taxable","14":"shipping-taxable","15":"purchasable","16":"product-type-simple"},"_links":{"self":[{"href":"https:\/\/abinox-chr-clim.com\/index.php\/wp-json\/wp\/v2\/product\/70176","targetHints":{"allow":["GET"]}}],"collection":[{"href":"https:\/\/abinox-chr-clim.com\/index.php\/wp-json\/wp\/v2\/product"}],"about":[{"href":"https:\/\/abinox-chr-clim.com\/index.php\/wp-json\/wp\/v2\/types\/product"}],"replies":[{"embeddable":true,"href":"https:\/\/abinox-chr-clim.com\/index.php\/wp-json\/wp\/v2\/comments?post=70176"}],"wp:featuredmedia":[{"embeddable":true,"href":"https:\/\/abinox-chr-clim.com\/index.php\/wp-json\/wp\/v2\/media\/103057"}],"wp:attachment":[{"href":"https:\/\/abinox-chr-clim.com\/index.php\/wp-json\/wp\/v2\/media?parent=70176"}],"wp:term":[{"taxonomy":"product_brand","embeddable":true,"href":"https:\/\/abinox-chr-clim.com\/index.php\/wp-json\/wp\/v2\/product_brand?post=70176"},{"taxonomy":"product_cat","embeddable":true,"href":"https:\/\/abinox-chr-clim.com\/index.php\/wp-json\/wp\/v2\/product_cat?post=70176"},{"taxonomy":"product_tag","embeddable":true,"href":"https:\/\/abinox-chr-clim.com\/index.php\/wp-json\/wp\/v2\/product_tag?post=70176"}],"curies":[{"name":"wp","href":"https:\/\/api.w.org\/{rel}","templated":true}]}}