{"id":70168,"date":"2024-03-22T19:25:24","date_gmt":"2024-03-22T18:25:24","guid":{"rendered":"https:\/\/abinox-chr-clim.com\/index.php\/product\/poteau-d-accueil-en-acier-inoxydable-bolero-chrome-a-tete-ronde\/"},"modified":"2026-04-02T09:04:58","modified_gmt":"2026-04-02T07:04:58","slug":"poteau-d-accueil-en-acier-inoxydable-bolero-chrome-a-tete-ronde","status":"publish","type":"product","link":"https:\/\/abinox-chr-clim.com\/index.php\/product\/poteau-d-accueil-en-acier-inoxydable-bolero-chrome-a-tete-ronde\/","title":{"rendered":"Poteau d accueil en acier inoxydable Bolero chrom\u00e9 \u00e0 t\u00eate ronde"},"content":{"rendered":"<p>Poteaux \u00e9l\u00e9gants \u00e0 t\u00eate ronde pour les h\u00f4tels, les discoth\u00e8ques, les th\u00e9\u00e2tres et les restaurants. Vendus \u00e0 l&rsquo;unit\u00e9, peuvent \u00eatre utilis\u00e9s avec les cordons d&rsquo;accueil et barri\u00e8res en toile (vendus s\u00e9par\u00e9ment).<br \/>La conception en acier inoxydable assure la long\u00e9vit\u00e9 de l&rsquo;\u00e9quipement de file d&rsquo;attente. Le collier fendu permet de fixer la corde en toute s\u00e9curit\u00e9. La base lest\u00e9e en b\u00e9ton emp\u00eache les barri\u00e8res de basculer et de causer des dommages. La finition polie apporte une touche d&rsquo;\u00e9l\u00e9gance \u00e0 la fa\u00e7ade de votre \u00e9tablissement. Le sommet en forme de boule rend la barri\u00e8re id\u00e9ale pour les \u00e9tablissements haut de gamme. Convient aux barri\u00e8res Caf\u00e9 (CF137, CF138, CG222 et DL480).Les barri\u00e8res en toile Bolero sont fournies avec un deuxi\u00e8me support pour fixer la toile \u00e0 la base.La conception en acier inoxydable assure la long\u00e9vit\u00e9 de l&rsquo;\u00e9quipement de file d&rsquo;attente.<\/p>\n<p>Caract\u00e9ristiques :<br \/> Dimensions : 950(H) x 300(\u00d8) mm.<br \/> Mati\u00e8re : Acier inoxydable 201.<br \/> Couleur : Chrome.<\/p>\n","protected":false},"excerpt":{"rendered":"<p>Poteau d accueil en acier inoxydable Bolero chrom\u00e9 \u00e0 t\u00eate ronde<\/p>\n","protected":false},"featured_media":99798,"comment_status":"closed","ping_status":"closed","template":"","meta":[],"product_brand":[],"product_cat":[1213,1201,1297],"product_tag":[],"class_list":{"0":"post-70168","1":"product","2":"type-product","3":"status-publish","4":"has-post-thumbnail","6":"product_cat-barrieres-et-poteaux-daccueil","7":"product_cat-mobilier","8":"product_cat-non-palettisable","9":"product_shipping_class-free-shipping","11":"first","12":"instock","13":"featured","14":"taxable","15":"shipping-taxable","16":"purchasable","17":"product-type-simple"},"_links":{"self":[{"href":"https:\/\/abinox-chr-clim.com\/index.php\/wp-json\/wp\/v2\/product\/70168","targetHints":{"allow":["GET"]}}],"collection":[{"href":"https:\/\/abinox-chr-clim.com\/index.php\/wp-json\/wp\/v2\/product"}],"about":[{"href":"https:\/\/abinox-chr-clim.com\/index.php\/wp-json\/wp\/v2\/types\/product"}],"replies":[{"embeddable":true,"href":"https:\/\/abinox-chr-clim.com\/index.php\/wp-json\/wp\/v2\/comments?post=70168"}],"wp:featuredmedia":[{"embeddable":true,"href":"https:\/\/abinox-chr-clim.com\/index.php\/wp-json\/wp\/v2\/media\/99798"}],"wp:attachment":[{"href":"https:\/\/abinox-chr-clim.com\/index.php\/wp-json\/wp\/v2\/media?parent=70168"}],"wp:term":[{"taxonomy":"product_brand","embeddable":true,"href":"https:\/\/abinox-chr-clim.com\/index.php\/wp-json\/wp\/v2\/product_brand?post=70168"},{"taxonomy":"product_cat","embeddable":true,"href":"https:\/\/abinox-chr-clim.com\/index.php\/wp-json\/wp\/v2\/product_cat?post=70168"},{"taxonomy":"product_tag","embeddable":true,"href":"https:\/\/abinox-chr-clim.com\/index.php\/wp-json\/wp\/v2\/product_tag?post=70168"}],"curies":[{"name":"wp","href":"https:\/\/api.w.org\/{rel}","templated":true}]}}