{"id":70166,"date":"2024-03-22T19:25:24","date_gmt":"2024-03-22T18:25:24","guid":{"rendered":"https:\/\/abinox-chr-clim.com\/index.php\/product\/cordon-d-accueil-noir-bolero-25m\/"},"modified":"2026-04-11T09:54:05","modified_gmt":"2026-04-11T07:54:05","slug":"cordon-d-accueil-noir-bolero-25m","status":"publish","type":"product","link":"https:\/\/abinox-chr-clim.com\/index.php\/product\/cordon-d-accueil-noir-bolero-25m\/","title":{"rendered":"Cordon d accueil noir Bolero 2,5m"},"content":{"rendered":"<p>Cordons d&rsquo;accueil doux d&rsquo;une longueur de 1,5 m avec extr\u00e9mit\u00e9s bomb\u00e9es en inox et alliage de zinc, ou en laiton. Se fixent sur des accroches murales ou des poteaux. Mod\u00e8les lisses ou torsad\u00e9s.<br \/>Extr\u00eamit\u00e9s arrondies en alliage de zinc. Cordon en fibre de polyester textur\u00e9e douce. Les extr\u00e9mit\u00e9s se fixent au mur ou \u00e0 un poteau. Id\u00e9al pour les clubs, bars et restaurants. Augmente la s\u00e9curit\u00e9.  Extr\u00eamit\u00e9s arrondies en alliage de zinc.<\/p>\n<p>Caract\u00e9ristiques :<br \/> Dimensions : 2500(L) x 32(\u00d8) mm.<br \/> Mati\u00e8re : Inox et corde.<br \/> Couleur : Noir.<\/p>\n","protected":false},"excerpt":{"rendered":"<p>Cordon d accueil noir Bolero 2,5m<\/p>\n","protected":false},"featured_media":103274,"comment_status":"closed","ping_status":"closed","template":"","meta":[],"product_brand":[],"product_cat":[1213,1201,1297],"product_tag":[],"class_list":{"0":"post-70166","1":"product","2":"type-product","3":"status-publish","4":"has-post-thumbnail","6":"product_cat-barrieres-et-poteaux-daccueil","7":"product_cat-mobilier","8":"product_cat-non-palettisable","9":"product_shipping_class-free-shipping","11":"first","12":"instock","13":"featured","14":"taxable","15":"shipping-taxable","16":"purchasable","17":"product-type-simple"},"_links":{"self":[{"href":"https:\/\/abinox-chr-clim.com\/index.php\/wp-json\/wp\/v2\/product\/70166","targetHints":{"allow":["GET"]}}],"collection":[{"href":"https:\/\/abinox-chr-clim.com\/index.php\/wp-json\/wp\/v2\/product"}],"about":[{"href":"https:\/\/abinox-chr-clim.com\/index.php\/wp-json\/wp\/v2\/types\/product"}],"replies":[{"embeddable":true,"href":"https:\/\/abinox-chr-clim.com\/index.php\/wp-json\/wp\/v2\/comments?post=70166"}],"wp:featuredmedia":[{"embeddable":true,"href":"https:\/\/abinox-chr-clim.com\/index.php\/wp-json\/wp\/v2\/media\/103274"}],"wp:attachment":[{"href":"https:\/\/abinox-chr-clim.com\/index.php\/wp-json\/wp\/v2\/media?parent=70166"}],"wp:term":[{"taxonomy":"product_brand","embeddable":true,"href":"https:\/\/abinox-chr-clim.com\/index.php\/wp-json\/wp\/v2\/product_brand?post=70166"},{"taxonomy":"product_cat","embeddable":true,"href":"https:\/\/abinox-chr-clim.com\/index.php\/wp-json\/wp\/v2\/product_cat?post=70166"},{"taxonomy":"product_tag","embeddable":true,"href":"https:\/\/abinox-chr-clim.com\/index.php\/wp-json\/wp\/v2\/product_tag?post=70166"}],"curies":[{"name":"wp","href":"https:\/\/api.w.org\/{rel}","templated":true}]}}