{"id":70165,"date":"2024-03-22T19:25:23","date_gmt":"2024-03-22T18:25:23","guid":{"rendered":"https:\/\/abinox-chr-clim.com\/index.php\/product\/barriere-retractable-a-sangle-bolero-noire-3m\/"},"modified":"2026-04-02T09:53:54","modified_gmt":"2026-04-02T07:53:54","slug":"barriere-retractable-a-sangle-bolero-noire-3m","status":"publish","type":"product","link":"https:\/\/abinox-chr-clim.com\/index.php\/product\/barriere-retractable-a-sangle-bolero-noire-3m\/","title":{"rendered":"Barri\u00e8re r\u00e9tractable \u00e0 sangle Bolero noire 3m"},"content":{"rendered":"<p>Barri\u00e8re pratique et esth\u00e9tique (2 m\u00e8tres maximum) avec poteau lest\u00e9 pour un positionnement s\u00e9curis\u00e9. Parfait pour une utilisation dans les h\u00f4tels, les discoth\u00e8ques et les a\u00e9roports. Chaque barri\u00e8re comprend un poteau et une sangle.<br \/>Base 350(\u00d8)mm. La sangle s&rsquo;\u00e9tend sur 3 m\u00e8tres. Base lest\u00e9e de 8kg pour stabiliser la barri\u00e8re. Base lest\u00e9e de 8kg. Base 350(\u00d8)mm.<\/p>\n<p>Caract\u00e9ristiques :<br \/> Dimensions : 965(H) x 345(\u00d8) mm.<br \/> Mati\u00e8re : Inox.<br \/> Couleur : Noir.<\/p>\n","protected":false},"excerpt":{"rendered":"<p>Barri\u00e8re r\u00e9tractable \u00e0 sangle Bolero noire 3m<\/p>\n","protected":false},"featured_media":101165,"comment_status":"closed","ping_status":"closed","template":"","meta":[],"product_brand":[],"product_cat":[1213,1201,1297],"product_tag":[],"class_list":{"0":"post-70165","1":"product","2":"type-product","3":"status-publish","4":"has-post-thumbnail","6":"product_cat-barrieres-et-poteaux-daccueil","7":"product_cat-mobilier","8":"product_cat-non-palettisable","9":"product_shipping_class-free-shipping","11":"first","12":"instock","13":"featured","14":"taxable","15":"shipping-taxable","16":"purchasable","17":"product-type-simple"},"_links":{"self":[{"href":"https:\/\/abinox-chr-clim.com\/index.php\/wp-json\/wp\/v2\/product\/70165","targetHints":{"allow":["GET"]}}],"collection":[{"href":"https:\/\/abinox-chr-clim.com\/index.php\/wp-json\/wp\/v2\/product"}],"about":[{"href":"https:\/\/abinox-chr-clim.com\/index.php\/wp-json\/wp\/v2\/types\/product"}],"replies":[{"embeddable":true,"href":"https:\/\/abinox-chr-clim.com\/index.php\/wp-json\/wp\/v2\/comments?post=70165"}],"wp:featuredmedia":[{"embeddable":true,"href":"https:\/\/abinox-chr-clim.com\/index.php\/wp-json\/wp\/v2\/media\/101165"}],"wp:attachment":[{"href":"https:\/\/abinox-chr-clim.com\/index.php\/wp-json\/wp\/v2\/media?parent=70165"}],"wp:term":[{"taxonomy":"product_brand","embeddable":true,"href":"https:\/\/abinox-chr-clim.com\/index.php\/wp-json\/wp\/v2\/product_brand?post=70165"},{"taxonomy":"product_cat","embeddable":true,"href":"https:\/\/abinox-chr-clim.com\/index.php\/wp-json\/wp\/v2\/product_cat?post=70165"},{"taxonomy":"product_tag","embeddable":true,"href":"https:\/\/abinox-chr-clim.com\/index.php\/wp-json\/wp\/v2\/product_tag?post=70165"}],"curies":[{"name":"wp","href":"https:\/\/api.w.org\/{rel}","templated":true}]}}