{"id":70162,"date":"2024-03-22T19:25:23","date_gmt":"2024-03-22T18:25:23","guid":{"rendered":"https:\/\/abinox-chr-clim.com\/index.php\/product\/ecran-de-protection-de-comptoir-chene-clair-canteen-style-bolero-860-x-1250mm\/"},"modified":"2026-04-02T09:49:42","modified_gmt":"2026-04-02T07:49:42","slug":"ecran-de-protection-de-comptoir-chene-clair-canteen-style-bolero-860-x-1250mm","status":"publish","type":"product","link":"https:\/\/abinox-chr-clim.com\/index.php\/product\/ecran-de-protection-de-comptoir-chene-clair-canteen-style-bolero-860-x-1250mm\/","title":{"rendered":"Ecran de protection de comptoir ch\u00eane clair Canteen-Style Bolero 860 x 1250mm"},"content":{"rendered":"<p>Convient pour appliquer des mesures de distanciation sociale. Aide \u00e0 prot\u00e9ger le personnel et les clients des projections \u00e9mises par la toux ou les \u00e9ternuements. Avec trappe de passage en partie basse. Le design \u00e9pur\u00e9 et moderne mettra en valeur vos int\u00e9rieurs. La mati\u00e8re plastique rend cet \u00e9cran solide et facile \u00e0 nettoyer. Le mat\u00e9riau transparent offre une grande visibilit\u00e9. L&rsquo;\u00e9cran est autoportant. L&rsquo;\u00e9cran peut \u00eatre facilement d\u00e9plac\u00e9 \u00e0 diff\u00e9rents endroits. Cet \u00e9cran ne n\u00e9cessite aucun outil. Id\u00e9al pour une utilisation dans la vente au d\u00e9tail, les lieux d&rsquo;accueil, les bureaux et les comptoirs de service. Convient pour appliquer des mesures de distanciation sociale.<\/p>\n<p>Caract\u00e9ristiques :<br \/> Dimensions : 860(H) x 1250(L) x 300(P) mm.<br \/> Mati\u00e8re : Polym\u00e8re.<br \/> Couleur : Transparent.<\/p>\n","protected":false},"excerpt":{"rendered":"<p>Ecran de protection de comptoir ch\u00eane clair Canteen-Style Bolero 860 x 1250mm<\/p>\n","protected":false},"featured_media":100793,"comment_status":"closed","ping_status":"closed","template":"","meta":[],"product_brand":[],"product_cat":[1213,1201,1297],"product_tag":[],"class_list":{"0":"post-70162","1":"product","2":"type-product","3":"status-publish","4":"has-post-thumbnail","6":"product_cat-barrieres-et-poteaux-daccueil","7":"product_cat-mobilier","8":"product_cat-non-palettisable","9":"product_shipping_class-free-shipping","11":"first","12":"outofstock","13":"featured","14":"taxable","15":"shipping-taxable","16":"purchasable","17":"product-type-simple"},"_links":{"self":[{"href":"https:\/\/abinox-chr-clim.com\/index.php\/wp-json\/wp\/v2\/product\/70162","targetHints":{"allow":["GET"]}}],"collection":[{"href":"https:\/\/abinox-chr-clim.com\/index.php\/wp-json\/wp\/v2\/product"}],"about":[{"href":"https:\/\/abinox-chr-clim.com\/index.php\/wp-json\/wp\/v2\/types\/product"}],"replies":[{"embeddable":true,"href":"https:\/\/abinox-chr-clim.com\/index.php\/wp-json\/wp\/v2\/comments?post=70162"}],"wp:featuredmedia":[{"embeddable":true,"href":"https:\/\/abinox-chr-clim.com\/index.php\/wp-json\/wp\/v2\/media\/100793"}],"wp:attachment":[{"href":"https:\/\/abinox-chr-clim.com\/index.php\/wp-json\/wp\/v2\/media?parent=70162"}],"wp:term":[{"taxonomy":"product_brand","embeddable":true,"href":"https:\/\/abinox-chr-clim.com\/index.php\/wp-json\/wp\/v2\/product_brand?post=70162"},{"taxonomy":"product_cat","embeddable":true,"href":"https:\/\/abinox-chr-clim.com\/index.php\/wp-json\/wp\/v2\/product_cat?post=70162"},{"taxonomy":"product_tag","embeddable":true,"href":"https:\/\/abinox-chr-clim.com\/index.php\/wp-json\/wp\/v2\/product_tag?post=70162"}],"curies":[{"name":"wp","href":"https:\/\/api.w.org\/{rel}","templated":true}]}}